{"id":324652,"date":"2000-05-05T11:53:21","date_gmt":"2000-05-05T09:53:21","guid":{"rendered":"https:\/\/mnxsportswear.com\/?post_type=product&#038;p=324652"},"modified":"2026-03-01T18:36:42","modified_gmt":"2026-03-01T17:36:42","slug":"mnx-herrenhose-golden-era-rot","status":"publish","type":"product","link":"https:\/\/mnxsportswear.com\/de\/product\/mnx-herrenhose-golden-era-rot\/","title":{"rendered":"MNX Herrenhose Golden Era, rot"},"content":{"rendered":"<p><strong>MNX Golden Era stylische Hose.<\/strong><\/p>\n<ul>\n<li>Aus weicher und leichter Baumwolle,<\/li>\n<li>klassische Taschen auf beiden Seiten,<\/li>\n<li>elastischer Bund mit verstellbarem Kordelzug,<\/li>\n<li>einzigartiges Design und Details.<\/li>\n<\/ul>\n<p><strong>Material:<\/strong> 100 % Baumwolle (5 % Schrumpfung)<br \/>\n<strong>Farbe:<\/strong> wie abgebildet<br \/>\n<strong>Stil:<\/strong> oversized<br \/>\n<strong>Gewicht<\/strong> ca. 370 Gramm<br \/>\n<strong>Gr\u00f6\u00dfen:<\/strong> S\/M, L\/XL, XXL\/3XL<\/p>\n<p><em>Das Model auf dem Foto (178 cm \/ 120 kg) tr\u00e4gt Gr\u00f6\u00dfe<\/em><strong><em> L\/XL.<\/em><\/strong><\/p>\n","protected":false},"excerpt":{"rendered":"<p>Peppen Sie Ihre Garderobe mit dieser <em>Golden Era<\/em> Venice Beach Hose auf und ehren Sie die goldene \u00c4ra des Bodybuildings. Mit <strong>stylischem Karomuster<\/strong>, <strong>lockerer Passform<\/strong>, <strong>Seitentaschen<\/strong>, <strong>elastischem Bund und leichtem Baumwollstoff<\/strong>. Erh\u00e4ltlich in mehreren Farben.<\/p>\n","protected":false},"featured_media":329411,"comment_status":"open","ping_status":"closed","template":"","meta":[],"product_brand":[],"product_cat":[3157,2405,2430,3078],"product_tag":[],"class_list":{"0":"post-324652","1":"product","2":"type-product","3":"status-publish","4":"has-post-thumbnail","6":"product_cat-golden-era-de","7":"product_cat-herren","8":"product_cat-hosen","9":"product_cat-lockere-passform","10":"yith_product_brand-golden-era-de","12":"first","13":"outofstock","14":"taxable","15":"shipping-taxable","16":"purchasable","17":"product-type-variable"},"exclude_global_add_ons":[],"addons":[],"_links":{"self":[{"href":"https:\/\/mnxsportswear.com\/de\/wp-json\/wp\/v2\/product\/324652","targetHints":{"allow":["GET"]}}],"collection":[{"href":"https:\/\/mnxsportswear.com\/de\/wp-json\/wp\/v2\/product"}],"about":[{"href":"https:\/\/mnxsportswear.com\/de\/wp-json\/wp\/v2\/types\/product"}],"replies":[{"embeddable":true,"href":"https:\/\/mnxsportswear.com\/de\/wp-json\/wp\/v2\/comments?post=324652"}],"version-history":[{"count":1,"href":"https:\/\/mnxsportswear.com\/de\/wp-json\/wp\/v2\/product\/324652\/revisions"}],"predecessor-version":[{"id":407203,"href":"https:\/\/mnxsportswear.com\/de\/wp-json\/wp\/v2\/product\/324652\/revisions\/407203"}],"wp:featuredmedia":[{"embeddable":true,"href":"https:\/\/mnxsportswear.com\/de\/wp-json\/wp\/v2\/media\/329411"}],"wp:attachment":[{"href":"https:\/\/mnxsportswear.com\/de\/wp-json\/wp\/v2\/media?parent=324652"}],"wp:term":[{"taxonomy":"product_brand","embeddable":true,"href":"https:\/\/mnxsportswear.com\/de\/wp-json\/wp\/v2\/product_brand?post=324652"},{"taxonomy":"product_cat","embeddable":true,"href":"https:\/\/mnxsportswear.com\/de\/wp-json\/wp\/v2\/product_cat?post=324652"},{"taxonomy":"product_tag","embeddable":true,"href":"https:\/\/mnxsportswear.com\/de\/wp-json\/wp\/v2\/product_tag?post=324652"}],"curies":[{"name":"wp","href":"https:\/\/api.w.org\/{rel}","templated":true}]}}