{"id":324718,"date":"2020-05-05T12:07:13","date_gmt":"2020-05-05T10:07:13","guid":{"rendered":"https:\/\/mnxsportswear.com\/?post_type=product&#038;p=324718"},"modified":"2026-03-01T18:29:26","modified_gmt":"2026-03-01T17:29:26","slug":"mnx-flanellhemd-golden-era-blau","status":"publish","type":"product","link":"https:\/\/mnxsportswear.com\/de\/product\/mnx-flanellhemd-golden-era-blau\/","title":{"rendered":"MNX Flanellhemd Golden Era, blau"},"content":{"rendered":"<p><strong>MNX Golden Era stylisches Flanellhemd.<\/strong><\/p>\n<ul>\n<li>Aus weicher und leichter Baumwolle,<\/li>\n<li>quadratisches klassisches Muster,<\/li>\n<li>gem\u00fctliche normale Passform,<\/li>\n<li>einzigartiges Design und Details.<\/li>\n<\/ul>\n<p><strong>Material:<\/strong> 100 % Baumwolle (5 % Schrumpfung)<br \/>\n<strong>Farbe:<\/strong> wie abgebildet<br \/>\n<strong>Gewicht<\/strong> ca. 340 Gramm<br \/>\n<strong>Stil\/Modell:<\/strong> \u00fcbergro\u00df<br \/>\n<strong>Gr\u00f6\u00dfen:<\/strong> S\/M, L\/XL, XXL\/3XL<\/p>\n<p><em>Model auf dem Foto (178 cm, 120 kg) tr\u00e4gt Gr\u00f6\u00dfe<strong> XXL\/3XL.<\/strong><\/em><\/p>\n","protected":false},"excerpt":{"rendered":"<p>Peppen Sie Ihre Garderobe mit diesem Golden Era Venice Beach Hemd auf, das die goldene \u00c4ra des Bodybuildings ehrt. Kn\u00f6pfen Sie es hoch oder runter und stylen Sie es, wie Sie m\u00f6chten. Mit originellem quadratischem Muster, lockerer Passform, kurzen \u00c4rmeln und leichtem Baumwollstoff. Erh\u00e4ltlich in mehreren Farben.<\/p>\n","protected":false},"featured_media":337839,"comment_status":"open","ping_status":"closed","template":"","meta":[],"product_brand":[],"product_cat":[3157,2405,2420,3057],"product_tag":[],"class_list":{"0":"post-324718","1":"product","2":"type-product","3":"status-publish","4":"has-post-thumbnail","6":"product_cat-golden-era-de","7":"product_cat-herren","8":"product_cat-trikots","9":"product_cat-ueberdimensioniert","10":"yith_product_brand-golden-era-de","12":"first","13":"outofstock","14":"featured","15":"taxable","16":"shipping-taxable","17":"purchasable","18":"product-type-variable"},"exclude_global_add_ons":[],"addons":[],"_links":{"self":[{"href":"https:\/\/mnxsportswear.com\/de\/wp-json\/wp\/v2\/product\/324718","targetHints":{"allow":["GET"]}}],"collection":[{"href":"https:\/\/mnxsportswear.com\/de\/wp-json\/wp\/v2\/product"}],"about":[{"href":"https:\/\/mnxsportswear.com\/de\/wp-json\/wp\/v2\/types\/product"}],"replies":[{"embeddable":true,"href":"https:\/\/mnxsportswear.com\/de\/wp-json\/wp\/v2\/comments?post=324718"}],"version-history":[{"count":1,"href":"https:\/\/mnxsportswear.com\/de\/wp-json\/wp\/v2\/product\/324718\/revisions"}],"predecessor-version":[{"id":407196,"href":"https:\/\/mnxsportswear.com\/de\/wp-json\/wp\/v2\/product\/324718\/revisions\/407196"}],"wp:featuredmedia":[{"embeddable":true,"href":"https:\/\/mnxsportswear.com\/de\/wp-json\/wp\/v2\/media\/337839"}],"wp:attachment":[{"href":"https:\/\/mnxsportswear.com\/de\/wp-json\/wp\/v2\/media?parent=324718"}],"wp:term":[{"taxonomy":"product_brand","embeddable":true,"href":"https:\/\/mnxsportswear.com\/de\/wp-json\/wp\/v2\/product_brand?post=324718"},{"taxonomy":"product_cat","embeddable":true,"href":"https:\/\/mnxsportswear.com\/de\/wp-json\/wp\/v2\/product_cat?post=324718"},{"taxonomy":"product_tag","embeddable":true,"href":"https:\/\/mnxsportswear.com\/de\/wp-json\/wp\/v2\/product_tag?post=324718"}],"curies":[{"name":"wp","href":"https:\/\/api.w.org\/{rel}","templated":true}]}}