{"id":332684,"date":"2023-06-29T11:18:59","date_gmt":"2023-06-29T09:18:59","guid":{"rendered":"https:\/\/beta.mnxsportswear.com\/?post_type=product&#038;p=332684"},"modified":"2026-03-01T18:30:48","modified_gmt":"2026-03-01T17:30:48","slug":"mnx-stringer-tanktop-3-0-light-green","status":"publish","type":"product","link":"https:\/\/mnxsportswear.com\/de\/product\/mnx-stringer-tanktop-3-0-light-green\/","title":{"rendered":"MNX Stringer-Tanktop 3.0, licht verde"},"content":{"rendered":"<p>MNX Klassisches Stringer-Tanktop<\/p>\n<ul>\n<li>aus weicher Stoffmischung f\u00fcr maximalen Komfort,<\/li>\n<li>mit seitlichen atmungsaktiven Mesh-Eins\u00e4tzen,<\/li>\n<li>mit minimalistischem Branding,<\/li>\n<li>normale Passform und mit abgerundetem Saum.<\/li>\n<\/ul>\n<p><strong>Material:<\/strong> 85 % Polyester, 15 % Elasthan<br \/>\n<strong>Farbe:<\/strong> wie abgebildet<br \/>\n<strong>Stil:<\/strong> klassisch<br \/>\n<strong>Gewicht<\/strong> ca. 180 Gramm<br \/>\n<strong>Gr\u00f6\u00dfen:<\/strong> S\/M, L\/XL, XXL\/3XL, 4XL\/5XL<\/p>\n<p>Das Model auf dem Foto (178 cm, 84 kg) tr\u00e4gt Gr\u00f6\u00dfe M.<\/p>\n","protected":false},"excerpt":{"rendered":"<p>Ein Must-have f\u00fcr den Alltag mit Stringer-Tanktop in frischen Farben. Aus Baumwolle mit seitlichen Mesh-Abschnitten f\u00fcr bessere Bel\u00fcftung. Mit minimalistischem MNX-Branding, normaler Passform und abgerundetem Saum. Erh\u00e4ltlich in mehreren Farben.<\/p>\n<p><span class=\"HwtZe\" lang=\"de\">\u00a0<\/span><\/p>\n","protected":false},"featured_media":337499,"comment_status":"open","ping_status":"closed","template":"","meta":[],"product_brand":[],"product_cat":[2405,3097,2421],"product_tag":[],"class_list":{"0":"post-332684","1":"product","2":"type-product","3":"status-publish","4":"has-post-thumbnail","6":"product_cat-herren","7":"product_cat-stringer-de","8":"product_cat-tanks-de","10":"first","11":"instock","12":"taxable","13":"shipping-taxable","14":"purchasable","15":"product-type-variable"},"exclude_global_add_ons":[],"addons":[],"_links":{"self":[{"href":"https:\/\/mnxsportswear.com\/de\/wp-json\/wp\/v2\/product\/332684","targetHints":{"allow":["GET"]}}],"collection":[{"href":"https:\/\/mnxsportswear.com\/de\/wp-json\/wp\/v2\/product"}],"about":[{"href":"https:\/\/mnxsportswear.com\/de\/wp-json\/wp\/v2\/types\/product"}],"replies":[{"embeddable":true,"href":"https:\/\/mnxsportswear.com\/de\/wp-json\/wp\/v2\/comments?post=332684"}],"version-history":[{"count":0,"href":"https:\/\/mnxsportswear.com\/de\/wp-json\/wp\/v2\/product\/332684\/revisions"}],"wp:featuredmedia":[{"embeddable":true,"href":"https:\/\/mnxsportswear.com\/de\/wp-json\/wp\/v2\/media\/337499"}],"wp:attachment":[{"href":"https:\/\/mnxsportswear.com\/de\/wp-json\/wp\/v2\/media?parent=332684"}],"wp:term":[{"taxonomy":"product_brand","embeddable":true,"href":"https:\/\/mnxsportswear.com\/de\/wp-json\/wp\/v2\/product_brand?post=332684"},{"taxonomy":"product_cat","embeddable":true,"href":"https:\/\/mnxsportswear.com\/de\/wp-json\/wp\/v2\/product_cat?post=332684"},{"taxonomy":"product_tag","embeddable":true,"href":"https:\/\/mnxsportswear.com\/de\/wp-json\/wp\/v2\/product_tag?post=332684"}],"curies":[{"name":"wp","href":"https:\/\/api.w.org\/{rel}","templated":true}]}}