{"id":332809,"date":"2023-06-29T13:23:58","date_gmt":"2023-06-29T11:23:58","guid":{"rendered":"https:\/\/beta.mnxsportswear.com\/?post_type=product&#038;p=332809"},"modified":"2026-03-01T18:30:47","modified_gmt":"2026-03-01T17:30:47","slug":"mnx-stringer-tanktop-miami","status":"publish","type":"product","link":"https:\/\/mnxsportswear.com\/de\/product\/mnx-stringer-tanktop-miami\/","title":{"rendered":"MNX Stringer-Tanktop Miami"},"content":{"rendered":"<p>MNX Stringer Tanktop Miami<\/p>\n<ul>\n<li>aus Mesh-Gewebe auf der R\u00fcckseite,<\/li>\n<li>mit originalem MNX-Grafikdruck,<\/li>\n<li>normale Passform und mit abgerundetem Saum.<\/li>\n<\/ul>\n<p><strong>Material:<\/strong> 100 % Polyester<br \/>\n<strong>Farbe:<\/strong> wie abgebildet<br \/>\n<strong>Stil:<\/strong> klassisch<br \/>\n<strong>Gewicht<\/strong> ca. 160 Gramm<br \/>\n<strong>Gr\u00f6\u00dfen:<\/strong> S\/M, L\/XL, XXL\/3XL, 4XL\/5XL<\/p>\n<p>Das Model auf dem Foto (178 cm, 84 kg) tr\u00e4gt Gr\u00f6\u00dfe M.<\/p>\n","protected":false},"excerpt":{"rendered":"<p><span class=\"HwtZe\" lang=\"de\">Starten Sie mit Volldampf in den Sommer mit diesem fantastischen Stringer-Tanktop mit einem durchgehenden, von <em>Miami<\/em> inspirierten Grafikdruck. Die R\u00fcckseite des Tanktops besteht aus atmungsaktivem Mesh-Gewebe. Mit abgerundetem Saum und tiefen Arml\u00f6chern<br \/>\n<\/span><\/p>\n","protected":false},"featured_media":337433,"comment_status":"open","ping_status":"closed","template":"","meta":[],"product_brand":[],"product_cat":[2405,3097,2421],"product_tag":[],"class_list":{"0":"post-332809","1":"product","2":"type-product","3":"status-publish","4":"has-post-thumbnail","6":"product_cat-herren","7":"product_cat-stringer-de","8":"product_cat-tanks-de","10":"first","11":"instock","12":"sale","13":"taxable","14":"shipping-taxable","15":"purchasable","16":"product-type-variable"},"exclude_global_add_ons":[],"addons":[],"_links":{"self":[{"href":"https:\/\/mnxsportswear.com\/de\/wp-json\/wp\/v2\/product\/332809","targetHints":{"allow":["GET"]}}],"collection":[{"href":"https:\/\/mnxsportswear.com\/de\/wp-json\/wp\/v2\/product"}],"about":[{"href":"https:\/\/mnxsportswear.com\/de\/wp-json\/wp\/v2\/types\/product"}],"replies":[{"embeddable":true,"href":"https:\/\/mnxsportswear.com\/de\/wp-json\/wp\/v2\/comments?post=332809"}],"version-history":[{"count":0,"href":"https:\/\/mnxsportswear.com\/de\/wp-json\/wp\/v2\/product\/332809\/revisions"}],"wp:featuredmedia":[{"embeddable":true,"href":"https:\/\/mnxsportswear.com\/de\/wp-json\/wp\/v2\/media\/337433"}],"wp:attachment":[{"href":"https:\/\/mnxsportswear.com\/de\/wp-json\/wp\/v2\/media?parent=332809"}],"wp:term":[{"taxonomy":"product_brand","embeddable":true,"href":"https:\/\/mnxsportswear.com\/de\/wp-json\/wp\/v2\/product_brand?post=332809"},{"taxonomy":"product_cat","embeddable":true,"href":"https:\/\/mnxsportswear.com\/de\/wp-json\/wp\/v2\/product_cat?post=332809"},{"taxonomy":"product_tag","embeddable":true,"href":"https:\/\/mnxsportswear.com\/de\/wp-json\/wp\/v2\/product_tag?post=332809"}],"curies":[{"name":"wp","href":"https:\/\/api.w.org\/{rel}","templated":true}]}}