{"id":332938,"date":"2023-06-29T14:27:34","date_gmt":"2023-06-29T12:27:34","guid":{"rendered":"https:\/\/beta.mnxsportswear.com\/?post_type=product&#038;p=332938"},"modified":"2026-03-01T18:30:47","modified_gmt":"2026-03-01T17:30:47","slug":"mnx-extra-t-shirt-industrial-black","status":"publish","type":"product","link":"https:\/\/mnxsportswear.com\/de\/product\/mnx-extra-t-shirt-industrial-black\/","title":{"rendered":"MNX Extra T-shirt Industrial, black"},"content":{"rendered":"<p>Extra gro\u00dfes MNX-T-Shirt f\u00fcr Herren.<\/p>\n<ul>\n<li>\u00fcbergro\u00df,<\/li>\n<li>weicher Stoff (Baumwolle),<\/li>\n<li>verwaschener Look,<\/li>\n<li>gestickte Logos.<\/li>\n<\/ul>\n<p><strong>Material:<\/strong> 100 % Baumwolle<br \/>\n<strong>Farbe:<\/strong> wie abgebildet<br \/>\n<strong>Stil:<\/strong> \u00fcbergro\u00dfes T-Shirt<br \/>\n<strong>Gewicht<\/strong> ca. 370 Gramm<br \/>\n<strong>Gr\u00f6\u00dfen:<\/strong> S\/M, L\/XL, 2XL\/3XL<\/p>\n<p>Das Model auf dem Foto (178 cm, 84 kg) tr\u00e4gt Gr\u00f6\u00dfe S\/M.<\/p>\n","protected":false},"excerpt":{"rendered":"<p>Dieses extra gro\u00dfe T-Shirt Industrial ist ein perfektes Kleidungsst\u00fcck f\u00fcr den Alltag und bietet zus\u00e4tzlichen Komfort. Mit <strong>ausgewaschenem Look<\/strong>,<strong> zerrissenem Design<\/strong> und <strong>gestickten Logos<\/strong>. Der weiche Stoff aus <strong>100 % Baumwolle<\/strong> ist super bequem.<\/p>\n","protected":false},"featured_media":333205,"comment_status":"open","ping_status":"closed","template":"","meta":[],"product_brand":[],"product_cat":[3154,2405,3163,2420,3057],"product_tag":[],"class_list":{"0":"post-332938","1":"product","2":"type-product","3":"status-publish","4":"has-post-thumbnail","6":"product_cat-extra-de","7":"product_cat-herren","8":"product_cat-industrial-2-0-de","9":"product_cat-trikots","10":"product_cat-ueberdimensioniert","11":"yith_product_brand-industrial-2-0-de","13":"first","14":"instock","15":"taxable","16":"shipping-taxable","17":"purchasable","18":"product-type-variable"},"exclude_global_add_ons":[],"addons":[],"_links":{"self":[{"href":"https:\/\/mnxsportswear.com\/de\/wp-json\/wp\/v2\/product\/332938","targetHints":{"allow":["GET"]}}],"collection":[{"href":"https:\/\/mnxsportswear.com\/de\/wp-json\/wp\/v2\/product"}],"about":[{"href":"https:\/\/mnxsportswear.com\/de\/wp-json\/wp\/v2\/types\/product"}],"replies":[{"embeddable":true,"href":"https:\/\/mnxsportswear.com\/de\/wp-json\/wp\/v2\/comments?post=332938"}],"version-history":[{"count":1,"href":"https:\/\/mnxsportswear.com\/de\/wp-json\/wp\/v2\/product\/332938\/revisions"}],"predecessor-version":[{"id":407165,"href":"https:\/\/mnxsportswear.com\/de\/wp-json\/wp\/v2\/product\/332938\/revisions\/407165"}],"wp:featuredmedia":[{"embeddable":true,"href":"https:\/\/mnxsportswear.com\/de\/wp-json\/wp\/v2\/media\/333205"}],"wp:attachment":[{"href":"https:\/\/mnxsportswear.com\/de\/wp-json\/wp\/v2\/media?parent=332938"}],"wp:term":[{"taxonomy":"product_brand","embeddable":true,"href":"https:\/\/mnxsportswear.com\/de\/wp-json\/wp\/v2\/product_brand?post=332938"},{"taxonomy":"product_cat","embeddable":true,"href":"https:\/\/mnxsportswear.com\/de\/wp-json\/wp\/v2\/product_cat?post=332938"},{"taxonomy":"product_tag","embeddable":true,"href":"https:\/\/mnxsportswear.com\/de\/wp-json\/wp\/v2\/product_tag?post=332938"}],"curies":[{"name":"wp","href":"https:\/\/api.w.org\/{rel}","templated":true}]}}