{"id":333124,"date":"2023-06-29T10:48:48","date_gmt":"2023-06-29T08:48:48","guid":{"rendered":"https:\/\/beta.mnxsportswear.com\/product\/mnx-double-layer-shorts-khaki\/"},"modified":"2026-03-01T18:30:48","modified_gmt":"2026-03-01T17:30:48","slug":"mnx-double-layer-shorts-khaki","status":"publish","type":"product","link":"https:\/\/mnxsportswear.com\/de\/product\/mnx-double-layer-shorts-khaki\/","title":{"rendered":"MNX Double layer shorts, khaki"},"content":{"rendered":"<p>MNX-Doppelschicht-Shorts.<\/p>\n<ul>\n<li>leichter, bequemer Stoff,<\/li>\n<li>normale Passform,<\/li>\n<li>perfekt zum Training,<\/li>\n<li>originales MNX-Branding,<\/li>\n<li>Rei\u00dfverschlusstaschen und elastischer Bund mit innenliegendem Kordelzug.<\/li>\n<\/ul>\n<p><strong>Material:<\/strong> 100 % Polyester (5 % Schrumpfung)<br \/>\n<strong>Farbe:<\/strong> wie abgebildet<br \/>\n<strong>Gewicht<\/strong> ca. 300 Gramm<br \/>\n<strong>Gr\u00f6\u00dfen:<\/strong> S\/M, L\/XL, XXL\/3XL, 4XL\/5XL<br \/>\n<strong>Stil:<\/strong> normale Passform<\/p>\n<p>Das Model auf dem Foto (178 cm, 84 kg) tr\u00e4gt Gr\u00f6\u00dfe L.<\/p>\n","protected":false},"excerpt":{"rendered":"<p>Doppellagige Shorts mit Kordelzug in der Taille und Mesh-Material f\u00fcr Atmungsaktivit\u00e4t. Mit Rei\u00dfverschlusstaschen und minimalistischem MNX-Branding. Die Oberschicht besteht aus weichem und leichtem Mesh-Gewebe. Darunter ist die Radhose aus Stretchmaterial gefertigt, das sich perfekt an Ihren K\u00f6rper anpasst. Erh\u00e4ltlich in mehreren Farben.<\/p>\n","protected":false},"featured_media":333153,"comment_status":"open","ping_status":"closed","template":"","meta":[],"product_brand":[],"product_cat":[2405,2419],"product_tag":[],"class_list":{"0":"post-333124","1":"product","2":"type-product","3":"status-publish","4":"has-post-thumbnail","6":"product_cat-herren","7":"product_cat-shorts-de","9":"first","10":"instock","11":"sale","12":"taxable","13":"shipping-taxable","14":"purchasable","15":"product-type-variable"},"exclude_global_add_ons":[],"addons":[],"_links":{"self":[{"href":"https:\/\/mnxsportswear.com\/de\/wp-json\/wp\/v2\/product\/333124","targetHints":{"allow":["GET"]}}],"collection":[{"href":"https:\/\/mnxsportswear.com\/de\/wp-json\/wp\/v2\/product"}],"about":[{"href":"https:\/\/mnxsportswear.com\/de\/wp-json\/wp\/v2\/types\/product"}],"replies":[{"embeddable":true,"href":"https:\/\/mnxsportswear.com\/de\/wp-json\/wp\/v2\/comments?post=333124"}],"version-history":[{"count":0,"href":"https:\/\/mnxsportswear.com\/de\/wp-json\/wp\/v2\/product\/333124\/revisions"}],"wp:featuredmedia":[{"embeddable":true,"href":"https:\/\/mnxsportswear.com\/de\/wp-json\/wp\/v2\/media\/333153"}],"wp:attachment":[{"href":"https:\/\/mnxsportswear.com\/de\/wp-json\/wp\/v2\/media?parent=333124"}],"wp:term":[{"taxonomy":"product_brand","embeddable":true,"href":"https:\/\/mnxsportswear.com\/de\/wp-json\/wp\/v2\/product_brand?post=333124"},{"taxonomy":"product_cat","embeddable":true,"href":"https:\/\/mnxsportswear.com\/de\/wp-json\/wp\/v2\/product_cat?post=333124"},{"taxonomy":"product_tag","embeddable":true,"href":"https:\/\/mnxsportswear.com\/de\/wp-json\/wp\/v2\/product_tag?post=333124"}],"curies":[{"name":"wp","href":"https:\/\/api.w.org\/{rel}","templated":true}]}}