{"id":333458,"date":"2023-06-29T14:35:43","date_gmt":"2023-06-29T12:35:43","guid":{"rendered":"https:\/\/beta.mnxsportswear.com\/product\/mnx-cotton-shorts-industrial-black\/"},"modified":"2026-03-01T18:30:47","modified_gmt":"2026-03-01T17:30:47","slug":"mnx-cotton-shorts-industrial-black","status":"publish","type":"product","link":"https:\/\/mnxsportswear.com\/de\/product\/mnx-cotton-shorts-industrial-black\/","title":{"rendered":"MNX Cotton shorts Industrial, black"},"content":{"rendered":"<p>MNX-Shorts Industrial<\/p>\n<ul>\n<li>Baumwollfabrik,<\/li>\n<li>verwaschener Look,<\/li>\n<li>normale Passform,<\/li>\n<li>perfekt f\u00fcr Training oder Freizeit,<\/li>\n<li>originales MNX-Branding,<\/li>\n<li>elastischer Bund mit innenliegendem Kordelzug.<\/li>\n<\/ul>\n<p><strong>Material:<\/strong> 100 % Baumwolle (5 % Schrumpfung)<br \/>\n<strong>Farbe:<\/strong> wie abgebildet<br \/>\n<strong>Gewicht<\/strong> ca. 280 Gramm<br \/>\n<strong>Gr\u00f6\u00dfen:<\/strong> S\/M, L\/XL, XXL\/3XL<br \/>\n<strong>Stil:<\/strong> normale Passform<\/p>\n<p>Das Model auf dem Foto (178 cm, 84 kg) tr\u00e4gt Gr\u00f6\u00dfe L.<\/p>\n","protected":false},"excerpt":{"rendered":"<p>Sportlicher Stil trifft auf L\u00e4ssigkeit bei diesen Shorts im Washed-Look Industrial. Im zerrissenen Stil, Taschen auf beiden Seiten und auf der R\u00fcckseite, elastischem Bund mit Kordelzug und gestickten Logos.<\/p>\n","protected":false},"featured_media":340544,"comment_status":"open","ping_status":"closed","template":"","meta":[],"product_brand":[],"product_cat":[2405,3163,2419],"product_tag":[],"class_list":{"0":"post-333458","1":"product","2":"type-product","3":"status-publish","4":"has-post-thumbnail","6":"product_cat-herren","7":"product_cat-industrial-2-0-de","8":"product_cat-shorts-de","9":"yith_product_brand-industrial-2-0-de","11":"first","12":"instock","13":"taxable","14":"shipping-taxable","15":"purchasable","16":"product-type-variable"},"exclude_global_add_ons":[],"addons":[],"_links":{"self":[{"href":"https:\/\/mnxsportswear.com\/de\/wp-json\/wp\/v2\/product\/333458","targetHints":{"allow":["GET"]}}],"collection":[{"href":"https:\/\/mnxsportswear.com\/de\/wp-json\/wp\/v2\/product"}],"about":[{"href":"https:\/\/mnxsportswear.com\/de\/wp-json\/wp\/v2\/types\/product"}],"replies":[{"embeddable":true,"href":"https:\/\/mnxsportswear.com\/de\/wp-json\/wp\/v2\/comments?post=333458"}],"version-history":[{"count":1,"href":"https:\/\/mnxsportswear.com\/de\/wp-json\/wp\/v2\/product\/333458\/revisions"}],"predecessor-version":[{"id":407164,"href":"https:\/\/mnxsportswear.com\/de\/wp-json\/wp\/v2\/product\/333458\/revisions\/407164"}],"wp:featuredmedia":[{"embeddable":true,"href":"https:\/\/mnxsportswear.com\/de\/wp-json\/wp\/v2\/media\/340544"}],"wp:attachment":[{"href":"https:\/\/mnxsportswear.com\/de\/wp-json\/wp\/v2\/media?parent=333458"}],"wp:term":[{"taxonomy":"product_brand","embeddable":true,"href":"https:\/\/mnxsportswear.com\/de\/wp-json\/wp\/v2\/product_brand?post=333458"},{"taxonomy":"product_cat","embeddable":true,"href":"https:\/\/mnxsportswear.com\/de\/wp-json\/wp\/v2\/product_cat?post=333458"},{"taxonomy":"product_tag","embeddable":true,"href":"https:\/\/mnxsportswear.com\/de\/wp-json\/wp\/v2\/product_tag?post=333458"}],"curies":[{"name":"wp","href":"https:\/\/api.w.org\/{rel}","templated":true}]}}