{"id":333615,"date":"2023-06-30T09:27:58","date_gmt":"2023-06-30T07:27:58","guid":{"rendered":"https:\/\/beta.mnxsportswear.com\/?post_type=product&#038;p=333615"},"modified":"2026-03-01T18:10:58","modified_gmt":"2026-03-01T17:10:58","slug":"mnx-herren-jogger-golden-era-yellow","status":"publish","type":"product","link":"https:\/\/mnxsportswear.com\/de\/product\/mnx-herren-jogger-golden-era-yellow\/","title":{"rendered":"MNX Herren-Jogger Golden Era, yellow"},"content":{"rendered":"<p>Stilvolle Jogginghose von MNX Golden Era<\/p>\n<ul>\n<li>Aus weicher Baumwollmischung,<\/li>\n<li>klassische Taschen auf beiden Seiten und auf der R\u00fcckseite,<\/li>\n<li>elastischer Bund mit verstellbarem Kordelzug,<\/li>\n<li>Kn\u00f6chelrei\u00dfverschl\u00fcsse,<\/li>\n<li>einzigartiges Design und Details.<\/li>\n<\/ul>\n<p><strong>Material:<\/strong> 92 % Baumwolle, 8 % Elasthan (5 % Schrumpfung)<br \/>\n<strong>Farbe:<\/strong> wie abgebildet<br \/>\n<strong>Stil:<\/strong> lockere Passform<br \/>\n<strong>Gewicht<\/strong> ca. 450 Gramm<br \/>\n<strong>Gr\u00f6\u00dfen:<\/strong> S\/M, L\/XL, XXL\/3XL<\/p>\n","protected":false},"excerpt":{"rendered":"<p><span class=\"HwtZe\" lang=\"de\"> <span class=\"jCAhz ChMk0b\"><span class=\"ryNqvb\">Verwandeln Sie Ihren Stil mit diesen Jogginghosen von Golden Era von schlicht in etwas Besonderes.<\/span><\/span> <span class=\"jCAhz ChMk0b\"><span class=\"ryNqvb\">Mit <strong>weicher Baumwollmischung<\/strong>, <strong>Rei\u00dfverschl\u00fcssen<\/strong> an <strong>den Kn\u00f6cheln<\/strong>, <strong>elastischem Bund<\/strong> mit <strong>innenliegendem Kordelzug<\/strong> und <strong>Taschen auf beiden<\/strong> Seiten und auf der R\u00fcckseite.<\/span><\/span> <span class=\"jCAhz ChMk0b\"><span class=\"ryNqvb\">Erh\u00e4ltlich in mehreren Farben.<\/span><\/span><\/span><\/p>\n","protected":false},"featured_media":338513,"comment_status":"open","ping_status":"closed","template":"","meta":[],"product_brand":[],"product_cat":[3157,2405,2430,3075],"product_tag":[],"class_list":{"0":"post-333615","1":"product","2":"type-product","3":"status-publish","4":"has-post-thumbnail","6":"product_cat-golden-era-de","7":"product_cat-herren","8":"product_cat-hosen","9":"product_cat-joggers-de","10":"yith_product_brand-golden-era-de","12":"first","13":"instock","14":"taxable","15":"shipping-taxable","16":"purchasable","17":"product-type-variable"},"exclude_global_add_ons":[],"addons":[],"_links":{"self":[{"href":"https:\/\/mnxsportswear.com\/de\/wp-json\/wp\/v2\/product\/333615","targetHints":{"allow":["GET"]}}],"collection":[{"href":"https:\/\/mnxsportswear.com\/de\/wp-json\/wp\/v2\/product"}],"about":[{"href":"https:\/\/mnxsportswear.com\/de\/wp-json\/wp\/v2\/types\/product"}],"replies":[{"embeddable":true,"href":"https:\/\/mnxsportswear.com\/de\/wp-json\/wp\/v2\/comments?post=333615"}],"version-history":[{"count":1,"href":"https:\/\/mnxsportswear.com\/de\/wp-json\/wp\/v2\/product\/333615\/revisions"}],"predecessor-version":[{"id":406753,"href":"https:\/\/mnxsportswear.com\/de\/wp-json\/wp\/v2\/product\/333615\/revisions\/406753"}],"wp:featuredmedia":[{"embeddable":true,"href":"https:\/\/mnxsportswear.com\/de\/wp-json\/wp\/v2\/media\/338513"}],"wp:attachment":[{"href":"https:\/\/mnxsportswear.com\/de\/wp-json\/wp\/v2\/media?parent=333615"}],"wp:term":[{"taxonomy":"product_brand","embeddable":true,"href":"https:\/\/mnxsportswear.com\/de\/wp-json\/wp\/v2\/product_brand?post=333615"},{"taxonomy":"product_cat","embeddable":true,"href":"https:\/\/mnxsportswear.com\/de\/wp-json\/wp\/v2\/product_cat?post=333615"},{"taxonomy":"product_tag","embeddable":true,"href":"https:\/\/mnxsportswear.com\/de\/wp-json\/wp\/v2\/product_tag?post=333615"}],"curies":[{"name":"wp","href":"https:\/\/api.w.org\/{rel}","templated":true}]}}