{"id":333778,"date":"2023-06-30T09:43:50","date_gmt":"2023-06-30T07:43:50","guid":{"rendered":"https:\/\/beta.mnxsportswear.com\/?post_type=product&#038;p=333778"},"modified":"2026-03-01T20:04:14","modified_gmt":"2026-03-01T19:04:14","slug":"mnx-workout-top-golden-era-yellow","status":"publish","type":"product","link":"https:\/\/mnxsportswear.com\/de\/product\/mnx-workout-top-golden-era-yellow\/","title":{"rendered":"MNX Workout Top Golden Era, yellow"},"content":{"rendered":"<p>MNX Workout-Top Golden Era<\/p>\n<ul>\n<li>aus weicher und warmer Baumwollmischung f\u00fcr maximalen Komfort,<\/li>\n<li>MNX Originaldruck und Aufn\u00e4her,<\/li>\n<li>\u00fcbergro\u00dfe Passform.<\/li>\n<\/ul>\n<p><strong>Material:<\/strong> 100 % Baumwolle (5 % Schrumpfung)<br \/>\n<strong>Farbe:<\/strong> wie abgebildet<br \/>\n<strong>Stil:<\/strong> \u00fcbergro\u00df<br \/>\n<strong>Gewicht<\/strong> ca. 450 Gramm<br \/>\n<strong>Gr\u00f6\u00dfen:<\/strong> S\/M, L\/XL, XXL\/3XL, 4XL\/5XL<\/p>\n","protected":false},"excerpt":{"rendered":"<p>Machen Sie sich bereit f\u00fcr das Fitnessstudio mit diesem auff\u00e4lligen Workout-Top Golden Era aus w\u00e4rmerer, weicher Baumwolle. Mit originalem MNX-Aufdruck, gesticktem Aufn\u00e4her und gerippten B\u00fcndchen. Erh\u00e4ltlich in mehreren Farben.<\/p>\n","protected":false},"featured_media":336773,"comment_status":"open","ping_status":"closed","template":"","meta":[],"product_brand":[],"product_cat":[3157,2405,2420,3057],"product_tag":[],"class_list":{"0":"post-333778","1":"product","2":"type-product","3":"status-publish","4":"has-post-thumbnail","6":"product_cat-golden-era-de","7":"product_cat-herren","8":"product_cat-trikots","9":"product_cat-ueberdimensioniert","10":"yith_product_brand-golden-era-de","12":"first","13":"instock","14":"taxable","15":"shipping-taxable","16":"purchasable","17":"product-type-variable"},"exclude_global_add_ons":[],"addons":[],"_links":{"self":[{"href":"https:\/\/mnxsportswear.com\/de\/wp-json\/wp\/v2\/product\/333778","targetHints":{"allow":["GET"]}}],"collection":[{"href":"https:\/\/mnxsportswear.com\/de\/wp-json\/wp\/v2\/product"}],"about":[{"href":"https:\/\/mnxsportswear.com\/de\/wp-json\/wp\/v2\/types\/product"}],"replies":[{"embeddable":true,"href":"https:\/\/mnxsportswear.com\/de\/wp-json\/wp\/v2\/comments?post=333778"}],"version-history":[{"count":1,"href":"https:\/\/mnxsportswear.com\/de\/wp-json\/wp\/v2\/product\/333778\/revisions"}],"predecessor-version":[{"id":407177,"href":"https:\/\/mnxsportswear.com\/de\/wp-json\/wp\/v2\/product\/333778\/revisions\/407177"}],"wp:featuredmedia":[{"embeddable":true,"href":"https:\/\/mnxsportswear.com\/de\/wp-json\/wp\/v2\/media\/336773"}],"wp:attachment":[{"href":"https:\/\/mnxsportswear.com\/de\/wp-json\/wp\/v2\/media?parent=333778"}],"wp:term":[{"taxonomy":"product_brand","embeddable":true,"href":"https:\/\/mnxsportswear.com\/de\/wp-json\/wp\/v2\/product_brand?post=333778"},{"taxonomy":"product_cat","embeddable":true,"href":"https:\/\/mnxsportswear.com\/de\/wp-json\/wp\/v2\/product_cat?post=333778"},{"taxonomy":"product_tag","embeddable":true,"href":"https:\/\/mnxsportswear.com\/de\/wp-json\/wp\/v2\/product_tag?post=333778"}],"curies":[{"name":"wp","href":"https:\/\/api.w.org\/{rel}","templated":true}]}}