{"id":334322,"date":"2023-06-30T10:07:01","date_gmt":"2023-06-30T08:07:01","guid":{"rendered":"https:\/\/beta.mnxsportswear.com\/?post_type=product&#038;p=334322"},"modified":"2026-03-01T18:30:20","modified_gmt":"2026-03-01T17:30:20","slug":"mnx-extra-t-shirt-hc-3-0-light-green","status":"publish","type":"product","link":"https:\/\/mnxsportswear.com\/de\/product\/mnx-extra-t-shirt-hc-3-0-light-green\/","title":{"rendered":"MNX Extra T-shirt HC 3.0, hellgr\u00fcn"},"content":{"rendered":"<p>\u00dcbergro\u00dfes T-Shirt EXTRA.<\/p>\n<ul>\n<li>\u00fcberdimensioniert,<\/li>\n<li>weicher Baumwollstoff,<\/li>\n<li>einzigartige Details,<\/li>\n<li><span class=\"HwtZe\" lang=\"de\"><span class=\"jCAhz ChMk0b\"><span class=\"ryNqvb\">gro\u00dfe gedruckte Logos auf beiden Seiten,<\/span><\/span><\/span><\/li>\n<\/ul>\n<p><strong>Material:<\/strong> 100 % Baumwolle (5 % Schrumpfung)<br \/>\n<strong>Farbe:<\/strong> wie abgebildet<br \/>\n<strong>Stil:<\/strong> \u00fcberdimensioniert<br \/>\n<strong>Gr\u00f6\u00dfen:<\/strong> S\/M, L\/XL, 2XL\/3XL<\/p>\n<p><em>\u00a0<\/em><\/p>\n","protected":false},"excerpt":{"rendered":"<p>Mit diesem extra gro\u00dfen T-Shirt <strong>f\u00fchlen Sie sich cool und wohl<\/strong>. <span class=\"HwtZe\" lang=\"de\"><span class=\"jCAhz ChMk0b\"><span class=\"ryNqvb\">Mit zerrissenem Design und gro\u00dfen, klassischen, aufgedruckten MNX-Logos auf beiden Seiten<\/span><\/span><\/span>. Erh\u00e4ltlich in mehreren Farben.<\/p>\n","protected":false},"featured_media":337575,"comment_status":"open","ping_status":"closed","template":"","meta":[],"product_brand":[],"product_cat":[3154,2405,2420,3057],"product_tag":[],"class_list":{"0":"post-334322","1":"product","2":"type-product","3":"status-publish","4":"has-post-thumbnail","6":"product_cat-extra-de","7":"product_cat-herren","8":"product_cat-trikots","9":"product_cat-ueberdimensioniert","10":"yith_product_brand-extra-de","12":"first","13":"instock","14":"taxable","15":"shipping-taxable","16":"purchasable","17":"product-type-variable"},"exclude_global_add_ons":[],"addons":[],"_links":{"self":[{"href":"https:\/\/mnxsportswear.com\/de\/wp-json\/wp\/v2\/product\/334322","targetHints":{"allow":["GET"]}}],"collection":[{"href":"https:\/\/mnxsportswear.com\/de\/wp-json\/wp\/v2\/product"}],"about":[{"href":"https:\/\/mnxsportswear.com\/de\/wp-json\/wp\/v2\/types\/product"}],"replies":[{"embeddable":true,"href":"https:\/\/mnxsportswear.com\/de\/wp-json\/wp\/v2\/comments?post=334322"}],"version-history":[{"count":1,"href":"https:\/\/mnxsportswear.com\/de\/wp-json\/wp\/v2\/product\/334322\/revisions"}],"predecessor-version":[{"id":407129,"href":"https:\/\/mnxsportswear.com\/de\/wp-json\/wp\/v2\/product\/334322\/revisions\/407129"}],"wp:featuredmedia":[{"embeddable":true,"href":"https:\/\/mnxsportswear.com\/de\/wp-json\/wp\/v2\/media\/337575"}],"wp:attachment":[{"href":"https:\/\/mnxsportswear.com\/de\/wp-json\/wp\/v2\/media?parent=334322"}],"wp:term":[{"taxonomy":"product_brand","embeddable":true,"href":"https:\/\/mnxsportswear.com\/de\/wp-json\/wp\/v2\/product_brand?post=334322"},{"taxonomy":"product_cat","embeddable":true,"href":"https:\/\/mnxsportswear.com\/de\/wp-json\/wp\/v2\/product_cat?post=334322"},{"taxonomy":"product_tag","embeddable":true,"href":"https:\/\/mnxsportswear.com\/de\/wp-json\/wp\/v2\/product_tag?post=334322"}],"curies":[{"name":"wp","href":"https:\/\/api.w.org\/{rel}","templated":true}]}}