{"id":334422,"date":"2023-06-30T10:15:25","date_gmt":"2023-06-30T08:15:25","guid":{"rendered":"https:\/\/beta.mnxsportswear.com\/?post_type=product&#038;p=334422"},"modified":"2026-03-01T18:30:20","modified_gmt":"2026-03-01T17:30:20","slug":"mnx-aermelloses-kapuzenoberteil-grey","status":"publish","type":"product","link":"https:\/\/mnxsportswear.com\/de\/product\/mnx-aermelloses-kapuzenoberteil-grey\/","title":{"rendered":"MNX \u00c4rmelloses Kapuzenoberteil, grey"},"content":{"rendered":"<p>\u00c4rmelloses MNX-Kapuzenoberteil.<\/p>\n<ul>\n<li>aus weicher Baumwollmischung f\u00fcr maximalen Komfort,<\/li>\n<li>MNX-Originaldruck,<\/li>\n<li>normale Passform.<\/li>\n<\/ul>\n<p><strong>Material:<\/strong> 100 % Baumwolle (5 % Schrumpfung)<br \/>\n<strong>Farbe:<\/strong> wie abgebildet<br \/>\n<strong>Stil:<\/strong> klassisch<br \/>\n<strong>Gewicht<\/strong> ca. 300 Gramm<br \/>\n<strong>Gr\u00f6\u00dfen:<\/strong> S\/M, L\/XL, XXL\/3XL, 4XL\/5XL<\/p>\n","protected":false},"excerpt":{"rendered":"<p>Dieses \u00e4rmellose Oberteil mit Kapuze ist eine willkommene Erg\u00e4nzung Ihrer Freizeitgarderobe und verf\u00fcgt \u00fcber eine bequeme <strong>regul\u00e4re Passform<\/strong>, <strong>eine weiche Baumwollmischung<\/strong>, <strong>trendige Farben<\/strong> und ein gro\u00dfes aufgedrucktes Logo auf der R\u00fcckseite. Erh\u00e4ltlich in mehreren Farben.<\/p>\n","protected":false},"featured_media":337624,"comment_status":"open","ping_status":"closed","template":"","meta":[],"product_brand":[],"product_cat":[3069],"product_tag":[],"class_list":{"0":"post-334422","1":"product","2":"type-product","3":"status-publish","4":"has-post-thumbnail","6":"product_cat-hoodies-de","8":"first","9":"instock","10":"sale","11":"taxable","12":"shipping-taxable","13":"purchasable","14":"product-type-variable"},"exclude_global_add_ons":[],"addons":[],"_links":{"self":[{"href":"https:\/\/mnxsportswear.com\/de\/wp-json\/wp\/v2\/product\/334422","targetHints":{"allow":["GET"]}}],"collection":[{"href":"https:\/\/mnxsportswear.com\/de\/wp-json\/wp\/v2\/product"}],"about":[{"href":"https:\/\/mnxsportswear.com\/de\/wp-json\/wp\/v2\/types\/product"}],"replies":[{"embeddable":true,"href":"https:\/\/mnxsportswear.com\/de\/wp-json\/wp\/v2\/comments?post=334422"}],"version-history":[{"count":0,"href":"https:\/\/mnxsportswear.com\/de\/wp-json\/wp\/v2\/product\/334422\/revisions"}],"wp:featuredmedia":[{"embeddable":true,"href":"https:\/\/mnxsportswear.com\/de\/wp-json\/wp\/v2\/media\/337624"}],"wp:attachment":[{"href":"https:\/\/mnxsportswear.com\/de\/wp-json\/wp\/v2\/media?parent=334422"}],"wp:term":[{"taxonomy":"product_brand","embeddable":true,"href":"https:\/\/mnxsportswear.com\/de\/wp-json\/wp\/v2\/product_brand?post=334422"},{"taxonomy":"product_cat","embeddable":true,"href":"https:\/\/mnxsportswear.com\/de\/wp-json\/wp\/v2\/product_cat?post=334422"},{"taxonomy":"product_tag","embeddable":true,"href":"https:\/\/mnxsportswear.com\/de\/wp-json\/wp\/v2\/product_tag?post=334422"}],"curies":[{"name":"wp","href":"https:\/\/api.w.org\/{rel}","templated":true}]}}