{"id":334490,"date":"2023-06-30T10:21:36","date_gmt":"2023-06-30T08:21:36","guid":{"rendered":"https:\/\/beta.mnxsportswear.com\/?post_type=product&#038;p=334490"},"modified":"2026-03-01T18:05:46","modified_gmt":"2026-03-01T17:05:46","slug":"mnx-stringer-tanktop-skull-souls-yellow","status":"publish","type":"product","link":"https:\/\/mnxsportswear.com\/de\/product\/mnx-stringer-tanktop-skull-souls-yellow\/","title":{"rendered":"MNX Stringer-Tanktop Skull souls, yellow"},"content":{"rendered":"<p>MNX Stringer Tanktop Totenkopfseelen<\/p>\n<ul>\n<li>aus Mesh-Stoff auf der Vorderseite und Baumwollstoff auf der R\u00fcckseite,<\/li>\n<li>mit originalem MNX-Grafikdruck,<\/li>\n<li>normale Passform und mit abgerundetem Saum.<\/li>\n<\/ul>\n<p><strong>Material:<\/strong> Vorderseite 100 % Polyester, R\u00fcckseite 100 % Baumwolle<br \/>\n<strong>Farbe:<\/strong> wie abgebildet<br \/>\n<strong>Stil:<\/strong> klassisch<br \/>\n<strong>Gewicht<\/strong> ca. 150 Gramm<br \/>\n<strong>Gr\u00f6\u00dfen:<\/strong> S\/M, L\/XL, XXL\/3XL, 4XL\/5XL<\/p>\n","protected":false},"excerpt":{"rendered":"<p><span class=\"HwtZe\" lang=\"de\">Stringer-Tanktop Skull Souls f\u00fcr alle Fans origineller Kleidungsst\u00fccke. Dieses Tanktop mit <strong>grafischem MNX-Design<\/strong> ist die n\u00e4chste Stufe der Streetwear. Dieses Tanktop besteht aus <strong>zwei verschiedenen Stoffen<\/strong>: Die Vorderseite besteht aus atmungsaktivem Netzstoff und die R\u00fcckseite aus 100 % Baumwolle. Mit tiefen Arml\u00f6chern und abgerundetem Saum. Erh\u00e4ltlich in mehreren Farbkombinationen.<br \/>\n<\/span><\/p>\n","protected":false},"featured_media":337392,"comment_status":"open","ping_status":"closed","template":"","meta":[],"product_brand":[],"product_cat":[2405,3097,2421],"product_tag":[],"class_list":{"0":"post-334490","1":"product","2":"type-product","3":"status-publish","4":"has-post-thumbnail","6":"product_cat-herren","7":"product_cat-stringer-de","8":"product_cat-tanks-de","10":"first","11":"instock","12":"sale","13":"taxable","14":"shipping-taxable","15":"purchasable","16":"product-type-variable"},"exclude_global_add_ons":[],"addons":[],"_links":{"self":[{"href":"https:\/\/mnxsportswear.com\/de\/wp-json\/wp\/v2\/product\/334490","targetHints":{"allow":["GET"]}}],"collection":[{"href":"https:\/\/mnxsportswear.com\/de\/wp-json\/wp\/v2\/product"}],"about":[{"href":"https:\/\/mnxsportswear.com\/de\/wp-json\/wp\/v2\/types\/product"}],"replies":[{"embeddable":true,"href":"https:\/\/mnxsportswear.com\/de\/wp-json\/wp\/v2\/comments?post=334490"}],"version-history":[{"count":1,"href":"https:\/\/mnxsportswear.com\/de\/wp-json\/wp\/v2\/product\/334490\/revisions"}],"predecessor-version":[{"id":407168,"href":"https:\/\/mnxsportswear.com\/de\/wp-json\/wp\/v2\/product\/334490\/revisions\/407168"}],"wp:featuredmedia":[{"embeddable":true,"href":"https:\/\/mnxsportswear.com\/de\/wp-json\/wp\/v2\/media\/337392"}],"wp:attachment":[{"href":"https:\/\/mnxsportswear.com\/de\/wp-json\/wp\/v2\/media?parent=334490"}],"wp:term":[{"taxonomy":"product_brand","embeddable":true,"href":"https:\/\/mnxsportswear.com\/de\/wp-json\/wp\/v2\/product_brand?post=334490"},{"taxonomy":"product_cat","embeddable":true,"href":"https:\/\/mnxsportswear.com\/de\/wp-json\/wp\/v2\/product_cat?post=334490"},{"taxonomy":"product_tag","embeddable":true,"href":"https:\/\/mnxsportswear.com\/de\/wp-json\/wp\/v2\/product_tag?post=334490"}],"curies":[{"name":"wp","href":"https:\/\/api.w.org\/{rel}","templated":true}]}}