{"id":335316,"date":"2023-06-30T15:27:26","date_gmt":"2023-06-30T13:27:26","guid":{"rendered":"https:\/\/beta.mnxsportswear.com\/?post_type=product&#038;p=335316"},"modified":"2026-03-01T18:05:46","modified_gmt":"2026-03-01T17:05:46","slug":"mnx-tank-top-golden-era-white","status":"publish","type":"product","link":"https:\/\/mnxsportswear.com\/de\/product\/mnx-tank-top-golden-era-white\/","title":{"rendered":"MNX Tank Top Golden Era, white"},"content":{"rendered":"<p>MNX Tanktop aus der GOLDEN ERA-Serie.<\/p>\n<ul>\n<li>aus weicher Stoffmischung f\u00fcr maximalen Komfort,<\/li>\n<li>mit speziellem Golden-Era-Patch,<\/li>\n<li>normale Passform und mit abgerundetem Saum.<\/li>\n<\/ul>\n<p><strong>Material:<\/strong> 100 % Polyester<br \/>\n<strong>Farbe:<\/strong> wie abgebildet<br \/>\n<strong>Stil:<\/strong> klassisch<br \/>\n<strong>Gewicht<\/strong> ca. 200 Gramm<br \/>\n<strong>Gr\u00f6\u00dfen:<\/strong> S\/M, L\/XL, XXL\/3XL, 4XL\/5XL<\/p>\n","protected":false},"excerpt":{"rendered":"<p><span class=\"HwtZe\" lang=\"de\">Old-School-Tanktop aus der <em>Golden Era<\/em>-Kollektion, gemacht f\u00fcr alle Fans der Bodybuilding-Trends der 70er und 80er Jahre. Aus atmungsaktivem <strong>Mesh-Gewebe<\/strong> f\u00fcr <strong>maximalen Komfort<\/strong>. Mit speziellem MNX-Golden-\u00c4ra-Patch, normaler Passform und tiefen Arml\u00f6chern. Erh\u00e4ltlich in mehreren Farben.<br \/>\n<\/span><\/p>\n","protected":false},"featured_media":336423,"comment_status":"open","ping_status":"closed","template":"","meta":[],"product_brand":[],"product_cat":[3157,2405,3097,2421],"product_tag":[],"class_list":{"0":"post-335316","1":"product","2":"type-product","3":"status-publish","4":"has-post-thumbnail","6":"product_cat-golden-era-de","7":"product_cat-herren","8":"product_cat-stringer-de","9":"product_cat-tanks-de","10":"yith_product_brand-golden-era-de","12":"first","13":"instock","14":"taxable","15":"shipping-taxable","16":"purchasable","17":"product-type-variable"},"exclude_global_add_ons":[],"addons":[],"_links":{"self":[{"href":"https:\/\/mnxsportswear.com\/de\/wp-json\/wp\/v2\/product\/335316","targetHints":{"allow":["GET"]}}],"collection":[{"href":"https:\/\/mnxsportswear.com\/de\/wp-json\/wp\/v2\/product"}],"about":[{"href":"https:\/\/mnxsportswear.com\/de\/wp-json\/wp\/v2\/types\/product"}],"replies":[{"embeddable":true,"href":"https:\/\/mnxsportswear.com\/de\/wp-json\/wp\/v2\/comments?post=335316"}],"version-history":[{"count":1,"href":"https:\/\/mnxsportswear.com\/de\/wp-json\/wp\/v2\/product\/335316\/revisions"}],"predecessor-version":[{"id":407167,"href":"https:\/\/mnxsportswear.com\/de\/wp-json\/wp\/v2\/product\/335316\/revisions\/407167"}],"wp:featuredmedia":[{"embeddable":true,"href":"https:\/\/mnxsportswear.com\/de\/wp-json\/wp\/v2\/media\/336423"}],"wp:attachment":[{"href":"https:\/\/mnxsportswear.com\/de\/wp-json\/wp\/v2\/media?parent=335316"}],"wp:term":[{"taxonomy":"product_brand","embeddable":true,"href":"https:\/\/mnxsportswear.com\/de\/wp-json\/wp\/v2\/product_brand?post=335316"},{"taxonomy":"product_cat","embeddable":true,"href":"https:\/\/mnxsportswear.com\/de\/wp-json\/wp\/v2\/product_cat?post=335316"},{"taxonomy":"product_tag","embeddable":true,"href":"https:\/\/mnxsportswear.com\/de\/wp-json\/wp\/v2\/product_tag?post=335316"}],"curies":[{"name":"wp","href":"https:\/\/api.w.org\/{rel}","templated":true}]}}