{"id":336134,"date":"2023-07-03T09:00:43","date_gmt":"2023-07-03T07:00:43","guid":{"rendered":"https:\/\/beta.mnxsportswear.com\/?post_type=product&#038;p=336134"},"modified":"2026-03-01T18:06:45","modified_gmt":"2026-03-01T17:06:45","slug":"mnx-kapuzenpullover-industrial-bronze","status":"publish","type":"product","link":"https:\/\/mnxsportswear.com\/de\/product\/mnx-kapuzenpullover-industrial-bronze\/","title":{"rendered":"MNX Kapuzenpullover Industrial, bronze"},"content":{"rendered":"<p>MNX Industrial Kapuzenpullover.<\/p>\n<ul>\n<li>weicher Baumwollstoff,<\/li>\n<li>verwaschener Look,<\/li>\n<li>perfekt f\u00fcr Training oder Freizeit,<\/li>\n<li>originales MNX-Branding,<\/li>\n<li>Kapuze mit Kordelzug f\u00fcr individuelle Passform,<\/li>\n<li>gerippte B\u00fcndchen und S\u00e4ume<\/li>\n<\/ul>\n<p><strong>Material:<\/strong> 100 % Baumwolle (5 % Schrumpfung)<br \/>\n<strong>Farbe:<\/strong> wie abgebildet<br \/>\n<strong>Gewicht<\/strong> ca. 450 Gramm<br \/>\n<strong>Gr\u00f6\u00dfen:<\/strong> XXS\/XS, XS\/S, S\/M, L\/XL, XXL\/3XL<br \/>\n<strong>Stil:<\/strong> lockere Passform<\/p>\n","protected":false},"excerpt":{"rendered":"<p>Bei diesen Kapuzenpullovern im <strong>verwaschenen Look<\/strong> aus <strong>100 % leichter Baumwolle<\/strong> trifft sportlicher Stil auf L\u00e4ssigkeit. Dank der bequemen Passform f\u00fcr jeden Tag wird es schnell zu Ihrem Allround-Freizeitkleidungsst\u00fcck. Aus weicher und <strong>warmer Baumwollmischung<\/strong> mit <strong>Seitentaschen<\/strong>, Kapuze mit Kordelzug f\u00fcr individuelle Passform und gerippten B\u00fcndchen und Saum.<\/p>\n","protected":false},"featured_media":335947,"comment_status":"open","ping_status":"closed","template":"","meta":[],"product_brand":[],"product_cat":[2405,3069,2406,3163],"product_tag":[],"class_list":{"0":"post-336134","1":"product","2":"type-product","3":"status-publish","4":"has-post-thumbnail","6":"product_cat-herren","7":"product_cat-hoodies-de","8":"product_cat-hoodies-jackets-de","9":"product_cat-industrial-2-0-de","10":"yith_product_brand-industrial-2-0-de","12":"first","13":"instock","14":"taxable","15":"shipping-taxable","16":"purchasable","17":"product-type-variable"},"exclude_global_add_ons":[],"addons":[],"_links":{"self":[{"href":"https:\/\/mnxsportswear.com\/de\/wp-json\/wp\/v2\/product\/336134","targetHints":{"allow":["GET"]}}],"collection":[{"href":"https:\/\/mnxsportswear.com\/de\/wp-json\/wp\/v2\/product"}],"about":[{"href":"https:\/\/mnxsportswear.com\/de\/wp-json\/wp\/v2\/types\/product"}],"replies":[{"embeddable":true,"href":"https:\/\/mnxsportswear.com\/de\/wp-json\/wp\/v2\/comments?post=336134"}],"version-history":[{"count":1,"href":"https:\/\/mnxsportswear.com\/de\/wp-json\/wp\/v2\/product\/336134\/revisions"}],"predecessor-version":[{"id":406738,"href":"https:\/\/mnxsportswear.com\/de\/wp-json\/wp\/v2\/product\/336134\/revisions\/406738"}],"wp:featuredmedia":[{"embeddable":true,"href":"https:\/\/mnxsportswear.com\/de\/wp-json\/wp\/v2\/media\/335947"}],"wp:attachment":[{"href":"https:\/\/mnxsportswear.com\/de\/wp-json\/wp\/v2\/media?parent=336134"}],"wp:term":[{"taxonomy":"product_brand","embeddable":true,"href":"https:\/\/mnxsportswear.com\/de\/wp-json\/wp\/v2\/product_brand?post=336134"},{"taxonomy":"product_cat","embeddable":true,"href":"https:\/\/mnxsportswear.com\/de\/wp-json\/wp\/v2\/product_cat?post=336134"},{"taxonomy":"product_tag","embeddable":true,"href":"https:\/\/mnxsportswear.com\/de\/wp-json\/wp\/v2\/product_tag?post=336134"}],"curies":[{"name":"wp","href":"https:\/\/api.w.org\/{rel}","templated":true}]}}