{"id":338959,"date":"2023-07-19T09:28:17","date_gmt":"2023-07-19T07:28:17","guid":{"rendered":"https:\/\/beta.mnxsportswear.com\/?post_type=product&#038;p=338959"},"modified":"2026-03-01T18:06:44","modified_gmt":"2026-03-01T17:06:44","slug":"mnx-womens-seamless-leggings-glam-beige","status":"publish","type":"product","link":"https:\/\/mnxsportswear.com\/de\/product\/mnx-womens-seamless-leggings-glam-beige\/","title":{"rendered":"MNX Women&#8217;s seamless leggings Glam, beige"},"content":{"rendered":"<p>Stilvolle und bequeme Leggings f\u00fcr Ihren Wourkot.<\/p>\n<ul>\n<li>nahtloses Rippenmuster,<\/li>\n<li>schwei\u00dfableitendes Material,<\/li>\n<li>hoch taillierte Passform,<\/li>\n<li>Push-up-Effekt,<\/li>\n<li>100 % hocksicher.<\/li>\n<\/ul>\n<p><strong>Material:<\/strong> 69 % Polyamid, 24 % Polyester, 7 % Elastan<br \/>\n<strong>Farbe:<\/strong> wie abgebildet<br \/>\n<strong>Gr\u00f6\u00dfen:<\/strong> S, M, L<\/p>\n","protected":false},"excerpt":{"rendered":"<p>Machen Sie Ihr Training etwas bequemer und viel stilvoller mit diesen nahtlosen MNX-Sportleggings Glam. Mit hoch taillierter Passform, st\u00fctzendem Rippbund, schwei\u00dfableitendem Stoff und nahtlosen Konturen f\u00fcr volle Bewegungsfreiheit. Erh\u00e4ltlich in mehreren Farben.<\/p>\n<p>&nbsp;<\/p>\n","protected":false},"featured_media":338790,"comment_status":"open","ping_status":"closed","template":"","meta":[],"product_brand":[],"product_cat":[2436,2722,3145],"product_tag":[],"class_list":{"0":"post-338959","1":"product","2":"type-product","3":"status-publish","4":"has-post-thumbnail","6":"product_cat-damen","7":"product_cat-gamaschen","8":"product_cat-seamless-de","10":"first","11":"instock","12":"sale","13":"taxable","14":"shipping-taxable","15":"purchasable","16":"product-type-variable"},"exclude_global_add_ons":[],"addons":[],"_links":{"self":[{"href":"https:\/\/mnxsportswear.com\/de\/wp-json\/wp\/v2\/product\/338959","targetHints":{"allow":["GET"]}}],"collection":[{"href":"https:\/\/mnxsportswear.com\/de\/wp-json\/wp\/v2\/product"}],"about":[{"href":"https:\/\/mnxsportswear.com\/de\/wp-json\/wp\/v2\/types\/product"}],"replies":[{"embeddable":true,"href":"https:\/\/mnxsportswear.com\/de\/wp-json\/wp\/v2\/comments?post=338959"}],"version-history":[{"count":0,"href":"https:\/\/mnxsportswear.com\/de\/wp-json\/wp\/v2\/product\/338959\/revisions"}],"wp:featuredmedia":[{"embeddable":true,"href":"https:\/\/mnxsportswear.com\/de\/wp-json\/wp\/v2\/media\/338790"}],"wp:attachment":[{"href":"https:\/\/mnxsportswear.com\/de\/wp-json\/wp\/v2\/media?parent=338959"}],"wp:term":[{"taxonomy":"product_brand","embeddable":true,"href":"https:\/\/mnxsportswear.com\/de\/wp-json\/wp\/v2\/product_brand?post=338959"},{"taxonomy":"product_cat","embeddable":true,"href":"https:\/\/mnxsportswear.com\/de\/wp-json\/wp\/v2\/product_cat?post=338959"},{"taxonomy":"product_tag","embeddable":true,"href":"https:\/\/mnxsportswear.com\/de\/wp-json\/wp\/v2\/product_tag?post=338959"}],"curies":[{"name":"wp","href":"https:\/\/api.w.org\/{rel}","templated":true}]}}