{"id":339065,"date":"2023-07-19T10:10:04","date_gmt":"2023-07-19T08:10:04","guid":{"rendered":"https:\/\/beta.mnxsportswear.com\/?post_type=product&#038;p=339065"},"modified":"2026-03-01T18:06:44","modified_gmt":"2026-03-01T17:06:44","slug":"mnx-womens-seamless-top-glam-blue","status":"publish","type":"product","link":"https:\/\/mnxsportswear.com\/de\/product\/mnx-womens-seamless-top-glam-blue\/","title":{"rendered":"MNX Women&#8217;s seamless top Glam, blue"},"content":{"rendered":"<p>MNX Nahtloses Damenoberteil mit langen \u00c4rmeln.<\/p>\n<ul>\n<li>feuchtigkeitsableitendes Material,<\/li>\n<li>schmal geschnitten,<\/li>\n<li>bauchfrei,<\/li>\n<li>nahtloses Design.<\/li>\n<\/ul>\n<p><strong>Material:<\/strong> 69 % Polyamid, 24 % Polyester, 7 % Elasthan<br \/>\n<strong>Farbe:<\/strong> wie abgebildet<br \/>\n<strong>Gr\u00f6\u00dfen:<\/strong> S, M, L<\/p>\n","protected":false},"excerpt":{"rendered":"<p>Sehen Sie fantastisch aus in diesem kurzen MNX-Top mit langen \u00c4rmeln. Dank des feuchtigkeitsableitenden Stoffes bleiben Sie l\u00e4nger frisch. Slim-Fit, bauchfrei und nahtloses Design. Erh\u00e4ltlich in mehreren Farben.<\/p>\n","protected":false},"featured_media":338770,"comment_status":"open","ping_status":"closed","template":"","meta":[],"product_brand":[],"product_cat":[2436,3145,3051,2438],"product_tag":[],"class_list":{"0":"post-339065","1":"product","2":"type-product","3":"status-publish","4":"has-post-thumbnail","6":"product_cat-damen","7":"product_cat-seamless-de","8":"product_cat-sport-tops-bras-de","9":"product_cat-trikonts-tank-tops","11":"first","12":"instock","13":"sale","14":"taxable","15":"shipping-taxable","16":"purchasable","17":"product-type-variable"},"exclude_global_add_ons":[],"addons":[],"_links":{"self":[{"href":"https:\/\/mnxsportswear.com\/de\/wp-json\/wp\/v2\/product\/339065","targetHints":{"allow":["GET"]}}],"collection":[{"href":"https:\/\/mnxsportswear.com\/de\/wp-json\/wp\/v2\/product"}],"about":[{"href":"https:\/\/mnxsportswear.com\/de\/wp-json\/wp\/v2\/types\/product"}],"replies":[{"embeddable":true,"href":"https:\/\/mnxsportswear.com\/de\/wp-json\/wp\/v2\/comments?post=339065"}],"version-history":[{"count":0,"href":"https:\/\/mnxsportswear.com\/de\/wp-json\/wp\/v2\/product\/339065\/revisions"}],"wp:featuredmedia":[{"embeddable":true,"href":"https:\/\/mnxsportswear.com\/de\/wp-json\/wp\/v2\/media\/338770"}],"wp:attachment":[{"href":"https:\/\/mnxsportswear.com\/de\/wp-json\/wp\/v2\/media?parent=339065"}],"wp:term":[{"taxonomy":"product_brand","embeddable":true,"href":"https:\/\/mnxsportswear.com\/de\/wp-json\/wp\/v2\/product_brand?post=339065"},{"taxonomy":"product_cat","embeddable":true,"href":"https:\/\/mnxsportswear.com\/de\/wp-json\/wp\/v2\/product_cat?post=339065"},{"taxonomy":"product_tag","embeddable":true,"href":"https:\/\/mnxsportswear.com\/de\/wp-json\/wp\/v2\/product_tag?post=339065"}],"curies":[{"name":"wp","href":"https:\/\/api.w.org\/{rel}","templated":true}]}}