{"id":356486,"date":"2023-09-20T08:36:12","date_gmt":"2023-09-20T06:36:12","guid":{"rendered":"https:\/\/mnxsportswear.com\/?post_type=product&#038;p=356486"},"modified":"2026-03-01T21:08:36","modified_gmt":"2026-03-01T20:08:36","slug":"mnx-mens-track-pants-dunkelrot","status":"publish","type":"product","link":"https:\/\/mnxsportswear.com\/de\/product\/mnx-mens-track-pants-dunkelrot\/","title":{"rendered":"MNX Men&#8217;s track pants, dunkelrot"},"content":{"rendered":"<p>Trainingshose f\u00fcr Herren.<\/p>\n<ul>\n<li>Komfortmaterial,<\/li>\n<li>normale Passform,<\/li>\n<li>elastische Kn\u00f6chelb\u00fcndchen,<\/li>\n<li>Rei\u00dfverschlusstaschen,<\/li>\n<li>Seitennahtstreifen,<\/li>\n<li>verstellbarer Kordelzug in der Taille.<\/li>\n<\/ul>\n<p>Material: 85 % Polyester, 15 % Elastan (5 % Schrumpfung)<br \/>\nFarbe: wie abgebildet<br \/>\nGr\u00f6\u00dfen:\u00a0S, M, L, XL, XXL, 3XL<br \/>\nStil: klassisch<br \/>\nGewicht ca. 600 Gramm<\/p>\n","protected":false},"excerpt":{"rendered":"<p>Diese Trainingshose bietet Stil und Komfort. Mit normaler Passform, seitlichen Nahtstreifen und elastischen Kn\u00f6chelb\u00fcndchen. Mit einem verstellbaren Kordelzug in der Taille f\u00fcr eine individuelle Passform und Rei\u00dfverschlusstaschen zur Aufbewahrung Ihrer wichtigsten Dinge.<\/p>\n","protected":false},"featured_media":357977,"comment_status":"open","ping_status":"closed","template":"","meta":[],"product_brand":[],"product_cat":[3590,2405,2430,3075],"product_tag":[],"class_list":{"0":"post-356486","1":"product","2":"type-product","3":"status-publish","4":"has-post-thumbnail","6":"product_cat-auffullen","7":"product_cat-herren","8":"product_cat-hosen","9":"product_cat-joggers-de","11":"first","12":"instock","13":"taxable","14":"shipping-taxable","15":"purchasable","16":"product-type-variable"},"exclude_global_add_ons":[],"addons":[],"_links":{"self":[{"href":"https:\/\/mnxsportswear.com\/de\/wp-json\/wp\/v2\/product\/356486","targetHints":{"allow":["GET"]}}],"collection":[{"href":"https:\/\/mnxsportswear.com\/de\/wp-json\/wp\/v2\/product"}],"about":[{"href":"https:\/\/mnxsportswear.com\/de\/wp-json\/wp\/v2\/types\/product"}],"replies":[{"embeddable":true,"href":"https:\/\/mnxsportswear.com\/de\/wp-json\/wp\/v2\/comments?post=356486"}],"version-history":[{"count":1,"href":"https:\/\/mnxsportswear.com\/de\/wp-json\/wp\/v2\/product\/356486\/revisions"}],"predecessor-version":[{"id":406731,"href":"https:\/\/mnxsportswear.com\/de\/wp-json\/wp\/v2\/product\/356486\/revisions\/406731"}],"wp:featuredmedia":[{"embeddable":true,"href":"https:\/\/mnxsportswear.com\/de\/wp-json\/wp\/v2\/media\/357977"}],"wp:attachment":[{"href":"https:\/\/mnxsportswear.com\/de\/wp-json\/wp\/v2\/media?parent=356486"}],"wp:term":[{"taxonomy":"product_brand","embeddable":true,"href":"https:\/\/mnxsportswear.com\/de\/wp-json\/wp\/v2\/product_brand?post=356486"},{"taxonomy":"product_cat","embeddable":true,"href":"https:\/\/mnxsportswear.com\/de\/wp-json\/wp\/v2\/product_cat?post=356486"},{"taxonomy":"product_tag","embeddable":true,"href":"https:\/\/mnxsportswear.com\/de\/wp-json\/wp\/v2\/product_tag?post=356486"}],"curies":[{"name":"wp","href":"https:\/\/api.w.org\/{rel}","templated":true}]}}