{"id":356929,"date":"2023-09-20T08:36:04","date_gmt":"2023-09-20T06:36:04","guid":{"rendered":"https:\/\/mnxsportswear.com\/?post_type=product&#038;p=356929"},"modified":"2026-03-01T18:38:02","modified_gmt":"2026-03-01T17:38:02","slug":"mnx-trainingsjacke-grau","status":"publish","type":"product","link":"https:\/\/mnxsportswear.com\/de\/product\/mnx-trainingsjacke-grau\/","title":{"rendered":"MNX Trainingsjacke, grau"},"content":{"rendered":"<p>MNX-Trainingsjacke:<\/p>\n<ul>\n<li>perfekt f\u00fcr Training oder Freizeit,<\/li>\n<li>Rei\u00dfverschlusstaschen,<\/li>\n<li>\u00c4rmelstreifen,<\/li>\n<li>elastische B\u00fcndchen.<\/li>\n<\/ul>\n<p>Material: 85 % Polyester, 15 % Elasthan (5 % Schrumpfung)<br \/>\nFarbe: wie abgebildet<br \/>\nGewicht ca. 650 Gramm<br \/>\nGr\u00f6\u00dfen: S\/M, L\/XL, XXL\/3XL<br \/>\nStil: Slim-Fit<\/p>\n","protected":false},"excerpt":{"rendered":"<p>Gehen Sie mit dieser sportlichen und trendigen MNX-Trainingsjacke auf die Stra\u00dfe. Diese Jacke verf\u00fcgt \u00fcber eine schlanke Passform, \u00c4rmelstreifen, Rei\u00dfverschlusstaschen zur Aufbewahrung Ihrer wichtigsten Dinge und Eins\u00e4tze mit MNX-Logo. Kombinieren Sie diese Jacke mit der MNX-Trainingshose f\u00fcr das perfekte Outfit.<\/p>\n","protected":false},"featured_media":356540,"comment_status":"open","ping_status":"closed","template":"","meta":[],"product_brand":[],"product_cat":[3590,2405,2406],"product_tag":[],"class_list":{"0":"post-356929","1":"product","2":"type-product","3":"status-publish","4":"has-post-thumbnail","6":"product_cat-auffullen","7":"product_cat-herren","8":"product_cat-hoodies-jackets-de","10":"first","11":"instock","12":"taxable","13":"shipping-taxable","14":"purchasable","15":"product-type-variable"},"exclude_global_add_ons":[],"addons":[],"_links":{"self":[{"href":"https:\/\/mnxsportswear.com\/de\/wp-json\/wp\/v2\/product\/356929","targetHints":{"allow":["GET"]}}],"collection":[{"href":"https:\/\/mnxsportswear.com\/de\/wp-json\/wp\/v2\/product"}],"about":[{"href":"https:\/\/mnxsportswear.com\/de\/wp-json\/wp\/v2\/types\/product"}],"replies":[{"embeddable":true,"href":"https:\/\/mnxsportswear.com\/de\/wp-json\/wp\/v2\/comments?post=356929"}],"version-history":[{"count":1,"href":"https:\/\/mnxsportswear.com\/de\/wp-json\/wp\/v2\/product\/356929\/revisions"}],"predecessor-version":[{"id":406737,"href":"https:\/\/mnxsportswear.com\/de\/wp-json\/wp\/v2\/product\/356929\/revisions\/406737"}],"wp:featuredmedia":[{"embeddable":true,"href":"https:\/\/mnxsportswear.com\/de\/wp-json\/wp\/v2\/media\/356540"}],"wp:attachment":[{"href":"https:\/\/mnxsportswear.com\/de\/wp-json\/wp\/v2\/media?parent=356929"}],"wp:term":[{"taxonomy":"product_brand","embeddable":true,"href":"https:\/\/mnxsportswear.com\/de\/wp-json\/wp\/v2\/product_brand?post=356929"},{"taxonomy":"product_cat","embeddable":true,"href":"https:\/\/mnxsportswear.com\/de\/wp-json\/wp\/v2\/product_cat?post=356929"},{"taxonomy":"product_tag","embeddable":true,"href":"https:\/\/mnxsportswear.com\/de\/wp-json\/wp\/v2\/product_tag?post=356929"}],"curies":[{"name":"wp","href":"https:\/\/api.w.org\/{rel}","templated":true}]}}