{"id":362058,"date":"2022-11-30T11:46:57","date_gmt":"2022-11-30T10:46:57","guid":{"rendered":"https:\/\/mnxsportswear.com\/?post_type=product&#038;p=362058"},"modified":"2026-03-02T01:40:44","modified_gmt":"2026-03-02T00:40:44","slug":"mnx-ribbed-kurze-hosen-hammer-grey","status":"publish","type":"product","link":"https:\/\/mnxsportswear.com\/de\/product\/mnx-ribbed-kurze-hosen-hammer-grey\/","title":{"rendered":"MNX Ribbed kurze hosen Hammer, grey"},"content":{"rendered":"<p>Bequeme Hosen MNX Hammer.<\/p>\n<p><strong>Material: <\/strong><span class=\"tlid-translation translation\" lang=\"de\"><span class=\"\" title=\"\">65% Baumwolle, 35% Polyester<\/span><\/span><br \/>\n<strong>Farbe:<\/strong> wie abgebildet<br \/>\n<strong>Stil \/ Modell:<\/strong> regular fit -normale passform<br \/>\n<strong>Gr\u00f6\u00dfen:<\/strong> S, M, L, XL, 2XL, 3XL, 4XL<\/p>\n<p><strong>Pflegehinweise:<br \/>\n<\/strong>Waschen bei 30\u00b0C, Normalwaschgang. Nicht bleichen. Nicht trockenreinige. Nicht im W\u00e4schetrockner trocknen,. Nicht hei\u00df b\u00fcgeln (110\u00b0C). Vorsicht beim B\u00fcgeln mit Dampf.<\/p>\n","protected":false},"excerpt":{"rendered":"<p class=\"western\" lang=\"en-US\">Komfortable Hosen, gefertigt aus den besten Materialien f\u00fcr ihren perfekten Look. Mit Hosentaschen und Zippverschl\u00fcsse, einem elastischen Bund und Schn\u00fcren und einem speziellen mnx Patch. Einem V-Schnitt mit einem Kordelzug f\u00fcr einen Special Look. Kombinieren sie dieses Top mit den Hammer Pants und Hammer Shorts und kreieren sie das perfekte Outfit.<\/p>\n","protected":false},"featured_media":363335,"comment_status":"open","ping_status":"closed","template":"","meta":[],"product_brand":[],"product_cat":[3160,2405,2419],"product_tag":[],"class_list":{"0":"post-362058","1":"product","2":"type-product","3":"status-publish","4":"has-post-thumbnail","6":"product_cat-hammer-de","7":"product_cat-herren","8":"product_cat-shorts-de","9":"yith_product_brand-hammer-de","10":"yith_product_brand-mnx-de","12":"first","13":"instock","14":"taxable","15":"shipping-taxable","16":"purchasable","17":"product-type-variable"},"exclude_global_add_ons":[],"addons":[],"_links":{"self":[{"href":"https:\/\/mnxsportswear.com\/de\/wp-json\/wp\/v2\/product\/362058","targetHints":{"allow":["GET"]}}],"collection":[{"href":"https:\/\/mnxsportswear.com\/de\/wp-json\/wp\/v2\/product"}],"about":[{"href":"https:\/\/mnxsportswear.com\/de\/wp-json\/wp\/v2\/types\/product"}],"replies":[{"embeddable":true,"href":"https:\/\/mnxsportswear.com\/de\/wp-json\/wp\/v2\/comments?post=362058"}],"version-history":[{"count":1,"href":"https:\/\/mnxsportswear.com\/de\/wp-json\/wp\/v2\/product\/362058\/revisions"}],"predecessor-version":[{"id":406792,"href":"https:\/\/mnxsportswear.com\/de\/wp-json\/wp\/v2\/product\/362058\/revisions\/406792"}],"wp:featuredmedia":[{"embeddable":true,"href":"https:\/\/mnxsportswear.com\/de\/wp-json\/wp\/v2\/media\/363335"}],"wp:attachment":[{"href":"https:\/\/mnxsportswear.com\/de\/wp-json\/wp\/v2\/media?parent=362058"}],"wp:term":[{"taxonomy":"product_brand","embeddable":true,"href":"https:\/\/mnxsportswear.com\/de\/wp-json\/wp\/v2\/product_brand?post=362058"},{"taxonomy":"product_cat","embeddable":true,"href":"https:\/\/mnxsportswear.com\/de\/wp-json\/wp\/v2\/product_cat?post=362058"},{"taxonomy":"product_tag","embeddable":true,"href":"https:\/\/mnxsportswear.com\/de\/wp-json\/wp\/v2\/product_tag?post=362058"}],"curies":[{"name":"wp","href":"https:\/\/api.w.org\/{rel}","templated":true}]}}