{"id":363539,"date":"2023-12-29T11:11:43","date_gmt":"2023-12-29T10:11:43","guid":{"rendered":"https:\/\/mnxsportswear.com\/?post_type=product&#038;p=363539"},"modified":"2026-03-01T21:31:53","modified_gmt":"2026-03-01T20:31:53","slug":"mnx-football-jersey-10th-anniversary-limited-edition","status":"publish","type":"product","link":"https:\/\/mnxsportswear.com\/de\/product\/mnx-football-jersey-10th-anniversary-limited-edition\/","title":{"rendered":"MNX Football jersey 10th anniversary *LIMITED EDITION*"},"content":{"rendered":"<p>MNX-Fu\u00dfballtrikot.<\/p>\n<ul>\n<li>aus atmungsaktivem Micro-Mesh-Gewebe,<\/li>\n<li>atmungsaktive Tricot-Mesh-Eins\u00e4tze auf beiden Seiten,<\/li>\n<li>perfekt f\u00fcr Ihr Training oder Freizeitkleidung,<\/li>\n<li>Einzigartiges MNX-Design und Details.<\/li>\n<\/ul>\n<p><strong>Material: <\/strong>100% Polyester<br \/>\n<strong>Farbe:<\/strong> wie abgebildet<br \/>\n<strong>Stil \/ Modell:<\/strong> \u00fcbergro\u00df (weit geschnitten)<br \/>\n<strong>Gr\u00f6\u00dfen:<\/strong> S, M, L, XL, 2XL, 3XL, 4XL, 5XL<\/p>\n","protected":false},"excerpt":{"rendered":"<p><span class=\"HwtZe\" lang=\"de\"><strong><span style=\"color: #ff0000;\">MNX ist seit einem Jahrzehnt vor Ort!<\/span><\/strong> Feiern Sie mit uns unser 10-j\u00e4hriges Bestehen mit diesem Jubil\u00e4ums-Fu\u00dfballtrikot in Goldfarbe und mit der Nummer 10. <strong>In begrenzter St\u00fcckzahl erh\u00e4ltlich<\/strong>. Aus <strong>weichem Stoff<\/strong> f\u00fcr <strong>maximalen Komfort.<\/strong> Mit speziellem MNX-Aufn\u00e4her und Aufdruck zum 10-j\u00e4hrigen Jubil\u00e4um.<br \/>\n<\/span><\/p>\n","protected":false},"featured_media":363572,"comment_status":"open","ping_status":"closed","template":"","meta":[],"product_brand":[],"product_cat":[2405,2408],"product_tag":[],"class_list":{"0":"post-363539","1":"product","2":"type-product","3":"status-publish","4":"has-post-thumbnail","6":"product_cat-herren","7":"product_cat-trikots-jerseys","9":"first","10":"instock","11":"sale","12":"taxable","13":"shipping-taxable","14":"purchasable","15":"product-type-variable"},"exclude_global_add_ons":[],"addons":[],"_links":{"self":[{"href":"https:\/\/mnxsportswear.com\/de\/wp-json\/wp\/v2\/product\/363539","targetHints":{"allow":["GET"]}}],"collection":[{"href":"https:\/\/mnxsportswear.com\/de\/wp-json\/wp\/v2\/product"}],"about":[{"href":"https:\/\/mnxsportswear.com\/de\/wp-json\/wp\/v2\/types\/product"}],"replies":[{"embeddable":true,"href":"https:\/\/mnxsportswear.com\/de\/wp-json\/wp\/v2\/comments?post=363539"}],"version-history":[{"count":0,"href":"https:\/\/mnxsportswear.com\/de\/wp-json\/wp\/v2\/product\/363539\/revisions"}],"wp:featuredmedia":[{"embeddable":true,"href":"https:\/\/mnxsportswear.com\/de\/wp-json\/wp\/v2\/media\/363572"}],"wp:attachment":[{"href":"https:\/\/mnxsportswear.com\/de\/wp-json\/wp\/v2\/media?parent=363539"}],"wp:term":[{"taxonomy":"product_brand","embeddable":true,"href":"https:\/\/mnxsportswear.com\/de\/wp-json\/wp\/v2\/product_brand?post=363539"},{"taxonomy":"product_cat","embeddable":true,"href":"https:\/\/mnxsportswear.com\/de\/wp-json\/wp\/v2\/product_cat?post=363539"},{"taxonomy":"product_tag","embeddable":true,"href":"https:\/\/mnxsportswear.com\/de\/wp-json\/wp\/v2\/product_tag?post=363539"}],"curies":[{"name":"wp","href":"https:\/\/api.w.org\/{rel}","templated":true}]}}