{"id":363767,"date":"2023-12-29T11:11:40","date_gmt":"2023-12-29T10:11:40","guid":{"rendered":"https:\/\/mnxsportswear.com\/?post_type=product&#038;p=363767"},"modified":"2026-03-01T18:05:46","modified_gmt":"2026-03-01T17:05:46","slug":"mnx-stringer-tanktop-10th-anniversary-special-edition","status":"publish","type":"product","link":"https:\/\/mnxsportswear.com\/de\/product\/mnx-stringer-tanktop-10th-anniversary-special-edition\/","title":{"rendered":"MNX Stringer-Tanktop 10th anniversary *SPECIAL EDITION*"},"content":{"rendered":"<p>MNX Stringer Tanktop<\/p>\n<ul>\n<li>aus 100 % Baumwolle,<\/li>\n<li>mit gestickten Logos,<\/li>\n<li>normale Passform und mit abgerundetem Saum.<\/li>\n<\/ul>\n<p><strong>Material:<\/strong> 100 % Baumwolle<br \/>\n<strong>Farbe:<\/strong> wie abgebildet<br \/>\n<strong>Stil:<\/strong> klassisch<br \/>\n<strong>Gewicht<\/strong> ca. 160 Gramm<br \/>\n<strong>Gr\u00f6\u00dfen:<\/strong> S\/M, L\/XL, XXL\/3XL<\/p>\n","protected":false},"excerpt":{"rendered":"<p><span class=\"HwtZe\" lang=\"de\"><strong>MNX ist seit einem Jahrzehnt vor Ort!<\/strong> Feiern Sie mit uns das 10-j\u00e4hrige Bestehen mit diesem Stringer-Tanktop in der Jubil\u00e4umsedition mit dem Original-MNX-Aufdruck.<strong> In begrenzter St\u00fcckzahl verf\u00fcgbar.<\/strong><\/span><\/p>\n","protected":false},"featured_media":363801,"comment_status":"open","ping_status":"closed","template":"","meta":[],"product_brand":[],"product_cat":[2405,3097,2421],"product_tag":[],"class_list":{"0":"post-363767","1":"product","2":"type-product","3":"status-publish","4":"has-post-thumbnail","6":"product_cat-herren","7":"product_cat-stringer-de","8":"product_cat-tanks-de","10":"first","11":"instock","12":"sale","13":"taxable","14":"shipping-taxable","15":"purchasable","16":"product-type-variable"},"exclude_global_add_ons":[],"addons":[],"_links":{"self":[{"href":"https:\/\/mnxsportswear.com\/de\/wp-json\/wp\/v2\/product\/363767","targetHints":{"allow":["GET"]}}],"collection":[{"href":"https:\/\/mnxsportswear.com\/de\/wp-json\/wp\/v2\/product"}],"about":[{"href":"https:\/\/mnxsportswear.com\/de\/wp-json\/wp\/v2\/types\/product"}],"replies":[{"embeddable":true,"href":"https:\/\/mnxsportswear.com\/de\/wp-json\/wp\/v2\/comments?post=363767"}],"version-history":[{"count":1,"href":"https:\/\/mnxsportswear.com\/de\/wp-json\/wp\/v2\/product\/363767\/revisions"}],"predecessor-version":[{"id":407153,"href":"https:\/\/mnxsportswear.com\/de\/wp-json\/wp\/v2\/product\/363767\/revisions\/407153"}],"wp:featuredmedia":[{"embeddable":true,"href":"https:\/\/mnxsportswear.com\/de\/wp-json\/wp\/v2\/media\/363801"}],"wp:attachment":[{"href":"https:\/\/mnxsportswear.com\/de\/wp-json\/wp\/v2\/media?parent=363767"}],"wp:term":[{"taxonomy":"product_brand","embeddable":true,"href":"https:\/\/mnxsportswear.com\/de\/wp-json\/wp\/v2\/product_brand?post=363767"},{"taxonomy":"product_cat","embeddable":true,"href":"https:\/\/mnxsportswear.com\/de\/wp-json\/wp\/v2\/product_cat?post=363767"},{"taxonomy":"product_tag","embeddable":true,"href":"https:\/\/mnxsportswear.com\/de\/wp-json\/wp\/v2\/product_tag?post=363767"}],"curies":[{"name":"wp","href":"https:\/\/api.w.org\/{rel}","templated":true}]}}