{"id":365535,"date":"2024-02-09T12:51:51","date_gmt":"2024-02-09T11:51:51","guid":{"rendered":"https:\/\/mnxsportswear.com\/?post_type=product&#038;p=365535"},"modified":"2026-03-02T04:48:24","modified_gmt":"2026-03-02T03:48:24","slug":"personalisiertes-motivations-t-shirt-aus-jersey","status":"publish","type":"product","link":"https:\/\/mnxsportswear.com\/de\/product\/personalisiertes-motivations-t-shirt-aus-jersey\/","title":{"rendered":"Personalisiertes Motivations-T-Shirt aus Jersey"},"content":{"rendered":"<p>Gestalten Sie Ihr eigenes T-Shirt-Trikot!<\/p>\n<ul>\n<li>aus atmungsaktivem Micro-Mesh-Gewebe,<\/li>\n<li>atmungsaktive Trikot-Mesh-Eins\u00e4tze auf beiden Seiten,<\/li>\n<li>perfekt f\u00fcr Ihr Training oder Freizeitkleidung,<\/li>\n<li>einzigartiges MNX-Design und Details.<\/li>\n<\/ul>\n<p><strong>Schriftarten:<\/strong> Sie k\u00f6nnen zwischen 2 Schriftarten w\u00e4hlen.<\/p>\n<p><strong>Breite der Nummer und des Namens auf der R\u00fcckseite:<\/strong> max. 30 cm<\/p>\n<p><strong>Material:<\/strong> 100 % Polyester (5 % Schrumpfung)<br \/>\n<strong>Farbe:<\/strong> wie abgebildet<br \/>\n<strong>Stil:<\/strong> \u00fcbergro\u00df<br \/>\n<strong>Gr\u00f6\u00dfen:<\/strong> S, M, L, XL, XXL, 3XL<\/p>\n","protected":false},"excerpt":{"rendered":"<p>Gestalten Sie Ihr eigenes, einzigartiges Fu\u00dfball-T-Shirt-Trikot mit einem explosiven Logo f\u00fcr maximale Motivation beim Training! Erstellen Sie Ihr eigenes, einzigartiges Trikot, indem Sie das Logo, die Nummer, den Namen, die Druckfarbe, die Farbe des Trikots und den Schriftstil ausw\u00e4hlen. Das Logo wird auf die Vorderseite gedruckt und Ihr Name und Ihre Nummer auf der R\u00fcckseite.<\/p>\n<p><em>Hinweis: Wir empfehlen Ihnen, kurze W\u00f6rter einzugeben. Je l\u00e4nger die W\u00f6rter, die Sie schreiben, desto kleiner werden die Zeichen, damit sie in die Breite des T-Shirts passen.<\/em><\/p>\n","protected":false},"featured_media":365838,"comment_status":"open","ping_status":"closed","template":"","meta":[],"product_brand":[],"product_cat":[2441,2405],"product_tag":[],"class_list":{"0":"post-365535","1":"product","2":"type-product","3":"status-publish","4":"has-post-thumbnail","6":"product_cat-diy-de","7":"product_cat-herren","8":"yith_product_brand-mnx-de","10":"first","11":"outofstock","12":"taxable","13":"shipping-taxable","14":"purchasable","15":"product-type-variable"},"exclude_global_add_ons":true,"addons":[{"name":"NUMMER","type":"custom_text","position":0,"required":false,"title_format":"label","default":"","description_enable":false,"description":"","placeholder_enable":false,"placeholder":"","display":"select","restrictions_type":"only_numbers","adjust_price":false,"price":"4","price_type":"quantity_based","restrictions":true,"min":"0","max":"2","options":[],"id":1707329932},{"name":"NAME","type":"custom_text","position":1,"required":false,"title_format":"label","default":"","description_enable":false,"description":"","placeholder_enable":false,"placeholder":"","display":"select","restrictions_type":"only_letters_numbers","adjust_price":false,"price":"2","price_type":"quantity_based","restrictions":true,"min":"0","max":"14","options":[],"id":1707329933}],"_links":{"self":[{"href":"https:\/\/mnxsportswear.com\/de\/wp-json\/wp\/v2\/product\/365535","targetHints":{"allow":["GET"]}}],"collection":[{"href":"https:\/\/mnxsportswear.com\/de\/wp-json\/wp\/v2\/product"}],"about":[{"href":"https:\/\/mnxsportswear.com\/de\/wp-json\/wp\/v2\/types\/product"}],"replies":[{"embeddable":true,"href":"https:\/\/mnxsportswear.com\/de\/wp-json\/wp\/v2\/comments?post=365535"}],"version-history":[{"count":0,"href":"https:\/\/mnxsportswear.com\/de\/wp-json\/wp\/v2\/product\/365535\/revisions"}],"wp:featuredmedia":[{"embeddable":true,"href":"https:\/\/mnxsportswear.com\/de\/wp-json\/wp\/v2\/media\/365838"}],"wp:attachment":[{"href":"https:\/\/mnxsportswear.com\/de\/wp-json\/wp\/v2\/media?parent=365535"}],"wp:term":[{"taxonomy":"product_brand","embeddable":true,"href":"https:\/\/mnxsportswear.com\/de\/wp-json\/wp\/v2\/product_brand?post=365535"},{"taxonomy":"product_cat","embeddable":true,"href":"https:\/\/mnxsportswear.com\/de\/wp-json\/wp\/v2\/product_cat?post=365535"},{"taxonomy":"product_tag","embeddable":true,"href":"https:\/\/mnxsportswear.com\/de\/wp-json\/wp\/v2\/product_tag?post=365535"}],"curies":[{"name":"wp","href":"https:\/\/api.w.org\/{rel}","templated":true}]}}