{"id":377419,"date":"2024-09-02T09:03:12","date_gmt":"2024-09-02T07:03:12","guid":{"rendered":"https:\/\/new24.mnxsportswear.com\/?post_type=product&#038;p=377419"},"modified":"2026-03-23T22:38:23","modified_gmt":"2026-03-23T21:38:23","slug":"mnx-kapuzenpullover-motion-melange-grey","status":"publish","type":"product","link":"https:\/\/mnxsportswear.com\/de\/product\/mnx-kapuzenpullover-motion-melange-grey\/","title":{"rendered":"MNX Kapuzenpullover Motion, melange grey"},"content":{"rendered":"<p>MNX Motion Kapuzenpullover.<\/p>\n<ul>\n<li>weicher Baumwollstoff,<\/li>\n<li>perfekt f\u00fcr Training oder Freizeit,<\/li>\n<li>originales MNX-Branding,<\/li>\n<li>gerippte B\u00fcndchen und Saum.<\/li>\n<\/ul>\n<p><strong>Material:<\/strong> 80 % Baumwolle, 20 % Polyester (5 % Schrumpfung)<br \/>\n<strong>Farbe:<\/strong> wie abgebildet<br \/>\n<strong>Gewicht ca<\/strong>. 450 Gramm<br \/>\n<strong>Gr\u00f6\u00dfen:<\/strong> S, M, L, XL, XXL, 3XL, 4XL<br \/>\n<strong>Stil:<\/strong> lockere Passform<\/p>\n<p><em>Model tr\u00e4gt auf Studiofotos Gr\u00f6\u00dfe M (178 cm, 87 kg).<\/em><\/p>\n","protected":false},"excerpt":{"rendered":"<p>Urban trifft auf Sportlichkeit in unserer Motion-Kollektion. Mit diesem MNX-Hoodie haben Sie die Kombination aus klassischem Stil und l\u00e4ssigem Look f\u00fcr unterwegs. Mit neuem Original-MNX-Logoaufn\u00e4her auf der Vorderseite, minimalistischem Branding am \u00c4rmel und unter der Kapuze, elastischen B\u00fcndchen und weicher Stoffmischung. Erh\u00e4ltlich in mehreren Farben. Schauen Sie sich auch die Motion-Hosen an und kreieren Sie Ihr perfektes Outfit.<\/p>\n","protected":false},"featured_media":367282,"comment_status":"open","ping_status":"closed","template":"","meta":[],"product_brand":[],"product_cat":[2405,3069,2406],"product_tag":[],"class_list":{"0":"post-377419","1":"product","2":"type-product","3":"status-publish","4":"has-post-thumbnail","6":"product_cat-herren","7":"product_cat-hoodies-de","8":"product_cat-hoodies-jackets-de","9":"yith_product_brand-mnx-de","10":"yith_product_brand-motion-de","12":"first","13":"instock","14":"taxable","15":"shipping-taxable","16":"purchasable","17":"product-type-variable"},"exclude_global_add_ons":[],"addons":[],"_links":{"self":[{"href":"https:\/\/mnxsportswear.com\/de\/wp-json\/wp\/v2\/product\/377419","targetHints":{"allow":["GET"]}}],"collection":[{"href":"https:\/\/mnxsportswear.com\/de\/wp-json\/wp\/v2\/product"}],"about":[{"href":"https:\/\/mnxsportswear.com\/de\/wp-json\/wp\/v2\/types\/product"}],"replies":[{"embeddable":true,"href":"https:\/\/mnxsportswear.com\/de\/wp-json\/wp\/v2\/comments?post=377419"}],"version-history":[{"count":1,"href":"https:\/\/mnxsportswear.com\/de\/wp-json\/wp\/v2\/product\/377419\/revisions"}],"predecessor-version":[{"id":406721,"href":"https:\/\/mnxsportswear.com\/de\/wp-json\/wp\/v2\/product\/377419\/revisions\/406721"}],"wp:featuredmedia":[{"embeddable":true,"href":"https:\/\/mnxsportswear.com\/de\/wp-json\/wp\/v2\/media\/367282"}],"wp:attachment":[{"href":"https:\/\/mnxsportswear.com\/de\/wp-json\/wp\/v2\/media?parent=377419"}],"wp:term":[{"taxonomy":"product_brand","embeddable":true,"href":"https:\/\/mnxsportswear.com\/de\/wp-json\/wp\/v2\/product_brand?post=377419"},{"taxonomy":"product_cat","embeddable":true,"href":"https:\/\/mnxsportswear.com\/de\/wp-json\/wp\/v2\/product_cat?post=377419"},{"taxonomy":"product_tag","embeddable":true,"href":"https:\/\/mnxsportswear.com\/de\/wp-json\/wp\/v2\/product_tag?post=377419"}],"curies":[{"name":"wp","href":"https:\/\/api.w.org\/{rel}","templated":true}]}}