{"id":377423,"date":"2024-09-02T09:03:11","date_gmt":"2024-09-02T07:03:11","guid":{"rendered":"https:\/\/new24.mnxsportswear.com\/?post_type=product&#038;p=377423"},"modified":"2026-03-23T22:38:22","modified_gmt":"2026-03-23T21:38:22","slug":"mnx-hose-motion-melange-grey","status":"publish","type":"product","link":"https:\/\/mnxsportswear.com\/de\/product\/mnx-hose-motion-melange-grey\/","title":{"rendered":"MNX Hose Motion, melange grey"},"content":{"rendered":"<p>MNX Sporthose <em>Motion<\/em>.<\/p>\n<ul>\n<li>weicher Baumwollstoff,<\/li>\n<li>perfekt f\u00fcr Training oder Freizeit,<\/li>\n<li>originales MNX-Branding,<\/li>\n<li>elastischer Bund mit innenliegendem Kordelzug,<\/li>\n<li>Seiten- und Ges\u00e4\u00dftaschen.<\/li>\n<\/ul>\n<p><strong>Material:<\/strong> 80 % Baumwolle, 20 % Polyester (5 % Schrumpfung)<br \/>\n<strong>Farbe:<\/strong> wie abgebildet<br \/>\n<strong>Gewicht<\/strong> ca. 600 Gramm<br \/>\n<strong>Gr\u00f6\u00dfen:<\/strong> S, M, L, XL, 2XL, 3XL, 4XL<br \/>\n<strong>Stil:<\/strong> lockere Passform<\/p>\n<p><em>Model tr\u00e4gt auf Studiofotos Gr\u00f6\u00dfe M (178 cm, 87 kg).<\/em><\/p>\n","protected":false},"excerpt":{"rendered":"<p>Urban trifft auf Sportlichkeit in unserer Motion-Kollektion. Mit dieser MNX Motion-Hose haben Sie die Kombination aus klassischem Stil und l\u00e4ssigem Look f\u00fcr unterwegs. Mit neuem Original-MNX-Logoaufn\u00e4her auf der Vorderseite, minimalistischem Branding auf dem rechten Bein und auf der R\u00fcckseite, Taschen, elastischen B\u00fcndchen mit verstellbarem Kordelzug und weicher Stoffmischung. Erh\u00e4ltlich in mehreren Farben. Schauen Sie sich auch den <a href=\"https:\/\/mnxsportswear.com\/product-category\/men\/hoodies-sweatshirts\/\">Motion-Hoodie<\/a> an und kreieren Sie Ihr perfektes Outfit.<\/p>\n","protected":false},"featured_media":367354,"comment_status":"open","ping_status":"closed","template":"","meta":[],"product_brand":[],"product_cat":[3590,2405,2430,3078],"product_tag":[],"class_list":{"0":"post-377423","1":"product","2":"type-product","3":"status-publish","4":"has-post-thumbnail","6":"product_cat-auffullen","7":"product_cat-herren","8":"product_cat-hosen","9":"product_cat-lockere-passform","10":"yith_product_brand-mnx-de","11":"yith_product_brand-motion-de","13":"first","14":"instock","15":"taxable","16":"shipping-taxable","17":"purchasable","18":"product-type-variable"},"exclude_global_add_ons":[],"addons":[],"_links":{"self":[{"href":"https:\/\/mnxsportswear.com\/de\/wp-json\/wp\/v2\/product\/377423","targetHints":{"allow":["GET"]}}],"collection":[{"href":"https:\/\/mnxsportswear.com\/de\/wp-json\/wp\/v2\/product"}],"about":[{"href":"https:\/\/mnxsportswear.com\/de\/wp-json\/wp\/v2\/types\/product"}],"replies":[{"embeddable":true,"href":"https:\/\/mnxsportswear.com\/de\/wp-json\/wp\/v2\/comments?post=377423"}],"version-history":[{"count":1,"href":"https:\/\/mnxsportswear.com\/de\/wp-json\/wp\/v2\/product\/377423\/revisions"}],"predecessor-version":[{"id":406722,"href":"https:\/\/mnxsportswear.com\/de\/wp-json\/wp\/v2\/product\/377423\/revisions\/406722"}],"wp:featuredmedia":[{"embeddable":true,"href":"https:\/\/mnxsportswear.com\/de\/wp-json\/wp\/v2\/media\/367354"}],"wp:attachment":[{"href":"https:\/\/mnxsportswear.com\/de\/wp-json\/wp\/v2\/media?parent=377423"}],"wp:term":[{"taxonomy":"product_brand","embeddable":true,"href":"https:\/\/mnxsportswear.com\/de\/wp-json\/wp\/v2\/product_brand?post=377423"},{"taxonomy":"product_cat","embeddable":true,"href":"https:\/\/mnxsportswear.com\/de\/wp-json\/wp\/v2\/product_cat?post=377423"},{"taxonomy":"product_tag","embeddable":true,"href":"https:\/\/mnxsportswear.com\/de\/wp-json\/wp\/v2\/product_tag?post=377423"}],"curies":[{"name":"wp","href":"https:\/\/api.w.org\/{rel}","templated":true}]}}