{"id":377428,"date":"2024-09-02T09:02:03","date_gmt":"2024-09-02T07:02:03","guid":{"rendered":"https:\/\/new24.mnxsportswear.com\/?post_type=product&#038;p=377428"},"modified":"2026-03-01T19:49:33","modified_gmt":"2026-03-01T18:49:33","slug":"mnx-workout-top-golden-era-rosewood","status":"publish","type":"product","link":"https:\/\/mnxsportswear.com\/de\/product\/mnx-workout-top-golden-era-rosewood\/","title":{"rendered":"MNX Workout Top Golden Era, rosewood"},"content":{"rendered":"<p>MNX Workout-Top Golden Era<\/p>\n<ul>\n<li>aus weicher und warmer Baumwollmischung f\u00fcr maximalen Komfort,<\/li>\n<li>MNX Originaldruck und Aufn\u00e4her,<\/li>\n<li>\u00fcbergro\u00dfe Passform.<\/li>\n<\/ul>\n<p><strong>Material:<\/strong> 100 % Baumwolle (5 % Schrumpfung)<br \/>\n<strong>Farbe:<\/strong> wie abgebildet<br \/>\n<strong>Stil:<\/strong> \u00fcbergro\u00df<br \/>\n<strong>Gewicht<\/strong> ca. 450 Gramm<br \/>\n<strong>Gr\u00f6\u00dfen:<\/strong> S\/M, L\/XL, XXL\/3XL, 4XL\/5XL<\/p>\n<p><em>Model auf Studiofotos tr\u00e4gt Gr\u00f6\u00dfe S\/M (178 cm, 87 kg).<\/em><\/p>\n","protected":false},"excerpt":{"rendered":"<p>Machen Sie sich bereit f\u00fcr das Fitnessstudio mit diesem auff\u00e4lligen Workout-Top Golden Era aus w\u00e4rmerer, weicher Baumwolle. Mit originalem MNX-Aufdruck, gesticktem Aufn\u00e4her und gerippten B\u00fcndchen. Erh\u00e4ltlich in mehreren Farben.<\/p>\n","protected":false},"featured_media":374545,"comment_status":"open","ping_status":"closed","template":"","meta":[],"product_brand":[],"product_cat":[3157,2405,2420,3057],"product_tag":[],"class_list":{"0":"post-377428","1":"product","2":"type-product","3":"status-publish","4":"has-post-thumbnail","6":"product_cat-golden-era-de","7":"product_cat-herren","8":"product_cat-trikots","9":"product_cat-ueberdimensioniert","10":"pa_double-sizes-4xl-5xl-de","11":"pa_double-sizes-l-xl-de","12":"pa_double-sizes-s-m-de","13":"pa_double-sizes-xxl-3xl-de","14":"yith_product_brand-mnx-de","16":"first","17":"instock","18":"taxable","19":"shipping-taxable","20":"purchasable","21":"product-type-variable"},"exclude_global_add_ons":[],"addons":[],"_links":{"self":[{"href":"https:\/\/mnxsportswear.com\/de\/wp-json\/wp\/v2\/product\/377428","targetHints":{"allow":["GET"]}}],"collection":[{"href":"https:\/\/mnxsportswear.com\/de\/wp-json\/wp\/v2\/product"}],"about":[{"href":"https:\/\/mnxsportswear.com\/de\/wp-json\/wp\/v2\/types\/product"}],"replies":[{"embeddable":true,"href":"https:\/\/mnxsportswear.com\/de\/wp-json\/wp\/v2\/comments?post=377428"}],"version-history":[{"count":1,"href":"https:\/\/mnxsportswear.com\/de\/wp-json\/wp\/v2\/product\/377428\/revisions"}],"predecessor-version":[{"id":407500,"href":"https:\/\/mnxsportswear.com\/de\/wp-json\/wp\/v2\/product\/377428\/revisions\/407500"}],"wp:featuredmedia":[{"embeddable":true,"href":"https:\/\/mnxsportswear.com\/de\/wp-json\/wp\/v2\/media\/374545"}],"wp:attachment":[{"href":"https:\/\/mnxsportswear.com\/de\/wp-json\/wp\/v2\/media?parent=377428"}],"wp:term":[{"taxonomy":"product_brand","embeddable":true,"href":"https:\/\/mnxsportswear.com\/de\/wp-json\/wp\/v2\/product_brand?post=377428"},{"taxonomy":"product_cat","embeddable":true,"href":"https:\/\/mnxsportswear.com\/de\/wp-json\/wp\/v2\/product_cat?post=377428"},{"taxonomy":"product_tag","embeddable":true,"href":"https:\/\/mnxsportswear.com\/de\/wp-json\/wp\/v2\/product_tag?post=377428"}],"curies":[{"name":"wp","href":"https:\/\/api.w.org\/{rel}","templated":true}]}}