{"id":377429,"date":"2024-09-02T09:03:10","date_gmt":"2024-09-02T07:03:10","guid":{"rendered":"https:\/\/new24.mnxsportswear.com\/?post_type=product&#038;p=377429"},"modified":"2026-03-01T19:49:33","modified_gmt":"2026-03-01T18:49:33","slug":"mnx-workout-top-golden-era-himmelblau","status":"publish","type":"product","link":"https:\/\/mnxsportswear.com\/de\/product\/mnx-workout-top-golden-era-himmelblau\/","title":{"rendered":"MNX Workout Top Golden Era, himmelblau"},"content":{"rendered":"<p>MNX Workout Oberteil Goldene \u00c4ra<\/p>\n<ul>\n<li>aus weicher und warmer Baumwollmischung f\u00fcr maximalen Komfort,<\/li>\n<li>MNX Originaldruck und Aufn\u00e4her,<\/li>\n<li>\u00dcbergro\u00dfe Passform.<\/li>\n<\/ul>\n<p><strong>Material:<\/strong> 100% Baumwolle (5% Schrumpfung)<br \/>\n<strong>Farbe:<\/strong> wie abgebildet<br \/>\n<strong>Stil:<\/strong> \u00fcbergro\u00df<br \/>\n<strong>Gewicht:<\/strong> ca. 450 Gramm<br \/>\n<strong>Gr\u00f6\u00dfen:<\/strong> S\/M, L\/XL, XXL\/3XL, 4XL\/5XL<\/p>\n<p><em>Model auf Studiofotos tr\u00e4gt Gr\u00f6\u00dfe S\/M (178 cm, 87 kg).<\/em><\/p>\n","protected":false},"excerpt":{"rendered":"<p>Machen Sie sich bereit f\u00fcr das Fitnessstudio mit diesem auff\u00e4lligen Workout-Top <em>von Golden Era<\/em>, das aus <strong>warmer, weicher Baumwolle<\/strong> besteht. Mit original MNX-Aufdruck, <strong>gesticktem Aufn\u00e4her<\/strong> und <strong>gerippten B\u00fcndchen<\/strong>. Erh\u00e4ltlich in verschiedenen Farben.<\/p>\n","protected":false},"featured_media":367658,"comment_status":"open","ping_status":"closed","template":"","meta":[],"product_brand":[],"product_cat":[3157,2405,2420,3057],"product_tag":[],"class_list":{"0":"post-377429","1":"product","2":"type-product","3":"status-publish","4":"has-post-thumbnail","6":"product_cat-golden-era-de","7":"product_cat-herren","8":"product_cat-trikots","9":"product_cat-ueberdimensioniert","10":"pa_double-sizes-4xl-5xl-de","11":"pa_double-sizes-l-xl-de","12":"pa_double-sizes-s-m-de","13":"pa_double-sizes-xxl-3xl-de","14":"yith_product_brand-mnx-de","16":"first","17":"instock","18":"taxable","19":"shipping-taxable","20":"purchasable","21":"product-type-variable"},"exclude_global_add_ons":[],"addons":[],"_links":{"self":[{"href":"https:\/\/mnxsportswear.com\/de\/wp-json\/wp\/v2\/product\/377429","targetHints":{"allow":["GET"]}}],"collection":[{"href":"https:\/\/mnxsportswear.com\/de\/wp-json\/wp\/v2\/product"}],"about":[{"href":"https:\/\/mnxsportswear.com\/de\/wp-json\/wp\/v2\/types\/product"}],"replies":[{"embeddable":true,"href":"https:\/\/mnxsportswear.com\/de\/wp-json\/wp\/v2\/comments?post=377429"}],"version-history":[{"count":1,"href":"https:\/\/mnxsportswear.com\/de\/wp-json\/wp\/v2\/product\/377429\/revisions"}],"predecessor-version":[{"id":407497,"href":"https:\/\/mnxsportswear.com\/de\/wp-json\/wp\/v2\/product\/377429\/revisions\/407497"}],"wp:featuredmedia":[{"embeddable":true,"href":"https:\/\/mnxsportswear.com\/de\/wp-json\/wp\/v2\/media\/367658"}],"wp:attachment":[{"href":"https:\/\/mnxsportswear.com\/de\/wp-json\/wp\/v2\/media?parent=377429"}],"wp:term":[{"taxonomy":"product_brand","embeddable":true,"href":"https:\/\/mnxsportswear.com\/de\/wp-json\/wp\/v2\/product_brand?post=377429"},{"taxonomy":"product_cat","embeddable":true,"href":"https:\/\/mnxsportswear.com\/de\/wp-json\/wp\/v2\/product_cat?post=377429"},{"taxonomy":"product_tag","embeddable":true,"href":"https:\/\/mnxsportswear.com\/de\/wp-json\/wp\/v2\/product_tag?post=377429"}],"curies":[{"name":"wp","href":"https:\/\/api.w.org\/{rel}","templated":true}]}}