{"id":377433,"date":"2024-09-02T09:02:02","date_gmt":"2024-09-02T07:02:02","guid":{"rendered":"https:\/\/new24.mnxsportswear.com\/?post_type=product&#038;p=377433"},"modified":"2026-03-01T18:05:46","modified_gmt":"2026-03-01T17:05:46","slug":"mnx-tank-top-golden-era-schwarz","status":"publish","type":"product","link":"https:\/\/mnxsportswear.com\/de\/product\/mnx-tank-top-golden-era-schwarz\/","title":{"rendered":"MNX Tank Top Golden Era, Schwarz"},"content":{"rendered":"<p>MNX Tanktop aus der GOLDEN ERA-Serie.<\/p>\n<ul>\n<li>aus weicher Stoffmischung f\u00fcr maximalen Komfort,<\/li>\n<li>mit speziellem Golden-Era-Patch,<\/li>\n<li>normale Passform und mit abgerundetem Saum.<\/li>\n<\/ul>\n<p><strong>Material:<\/strong> 100 % Polyester<br \/>\n<strong>Farbe:<\/strong> wie abgebildet<br \/>\n<strong>Stil:<\/strong> klassisch<br \/>\n<strong>Gewicht<\/strong> ca. 200 Gramm<br \/>\n<strong>Gr\u00f6\u00dfen:<\/strong> S\/M, L\/XL, XXL\/3XL, 4XL\/5XL<\/p>\n<p><em>Model auf Studiofotos tr\u00e4gt Gr\u00f6\u00dfe S\/M (178 cm, 87 kg).<\/em><\/p>\n","protected":false},"excerpt":{"rendered":"<p><span class=\"HwtZe\" lang=\"de\">Old-School-Tanktop aus der <em>Golden Era<\/em>-Kollektion, gemacht f\u00fcr alle Fans der Bodybuilding-Trends der 70er und 80er Jahre. Aus atmungsaktivem <strong>Mesh-Gewebe<\/strong> f\u00fcr <strong>maximalen Komfort<\/strong>. Mit speziellem MNX-Golden-\u00c4ra-Patch, normaler Passform und tiefen Arml\u00f6chern. Erh\u00e4ltlich in mehreren Farben.<br \/>\n<\/span><\/p>\n","protected":false},"featured_media":367758,"comment_status":"open","ping_status":"closed","template":"","meta":[],"product_brand":[],"product_cat":[3157,2405,3097,2421],"product_tag":[],"class_list":{"0":"post-377433","1":"product","2":"type-product","3":"status-publish","4":"has-post-thumbnail","6":"product_cat-golden-era-de","7":"product_cat-herren","8":"product_cat-stringer-de","9":"product_cat-tanks-de","10":"pa_double-sizes-l-xl-de","11":"pa_double-sizes-s-m-de","12":"pa_double-sizes-xxl-3xl-de","13":"yith_product_brand-mnx-de","15":"first","16":"outofstock","17":"taxable","18":"shipping-taxable","19":"purchasable","20":"product-type-variable"},"exclude_global_add_ons":[],"addons":[],"_links":{"self":[{"href":"https:\/\/mnxsportswear.com\/de\/wp-json\/wp\/v2\/product\/377433","targetHints":{"allow":["GET"]}}],"collection":[{"href":"https:\/\/mnxsportswear.com\/de\/wp-json\/wp\/v2\/product"}],"about":[{"href":"https:\/\/mnxsportswear.com\/de\/wp-json\/wp\/v2\/types\/product"}],"replies":[{"embeddable":true,"href":"https:\/\/mnxsportswear.com\/de\/wp-json\/wp\/v2\/comments?post=377433"}],"version-history":[{"count":1,"href":"https:\/\/mnxsportswear.com\/de\/wp-json\/wp\/v2\/product\/377433\/revisions"}],"predecessor-version":[{"id":407145,"href":"https:\/\/mnxsportswear.com\/de\/wp-json\/wp\/v2\/product\/377433\/revisions\/407145"}],"wp:featuredmedia":[{"embeddable":true,"href":"https:\/\/mnxsportswear.com\/de\/wp-json\/wp\/v2\/media\/367758"}],"wp:attachment":[{"href":"https:\/\/mnxsportswear.com\/de\/wp-json\/wp\/v2\/media?parent=377433"}],"wp:term":[{"taxonomy":"product_brand","embeddable":true,"href":"https:\/\/mnxsportswear.com\/de\/wp-json\/wp\/v2\/product_brand?post=377433"},{"taxonomy":"product_cat","embeddable":true,"href":"https:\/\/mnxsportswear.com\/de\/wp-json\/wp\/v2\/product_cat?post=377433"},{"taxonomy":"product_tag","embeddable":true,"href":"https:\/\/mnxsportswear.com\/de\/wp-json\/wp\/v2\/product_tag?post=377433"}],"curies":[{"name":"wp","href":"https:\/\/api.w.org\/{rel}","templated":true}]}}