{"id":377434,"date":"2024-09-02T09:02:02","date_gmt":"2024-09-02T07:02:02","guid":{"rendered":"https:\/\/new24.mnxsportswear.com\/?post_type=product&#038;p=377434"},"modified":"2026-03-01T19:18:11","modified_gmt":"2026-03-01T18:18:11","slug":"mnx-klassisches-t-shirt-golden-era-2-0-blau","status":"publish","type":"product","link":"https:\/\/mnxsportswear.com\/de\/product\/mnx-klassisches-t-shirt-golden-era-2-0-blau\/","title":{"rendered":"MNX klassisches T-Shirt Golden Era 2.0, blau"},"content":{"rendered":"<p>MNX klassisches T-Shirt Golden Era<\/p>\n<ul>\n<li>aus weicher Baumwollmischung f\u00fcr maximalen Komfort,<\/li>\n<li>MNX Originaldruck und Aufn\u00e4her,<\/li>\n<li>normale Passform<\/li>\n<\/ul>\n<p><strong>Material:<\/strong> 100 % Baumwolle (5 % Schrumpfung)<br \/>\n<strong>Farbe:<\/strong> wie abgebildet<br \/>\n<strong>Stil:<\/strong> klassisch<br \/>\n<strong>Gewicht<\/strong> ca. 250 Gramm<br \/>\n<strong>Gr\u00f6\u00dfen: <\/strong>S, M, L, XL, XXL, 3XL<\/p>\n<p><em>Model auf Studiofotos tr\u00e4gt Gr\u00f6\u00dfe S (184 cm, 84 kg).<\/em><\/p>\n","protected":false},"excerpt":{"rendered":"<div class=\"lRu31\"><span class=\"HwtZe\" lang=\"de\">Dieses auff\u00e4llige Old-School-T-Shirt von <em>Golden Era<\/em> ist perfekt f\u00fcr Ihren Alltag. Aus weicher <strong>Baumwollmischung<\/strong>, mit <strong>originalem MNX-Aufdruck<\/strong> und <strong>gesticktem Aufn\u00e4her<\/strong>. Erh\u00e4ltlich in mehreren Farben.<br \/>\n<\/span><\/div>\n<div class=\"UdTY9 WdefRb\" aria-hidden=\"true\" data-location=\"2\">\n<div class=\"kO6q6e\"><\/div>\n<\/div>\n","protected":false},"featured_media":367784,"comment_status":"open","ping_status":"closed","template":"","meta":[],"product_brand":[],"product_cat":[3081,3157,2405,2420],"product_tag":[],"class_list":{"0":"post-377434","1":"product","2":"type-product","3":"status-publish","4":"has-post-thumbnail","6":"product_cat-classic-de","7":"product_cat-golden-era-de","8":"product_cat-herren","9":"product_cat-trikots","10":"yith_product_brand-mnx-de","12":"first","13":"instock","14":"taxable","15":"shipping-taxable","16":"purchasable","17":"product-type-variable"},"exclude_global_add_ons":[],"addons":[],"_links":{"self":[{"href":"https:\/\/mnxsportswear.com\/de\/wp-json\/wp\/v2\/product\/377434","targetHints":{"allow":["GET"]}}],"collection":[{"href":"https:\/\/mnxsportswear.com\/de\/wp-json\/wp\/v2\/product"}],"about":[{"href":"https:\/\/mnxsportswear.com\/de\/wp-json\/wp\/v2\/types\/product"}],"replies":[{"embeddable":true,"href":"https:\/\/mnxsportswear.com\/de\/wp-json\/wp\/v2\/comments?post=377434"}],"version-history":[{"count":1,"href":"https:\/\/mnxsportswear.com\/de\/wp-json\/wp\/v2\/product\/377434\/revisions"}],"predecessor-version":[{"id":407502,"href":"https:\/\/mnxsportswear.com\/de\/wp-json\/wp\/v2\/product\/377434\/revisions\/407502"}],"wp:featuredmedia":[{"embeddable":true,"href":"https:\/\/mnxsportswear.com\/de\/wp-json\/wp\/v2\/media\/367784"}],"wp:attachment":[{"href":"https:\/\/mnxsportswear.com\/de\/wp-json\/wp\/v2\/media?parent=377434"}],"wp:term":[{"taxonomy":"product_brand","embeddable":true,"href":"https:\/\/mnxsportswear.com\/de\/wp-json\/wp\/v2\/product_brand?post=377434"},{"taxonomy":"product_cat","embeddable":true,"href":"https:\/\/mnxsportswear.com\/de\/wp-json\/wp\/v2\/product_cat?post=377434"},{"taxonomy":"product_tag","embeddable":true,"href":"https:\/\/mnxsportswear.com\/de\/wp-json\/wp\/v2\/product_tag?post=377434"}],"curies":[{"name":"wp","href":"https:\/\/api.w.org\/{rel}","templated":true}]}}