{"id":377436,"date":"2024-09-02T09:02:02","date_gmt":"2024-09-02T07:02:02","guid":{"rendered":"https:\/\/new24.mnxsportswear.com\/?post_type=product&#038;p=377436"},"modified":"2026-03-01T19:49:33","modified_gmt":"2026-03-01T18:49:33","slug":"mnx-workout-top-hammer-3-0-schwarz","status":"publish","type":"product","link":"https:\/\/mnxsportswear.com\/de\/product\/mnx-workout-top-hammer-3-0-schwarz\/","title":{"rendered":"MNX Workout Top Hammer 3.0, Schwarz"},"content":{"rendered":"<p>MNX Workout-Oberteil, hergestellt aus Rippstoff.<\/p>\n<ul>\n<li>Weicher Rippstoff,<\/li>\n<li>\u00dcbergro\u00dfer Stil,<\/li>\n<li>Gewebte Aufn\u00e4her,<\/li>\n<li>Gummierter 3D-Druck.<\/li>\n<\/ul>\n<p><strong>Material:<\/strong> 50% Baumwolle, 50% Polyester<br \/>\n<strong>Farbe:<\/strong> wie abgebildet<br \/>\n<strong>Gewicht:<\/strong> ca. 350 Gramm<br \/>\n<strong>Gr\u00f6\u00dfen:<\/strong> S\/M, L\/XL, XXL\/3XL, 4XL\/5XL<\/p>\n<p><em>Model auf Studiofotos tr\u00e4gt Gr\u00f6\u00dfe S\/M (178 cm, 87 kg).<\/em><\/p>\n","protected":false},"excerpt":{"rendered":"<p>Dieses Trainingsoberteil ist eine zeitgem\u00e4\u00dfe Mischung aus Bodybuilding-Kleidung und Streetwear-Mode. Es besteht aus weicher Rippstoff mit einer \u00fcbergro\u00dfen und entspannten Passform. Mit einem modernen gummierten 3D-Druck auf den Schultern und vorne. Kombinieren Sie dieses Trainingsoberteil mit der <a href=\"https:\/\/mnxsportswear.com\/product-category\/men\/hammer\/\"><em>Hammer-Kollektion<\/em><\/a>, um das perfekte Outfit zu kreieren.<\/p>\n","protected":false},"featured_media":367831,"comment_status":"open","ping_status":"closed","template":"","meta":[],"product_brand":[],"product_cat":[3590,3160,2405,2420,3057],"product_tag":[],"class_list":{"0":"post-377436","1":"product","2":"type-product","3":"status-publish","4":"has-post-thumbnail","6":"product_cat-auffullen","7":"product_cat-hammer-de","8":"product_cat-herren","9":"product_cat-trikots","10":"product_cat-ueberdimensioniert","11":"pa_double-sizes-4xl-5xl-de","12":"pa_double-sizes-l-xl-de","13":"pa_double-sizes-s-m-de","14":"pa_double-sizes-xxl-3xl-de","15":"yith_product_brand-hammer-de","16":"yith_product_brand-mnx-de","18":"first","19":"instock","20":"sale","21":"taxable","22":"shipping-taxable","23":"purchasable","24":"product-type-variable"},"exclude_global_add_ons":[],"addons":[],"_links":{"self":[{"href":"https:\/\/mnxsportswear.com\/de\/wp-json\/wp\/v2\/product\/377436","targetHints":{"allow":["GET"]}}],"collection":[{"href":"https:\/\/mnxsportswear.com\/de\/wp-json\/wp\/v2\/product"}],"about":[{"href":"https:\/\/mnxsportswear.com\/de\/wp-json\/wp\/v2\/types\/product"}],"replies":[{"embeddable":true,"href":"https:\/\/mnxsportswear.com\/de\/wp-json\/wp\/v2\/comments?post=377436"}],"version-history":[{"count":1,"href":"https:\/\/mnxsportswear.com\/de\/wp-json\/wp\/v2\/product\/377436\/revisions"}],"predecessor-version":[{"id":407504,"href":"https:\/\/mnxsportswear.com\/de\/wp-json\/wp\/v2\/product\/377436\/revisions\/407504"}],"wp:featuredmedia":[{"embeddable":true,"href":"https:\/\/mnxsportswear.com\/de\/wp-json\/wp\/v2\/media\/367831"}],"wp:attachment":[{"href":"https:\/\/mnxsportswear.com\/de\/wp-json\/wp\/v2\/media?parent=377436"}],"wp:term":[{"taxonomy":"product_brand","embeddable":true,"href":"https:\/\/mnxsportswear.com\/de\/wp-json\/wp\/v2\/product_brand?post=377436"},{"taxonomy":"product_cat","embeddable":true,"href":"https:\/\/mnxsportswear.com\/de\/wp-json\/wp\/v2\/product_cat?post=377436"},{"taxonomy":"product_tag","embeddable":true,"href":"https:\/\/mnxsportswear.com\/de\/wp-json\/wp\/v2\/product_tag?post=377436"}],"curies":[{"name":"wp","href":"https:\/\/api.w.org\/{rel}","templated":true}]}}