{"id":377440,"date":"2024-09-02T09:02:01","date_gmt":"2024-09-02T07:02:01","guid":{"rendered":"https:\/\/new24.mnxsportswear.com\/?post_type=product&#038;p=377440"},"modified":"2026-03-01T21:21:54","modified_gmt":"2026-03-01T20:21:54","slug":"mnx-golden-era-shorts-schwarz","status":"publish","type":"product","link":"https:\/\/mnxsportswear.com\/de\/product\/mnx-golden-era-shorts-schwarz\/","title":{"rendered":"MNX Golden Era Shorts, schwarz"},"content":{"rendered":"<p>Baumwollshorts von Golden Era.<\/p>\n<ul>\n<li>Aus weichem Mischgewebe,<\/li>\n<li>Seitentaschen mit Rei\u00dfverschluss,<\/li>\n<li>Elastischer Bund mit verstellbarem Kordelzug innen,<\/li>\n<li>spezieller Golden Era-Aufn\u00e4her,<\/li>\n<li>gerissene Kanten.<\/li>\n<\/ul>\n<p><strong>Material:<\/strong> 80 % Baumwolle, 20 % Polyester<br \/>\n<strong>Farbe:<\/strong> wie abgebildet<br \/>\n<strong>Gr\u00f6\u00dfen:<\/strong> S, M, L, XL, XXL, 3XL<br \/>\n<strong>Stil:<\/strong> lockere Passform<br \/>\n<strong>Gewicht:<\/strong> ca. 300 Gramm<\/p>\n<p><em>Das Model auf den Studiofotos tr\u00e4gt Gr\u00f6\u00dfe S (184 cm, 84 kg).<\/em><\/p>\n","protected":false},"excerpt":{"rendered":"<p class=\"western\" lang=\"en-US\">Die bequemen MNX-Shorts aus der Golden Era-Kollektion sind eine ausgezeichnete Wahl f\u00fcr den Alltagsstil. Diese Shorts verf\u00fcgen \u00fcber einen beliebten Golden Era-Aufn\u00e4her auf dem rechten Bein und markante gerippte Kanten, die an das goldene Zeitalter des Bodybuildings erinnern. Die Shorts haben au\u00dferdem praktische Seitentaschen und einen elastischen Bund. In mehreren Farben erh\u00e4ltlich. Kombinieren Sie diese Shorts mit anderen Artikeln aus der <a href=\"https:\/\/mnxsportswear.com\/product-category\/men\/golden-era\/\"><em>Golden Era-Kollektion<\/em><\/a>, um das perfekte Outfit zu kreieren.<\/p>\n","protected":false},"featured_media":374614,"comment_status":"open","ping_status":"closed","template":"","meta":[],"product_brand":[],"product_cat":[3157,2405,2419],"product_tag":[],"class_list":{"0":"post-377440","1":"product","2":"type-product","3":"status-publish","4":"has-post-thumbnail","6":"product_cat-golden-era-de","7":"product_cat-herren","8":"product_cat-shorts-de","9":"yith_product_brand-mnx-de","11":"first","12":"instock","13":"taxable","14":"shipping-taxable","15":"purchasable","16":"product-type-variable"},"exclude_global_add_ons":[],"addons":[],"_links":{"self":[{"href":"https:\/\/mnxsportswear.com\/de\/wp-json\/wp\/v2\/product\/377440","targetHints":{"allow":["GET"]}}],"collection":[{"href":"https:\/\/mnxsportswear.com\/de\/wp-json\/wp\/v2\/product"}],"about":[{"href":"https:\/\/mnxsportswear.com\/de\/wp-json\/wp\/v2\/types\/product"}],"replies":[{"embeddable":true,"href":"https:\/\/mnxsportswear.com\/de\/wp-json\/wp\/v2\/comments?post=377440"}],"version-history":[{"count":0,"href":"https:\/\/mnxsportswear.com\/de\/wp-json\/wp\/v2\/product\/377440\/revisions"}],"wp:featuredmedia":[{"embeddable":true,"href":"https:\/\/mnxsportswear.com\/de\/wp-json\/wp\/v2\/media\/374614"}],"wp:attachment":[{"href":"https:\/\/mnxsportswear.com\/de\/wp-json\/wp\/v2\/media?parent=377440"}],"wp:term":[{"taxonomy":"product_brand","embeddable":true,"href":"https:\/\/mnxsportswear.com\/de\/wp-json\/wp\/v2\/product_brand?post=377440"},{"taxonomy":"product_cat","embeddable":true,"href":"https:\/\/mnxsportswear.com\/de\/wp-json\/wp\/v2\/product_cat?post=377440"},{"taxonomy":"product_tag","embeddable":true,"href":"https:\/\/mnxsportswear.com\/de\/wp-json\/wp\/v2\/product_tag?post=377440"}],"curies":[{"name":"wp","href":"https:\/\/api.w.org\/{rel}","templated":true}]}}