{"id":377442,"date":"2024-09-02T09:02:02","date_gmt":"2024-09-02T07:02:02","guid":{"rendered":"https:\/\/new24.mnxsportswear.com\/?post_type=product&#038;p=377442"},"modified":"2026-03-01T18:30:08","modified_gmt":"2026-03-01T17:30:08","slug":"mnx-ribbed-shorts-hammer-3-0-dunkelgrau","status":"publish","type":"product","link":"https:\/\/mnxsportswear.com\/de\/product\/mnx-ribbed-shorts-hammer-3-0-dunkelgrau\/","title":{"rendered":"MNX Ribbed shorts Hammer 3.0, Dunkelgrau"},"content":{"rendered":"<p>MNX Shorts Hammer.<\/p>\n<ul>\n<li>aus geripptem Stoff,<\/li>\n<li>Seitentaschen mit Rei\u00dfverschluss,<\/li>\n<li>elastischer Bund mit verstellbarem Kordelzug innen,<\/li>\n<li>spezielle MNX-Patches,<\/li>\n<li>3D-Gummidruck.<\/li>\n<\/ul>\n<p><strong>Material:<\/strong> 50 % Baumwolle, 50 % Polyester<br \/>\n<strong>Farbe:<\/strong> wie abgebildet<br \/>\n<strong>Gr\u00f6\u00dfen:<\/strong> S, M, L, XL, XXL, 3XL, 4XL, 5XL<br \/>\n<strong>Stil:<\/strong> lockere Passform<br \/>\n<strong>Gewicht:<\/strong> ca. 350 Gramm<\/p>\n<p><em>Model auf Studiofotos tr\u00e4gt Gr\u00f6\u00dfe M (178 cm, 87 kg).<\/em><\/p>\n","protected":false},"excerpt":{"rendered":"<p class=\"western\" lang=\"en-US\">Bequeme Shorts aus weicherem Rippstoff, perfekt f\u00fcr Sport oder Freizeit. Mit Rei\u00dfverschluss-Seitentaschen, einem elastischen Bund mit verstellbarem Kordelzug innen und einzigartigen MNX-Patches. Mit gummiertem 3D-Druck auf beiden Beinen f\u00fcr einen besonderen Effekt. In verschiedenen Farben erh\u00e4ltlich. Kombinieren Sie diese Shorts mit der <em><a href=\"https:\/\/mnxsportswear.com\/product-category\/men\/hammer\/\">Hammer-Kollektion<\/a><\/em>, um das perfekte Outfit zusammenzustellen.<\/p>\n","protected":false},"featured_media":368017,"comment_status":"open","ping_status":"closed","template":"","meta":[],"product_brand":[],"product_cat":[3590,3160,2405,2419],"product_tag":[],"class_list":{"0":"post-377442","1":"product","2":"type-product","3":"status-publish","4":"has-post-thumbnail","6":"product_cat-auffullen","7":"product_cat-hammer-de","8":"product_cat-herren","9":"product_cat-shorts-de","10":"yith_product_brand-hammer-de","11":"yith_product_brand-mnx-de","13":"first","14":"instock","15":"taxable","16":"shipping-taxable","17":"purchasable","18":"product-type-variable"},"exclude_global_add_ons":[],"addons":[],"_links":{"self":[{"href":"https:\/\/mnxsportswear.com\/de\/wp-json\/wp\/v2\/product\/377442","targetHints":{"allow":["GET"]}}],"collection":[{"href":"https:\/\/mnxsportswear.com\/de\/wp-json\/wp\/v2\/product"}],"about":[{"href":"https:\/\/mnxsportswear.com\/de\/wp-json\/wp\/v2\/types\/product"}],"replies":[{"embeddable":true,"href":"https:\/\/mnxsportswear.com\/de\/wp-json\/wp\/v2\/comments?post=377442"}],"version-history":[{"count":1,"href":"https:\/\/mnxsportswear.com\/de\/wp-json\/wp\/v2\/product\/377442\/revisions"}],"predecessor-version":[{"id":406787,"href":"https:\/\/mnxsportswear.com\/de\/wp-json\/wp\/v2\/product\/377442\/revisions\/406787"}],"wp:featuredmedia":[{"embeddable":true,"href":"https:\/\/mnxsportswear.com\/de\/wp-json\/wp\/v2\/media\/368017"}],"wp:attachment":[{"href":"https:\/\/mnxsportswear.com\/de\/wp-json\/wp\/v2\/media?parent=377442"}],"wp:term":[{"taxonomy":"product_brand","embeddable":true,"href":"https:\/\/mnxsportswear.com\/de\/wp-json\/wp\/v2\/product_brand?post=377442"},{"taxonomy":"product_cat","embeddable":true,"href":"https:\/\/mnxsportswear.com\/de\/wp-json\/wp\/v2\/product_cat?post=377442"},{"taxonomy":"product_tag","embeddable":true,"href":"https:\/\/mnxsportswear.com\/de\/wp-json\/wp\/v2\/product_tag?post=377442"}],"curies":[{"name":"wp","href":"https:\/\/api.w.org\/{rel}","templated":true}]}}