{"id":377479,"date":"2024-09-02T09:02:02","date_gmt":"2024-09-02T07:02:02","guid":{"rendered":"https:\/\/new24.mnxsportswear.com\/?post_type=product&#038;p=377479"},"modified":"2026-03-01T19:18:11","modified_gmt":"2026-03-01T18:18:11","slug":"mnx-baumwoll-t-shirt-dynamic-rosewood","status":"publish","type":"product","link":"https:\/\/mnxsportswear.com\/de\/product\/mnx-baumwoll-t-shirt-dynamic-rosewood\/","title":{"rendered":"MNX Baumwoll T-Shirt Dynamic, rosewood"},"content":{"rendered":"<p>MNX Loose-Fit T-Shirt Dynamic<\/p>\n<ul>\n<li>aus weicher Baumwollmischung f\u00fcr maximalen Tragekomfort,<\/li>\n<li>MNX minimalistisches Design,<\/li>\n<li>mit weiteren \u00c4rmeln,<\/li>\n<li>lockere Passform.<\/li>\n<\/ul>\n<p><strong>Material:<\/strong> 100% Baumwolle (5% Schrumpfung)<br \/>\n<strong>Farbe:<\/strong> wie abgebildet<br \/>\n<strong>Stil:<\/strong> klassisch<br \/>\n<strong>Gewicht:<\/strong> ca. 250 Gramm<br \/>\n<strong>Gr\u00f6\u00dfen:<\/strong> S, M, L, XL, XXL, 3XL<\/p>\n<p><em>Model auf Studiofotos tr\u00e4gt Gr\u00f6\u00dfe L (184 cm, 84 kg).<\/em><\/p>\n","protected":false},"excerpt":{"rendered":"<div class=\"lRu31\"><span class=\"HwtZe\" lang=\"de\">Das MNX Dynamic T-Shirt aus 100 % Baumwolle hat eine bequeme, \u00fcbergro\u00dfe Passform. Die weiteren \u00c4rmel sorgen f\u00fcr Bewegungsfreiheit beim Training und verbessern die Bel\u00fcftung. Das Shirt ist mit einem \u201eX\u201c-Stich am Kragen verziert und besticht durch ein minimalistisches Design. In mehreren Farben erh\u00e4ltlich.<\/span><\/div>\n<div class=\"UdTY9 WdefRb\" aria-hidden=\"true\" data-location=\"2\">\n<div class=\"kO6q6e\"><\/div>\n<\/div>\n","protected":false},"featured_media":368189,"comment_status":"open","ping_status":"closed","template":"","meta":[],"product_brand":[],"product_cat":[3081,2405,2420],"product_tag":[],"class_list":{"0":"post-377479","1":"product","2":"type-product","3":"status-publish","4":"has-post-thumbnail","6":"product_cat-classic-de","7":"product_cat-herren","8":"product_cat-trikots","9":"yith_product_brand-mnx-de","11":"first","12":"instock","13":"taxable","14":"shipping-taxable","15":"purchasable","16":"product-type-variable"},"exclude_global_add_ons":[],"addons":[],"_links":{"self":[{"href":"https:\/\/mnxsportswear.com\/de\/wp-json\/wp\/v2\/product\/377479","targetHints":{"allow":["GET"]}}],"collection":[{"href":"https:\/\/mnxsportswear.com\/de\/wp-json\/wp\/v2\/product"}],"about":[{"href":"https:\/\/mnxsportswear.com\/de\/wp-json\/wp\/v2\/types\/product"}],"replies":[{"embeddable":true,"href":"https:\/\/mnxsportswear.com\/de\/wp-json\/wp\/v2\/comments?post=377479"}],"version-history":[{"count":0,"href":"https:\/\/mnxsportswear.com\/de\/wp-json\/wp\/v2\/product\/377479\/revisions"}],"wp:featuredmedia":[{"embeddable":true,"href":"https:\/\/mnxsportswear.com\/de\/wp-json\/wp\/v2\/media\/368189"}],"wp:attachment":[{"href":"https:\/\/mnxsportswear.com\/de\/wp-json\/wp\/v2\/media?parent=377479"}],"wp:term":[{"taxonomy":"product_brand","embeddable":true,"href":"https:\/\/mnxsportswear.com\/de\/wp-json\/wp\/v2\/product_brand?post=377479"},{"taxonomy":"product_cat","embeddable":true,"href":"https:\/\/mnxsportswear.com\/de\/wp-json\/wp\/v2\/product_cat?post=377479"},{"taxonomy":"product_tag","embeddable":true,"href":"https:\/\/mnxsportswear.com\/de\/wp-json\/wp\/v2\/product_tag?post=377479"}],"curies":[{"name":"wp","href":"https:\/\/api.w.org\/{rel}","templated":true}]}}