{"id":379222,"date":"2024-09-02T09:03:11","date_gmt":"2024-09-02T07:03:11","guid":{"rendered":"https:\/\/new24.mnxsportswear.com\/?post_type=product&#038;p=379222"},"modified":"2026-03-21T08:52:20","modified_gmt":"2026-03-21T07:52:20","slug":"mnx-bomberjacke-golden-era-maroon","status":"publish","type":"product","link":"https:\/\/mnxsportswear.com\/de\/product\/mnx-bomberjacke-golden-era-maroon\/","title":{"rendered":"MNX Bomberjacke Golden Era, maroon"},"content":{"rendered":"<p>MNX Bomberjacke aus der Goldenen \u00c4ra.<\/p>\n<ul>\n<li>Von der Goldenen \u00c4ra inspiriertes Design und Branding,<\/li>\n<li>seitliche und innere Rei\u00dfverschlusstaschen,<\/li>\n<li>lockere Passform,<\/li>\n<li>gerippte B\u00fcndchen und Saum.<\/li>\n<\/ul>\n<p><strong>Material:<\/strong> 100 % Polyester (5 % Schrumpfung)<br \/>\n<strong>Farbe:<\/strong> wie abgebildet<br \/>\n<strong>Gewicht:<\/strong> ca. 760 Gramm<br \/>\n<strong>Gr\u00f6\u00dfen:<\/strong> XS\/S, S\/M, L\/XL, 2XL\/3XL, 4XL\/5XL<br \/>\n<strong>Stil:<\/strong> lockere Passform<\/p>\n<p><em>Model tr\u00e4gt auf Studiofotos Gr\u00f6\u00dfe S\/M (178 cm, 87 kg).<\/em><\/p>\n","protected":false},"excerpt":{"rendered":"<p>R\u00fcsten Sie sich f\u00fcr k\u00fchles Wetter mit dieser auff\u00e4lligen MNX-Bomberjacke, die von den goldenen Zeiten der Fitness inspiriert ist. Mit klassischen, farblich kontrastierenden Rippb\u00fcndchen an B\u00fcndchen und Kragen, gesticktem Logo auf der Vorderseite und gro\u00dfem Golden-Era-Logo auf der R\u00fcckseite, seitlichen und Innentaschen mit Rei\u00dfverschluss. Erh\u00e4ltlich in mehreren Farben. Schauen Sie sich auch unsere <a href=\"https:\/\/mnxsportswear.com\/product-category\/men\/golden-era\/\">Golden Era-Kollektion<\/a> f\u00fcr weitere stilvolle Sportbekleidung an.<\/p>\n","protected":false},"featured_media":367428,"comment_status":"open","ping_status":"closed","template":"","meta":[],"product_brand":[],"product_cat":[3157,2405,3069,2406,4056,3072],"product_tag":[],"class_list":{"0":"post-379222","1":"product","2":"type-product","3":"status-publish","4":"has-post-thumbnail","6":"product_cat-golden-era-de","7":"product_cat-herren","8":"product_cat-hoodies-de","9":"product_cat-hoodies-jackets-de","10":"product_cat-jacket-de","11":"product_cat-sweatshirts-de","12":"pa_double-sizes-4xl-5xl-de","13":"pa_double-sizes-l-xl-de","14":"pa_double-sizes-s-m-de","15":"pa_double-sizes-xs-s-de","16":"pa_double-sizes-xxl-3xl-de","17":"yith_product_brand-mnx-de","19":"first","20":"instock","21":"taxable","22":"shipping-taxable","23":"purchasable","24":"product-type-variable"},"exclude_global_add_ons":[],"addons":[],"_links":{"self":[{"href":"https:\/\/mnxsportswear.com\/de\/wp-json\/wp\/v2\/product\/379222","targetHints":{"allow":["GET"]}}],"collection":[{"href":"https:\/\/mnxsportswear.com\/de\/wp-json\/wp\/v2\/product"}],"about":[{"href":"https:\/\/mnxsportswear.com\/de\/wp-json\/wp\/v2\/types\/product"}],"replies":[{"embeddable":true,"href":"https:\/\/mnxsportswear.com\/de\/wp-json\/wp\/v2\/comments?post=379222"}],"version-history":[{"count":1,"href":"https:\/\/mnxsportswear.com\/de\/wp-json\/wp\/v2\/product\/379222\/revisions"}],"predecessor-version":[{"id":407495,"href":"https:\/\/mnxsportswear.com\/de\/wp-json\/wp\/v2\/product\/379222\/revisions\/407495"}],"wp:featuredmedia":[{"embeddable":true,"href":"https:\/\/mnxsportswear.com\/de\/wp-json\/wp\/v2\/media\/367428"}],"wp:attachment":[{"href":"https:\/\/mnxsportswear.com\/de\/wp-json\/wp\/v2\/media?parent=379222"}],"wp:term":[{"taxonomy":"product_brand","embeddable":true,"href":"https:\/\/mnxsportswear.com\/de\/wp-json\/wp\/v2\/product_brand?post=379222"},{"taxonomy":"product_cat","embeddable":true,"href":"https:\/\/mnxsportswear.com\/de\/wp-json\/wp\/v2\/product_cat?post=379222"},{"taxonomy":"product_tag","embeddable":true,"href":"https:\/\/mnxsportswear.com\/de\/wp-json\/wp\/v2\/product_tag?post=379222"}],"curies":[{"name":"wp","href":"https:\/\/api.w.org\/{rel}","templated":true}]}}