{"id":392778,"date":"2025-07-09T11:17:20","date_gmt":"2025-07-09T09:17:20","guid":{"rendered":"https:\/\/mnxsportswear.com\/?post_type=product&#038;p=392778"},"modified":"2026-03-21T08:52:22","modified_gmt":"2026-03-21T07:52:22","slug":"mnx-shaker-600-ml","status":"publish","type":"product","link":"https:\/\/mnxsportswear.com\/de\/product\/mnx-shaker-600-ml\/","title":{"rendered":"MNX Shaker 600 ml"},"content":{"rendered":"<p><strong>Spezifikationen:<\/strong><br \/>\n\u2022\u202fFassungsverm\u00f6gen: 600 ml<br \/>\n\u2022\u202fGewicht: 140 g<br \/>\n\u2022\u202fFarbe: Transparent-Schwarz<br \/>\n\u2022\u202fMaterial: Strapazierf\u00e4higer, BPA-freier Kunststoff<br \/>\n\u2022\u202fPflegehinweis: Vor dem ersten Gebrauch und nach jeder Nutzung reinigen.<\/p>\n","protected":false},"excerpt":{"rendered":"<p>Mach dich bereit f\u00fcr dein Workout mit diesem trendigen <strong>MNX Shaker<\/strong> in transparentem Schwarz. Das sportliche und dynamische Design liegt angenehm in der Hand, w\u00e4hrend das strapazierf\u00e4hige, <strong>BPA-freie Material<\/strong> eine sichere Nutzung auch bei t\u00e4glichem Training gew\u00e4hrleistet. Der Shaker ist mit einem herausnehmbaren Sieb f\u00fcr einfaches Mischen ausgestattet.<\/p>\n","protected":false},"featured_media":392813,"comment_status":"open","ping_status":"closed","template":"","meta":[],"product_brand":[],"product_cat":[2424,3374],"product_tag":[],"class_list":{"0":"post-392778","1":"product","2":"type-product","3":"status-publish","4":"has-post-thumbnail","6":"product_cat-accessories-de","7":"product_cat-neue-ankuenfte","8":"yith_product_brand-mnx-de","10":"first","11":"instock","12":"sale","13":"taxable","14":"shipping-taxable","15":"purchasable","16":"product-type-simple"},"exclude_global_add_ons":[],"addons":[],"_links":{"self":[{"href":"https:\/\/mnxsportswear.com\/de\/wp-json\/wp\/v2\/product\/392778","targetHints":{"allow":["GET"]}}],"collection":[{"href":"https:\/\/mnxsportswear.com\/de\/wp-json\/wp\/v2\/product"}],"about":[{"href":"https:\/\/mnxsportswear.com\/de\/wp-json\/wp\/v2\/types\/product"}],"replies":[{"embeddable":true,"href":"https:\/\/mnxsportswear.com\/de\/wp-json\/wp\/v2\/comments?post=392778"}],"version-history":[{"count":1,"href":"https:\/\/mnxsportswear.com\/de\/wp-json\/wp\/v2\/product\/392778\/revisions"}],"predecessor-version":[{"id":392817,"href":"https:\/\/mnxsportswear.com\/de\/wp-json\/wp\/v2\/product\/392778\/revisions\/392817"}],"wp:featuredmedia":[{"embeddable":true,"href":"https:\/\/mnxsportswear.com\/de\/wp-json\/wp\/v2\/media\/392813"}],"wp:attachment":[{"href":"https:\/\/mnxsportswear.com\/de\/wp-json\/wp\/v2\/media?parent=392778"}],"wp:term":[{"taxonomy":"product_brand","embeddable":true,"href":"https:\/\/mnxsportswear.com\/de\/wp-json\/wp\/v2\/product_brand?post=392778"},{"taxonomy":"product_cat","embeddable":true,"href":"https:\/\/mnxsportswear.com\/de\/wp-json\/wp\/v2\/product_cat?post=392778"},{"taxonomy":"product_tag","embeddable":true,"href":"https:\/\/mnxsportswear.com\/de\/wp-json\/wp\/v2\/product_tag?post=392778"}],"curies":[{"name":"wp","href":"https:\/\/api.w.org\/{rel}","templated":true}]}}