{"id":393098,"date":"2025-07-30T14:39:08","date_gmt":"2025-07-30T12:39:08","guid":{"rendered":"https:\/\/mnxsportswear.com\/?post_type=product&#038;p=393098"},"modified":"2026-03-01T18:12:44","modified_gmt":"2026-03-01T17:12:44","slug":"mnx-ribbed-pants-hammer-3-0-light-white","status":"publish","type":"product","link":"https:\/\/mnxsportswear.com\/de\/product\/mnx-ribbed-pants-hammer-3-0-light-white\/","title":{"rendered":"MNX Gerippte Hose Hammer 3.0 Light, Wei\u00df"},"content":{"rendered":"<p><strong>MNX Hammer hose<\/strong>, weiches, leichtes Tragegef\u00fchl dank Rib-Material<\/p>\n<ul>\n<li>aus geripptem Baumwollstoff,<\/li>\n<li>Seitentaschen,<\/li>\n<li>elastischer Bund mit verstellbarem Innenkordelzug,<\/li>\n<li>massives \u201e3D\u201c-Gummilogo,<\/li>\n<li>besondere und einzigartige Details.<\/li>\n<\/ul>\n<p><strong>Material:<\/strong> 65% <span lang=\"de-DE\">Baumwolle<\/span>, 35<span lang=\"de-DE\">% Polyester<\/span><br \/>\n<strong>Farbe:<\/strong> wie abgebildet<br \/>\n<strong>Stil \/ Modell:<\/strong> \u00fcbergro\u00df (weit geschnitten)<br \/>\n<strong>Gr\u00f6\u00dfen:<\/strong> S, M, L, XL, 2XL, 3XL<\/p>\n<pre class=\"western\" lang=\"de-DE\"><a name=\"tw-target-text\"><\/a><em>Das Model auf dem Foto (178 cm \/ 87 kg) tr\u00e4gt M.<\/em><\/pre>\n","protected":false},"excerpt":{"rendered":"<p>Erlebe ultimativen Komfort mit unserem neuesten HAMMER-Hosenmodell, gefertigt aus einem weichen, gerippten Baumwollmischgewebe, das sowohl Flexibilit\u00e4t als auch ein hochwertiges Tragegef\u00fchl bietet. Ideal f\u00fcr Sport oder Freizeit \u2013 mit Seitentaschen, elastischem Bund und verstellbarem Kordelzug auf der Innenseite. Abgerundet mit einem markanten MNX-Gummilogo und exklusiven bestickten Patches. Erh\u00e4ltlich in drei stylischen Farben, passend zu deinem Look.<\/p>\n","protected":false},"featured_media":394056,"comment_status":"open","ping_status":"closed","template":"","meta":[],"product_brand":[],"product_cat":[3160,2405,2430,3078,3374],"product_tag":[],"class_list":{"0":"post-393098","1":"product","2":"type-product","3":"status-publish","4":"has-post-thumbnail","6":"product_cat-hammer-de","7":"product_cat-herren","8":"product_cat-hosen","9":"product_cat-lockere-passform","10":"product_cat-neue-ankuenfte","11":"yith_product_brand-hammer-de","12":"yith_product_brand-mnx-de","14":"first","15":"instock","16":"taxable","17":"shipping-taxable","18":"purchasable","19":"product-type-variable"},"exclude_global_add_ons":[],"addons":[],"_links":{"self":[{"href":"https:\/\/mnxsportswear.com\/de\/wp-json\/wp\/v2\/product\/393098","targetHints":{"allow":["GET"]}}],"collection":[{"href":"https:\/\/mnxsportswear.com\/de\/wp-json\/wp\/v2\/product"}],"about":[{"href":"https:\/\/mnxsportswear.com\/de\/wp-json\/wp\/v2\/types\/product"}],"replies":[{"embeddable":true,"href":"https:\/\/mnxsportswear.com\/de\/wp-json\/wp\/v2\/comments?post=393098"}],"version-history":[{"count":3,"href":"https:\/\/mnxsportswear.com\/de\/wp-json\/wp\/v2\/product\/393098\/revisions"}],"predecessor-version":[{"id":395512,"href":"https:\/\/mnxsportswear.com\/de\/wp-json\/wp\/v2\/product\/393098\/revisions\/395512"}],"wp:featuredmedia":[{"embeddable":true,"href":"https:\/\/mnxsportswear.com\/de\/wp-json\/wp\/v2\/media\/394056"}],"wp:attachment":[{"href":"https:\/\/mnxsportswear.com\/de\/wp-json\/wp\/v2\/media?parent=393098"}],"wp:term":[{"taxonomy":"product_brand","embeddable":true,"href":"https:\/\/mnxsportswear.com\/de\/wp-json\/wp\/v2\/product_brand?post=393098"},{"taxonomy":"product_cat","embeddable":true,"href":"https:\/\/mnxsportswear.com\/de\/wp-json\/wp\/v2\/product_cat?post=393098"},{"taxonomy":"product_tag","embeddable":true,"href":"https:\/\/mnxsportswear.com\/de\/wp-json\/wp\/v2\/product_tag?post=393098"}],"curies":[{"name":"wp","href":"https:\/\/api.w.org\/{rel}","templated":true}]}}