{"id":393852,"date":"2025-07-30T14:39:00","date_gmt":"2025-07-30T12:39:00","guid":{"rendered":"https:\/\/mnxsportswear.com\/?post_type=product&#038;p=393852"},"modified":"2026-03-01T19:38:25","modified_gmt":"2026-03-01T18:38:25","slug":"mnx-extra-hc-t-shirt-4-0-im-wasch-look-weiss","status":"publish","type":"product","link":"https:\/\/mnxsportswear.com\/de\/product\/mnx-extra-hc-t-shirt-4-0-im-wasch-look-weiss\/","title":{"rendered":"MNX Extra HC T-Shirt 4.0 im Wasch-Look, Wei\u00df"},"content":{"rendered":"<p>MNX Herren Extra Big T-Shirt.<\/p>\n<ul>\n<li>Oversized<\/li>\n<li>Weicher Stoff (Baumwolle)<\/li>\n<li>Wasch-Look<\/li>\n<li>Gestickte Logos<\/li>\n<\/ul>\n<p><strong>Material:<\/strong> 100 % Baumwolle (5 % Einlaufquote)<br \/>\n<strong>Farbe:<\/strong> wie abgebildet<br \/>\n<strong>Stil:<\/strong> Oversized T-Shirt<br \/>\n<strong>Gewicht:<\/strong> ca. 320 Gramm<br \/>\n<strong>Gr\u00f6\u00dfen:<\/strong> S\/M, L\/XL, 2XL\/3XL<\/p>\n<p><em>Das Model auf den Studiofotos tr\u00e4gt Gr\u00f6\u00dfe L (1<\/em><em>78<\/em><em> cm, 84 kg).<\/em><\/p>\n","protected":false},"excerpt":{"rendered":"<p>Erlebe mutigen Style mit dem MNX Extra Oversized T-Shirt HC 4.0, das mit einem einzigartigen verwaschenen Look f\u00fcr einen Vintage-Vibe \u00fcberzeugt. Hergestellt aus weicher 100 % Baumwolle bietet dieses Shirt eine lockere Oversized-Passform f\u00fcr maximalen Komfort und urbanen Streetstyle. Auf der R\u00fcckseite prangt ein extra-gro\u00dfes MNX-Logo, das ein starkes Statement setzt. Der untere Saum des Shirts ist abgerundet f\u00fcr einen modernen Touch, w\u00e4hrend die ausgefransten Kanten einen rauen, kantigen Look verleihen. In mehreren Farben erh\u00e4ltlich, passend zu deinem individuellen Stil.<\/p>\n","protected":false},"featured_media":394341,"comment_status":"open","ping_status":"closed","template":"","meta":[],"product_brand":[],"product_cat":[3154,2405,3374,2420,3057],"product_tag":[],"class_list":{"0":"post-393852","1":"product","2":"type-product","3":"status-publish","4":"has-post-thumbnail","6":"product_cat-extra-de","7":"product_cat-herren","8":"product_cat-neue-ankuenfte","9":"product_cat-trikots","10":"product_cat-ueberdimensioniert","11":"yith_product_brand-extra-de","12":"yith_product_brand-mnx-de","14":"first","15":"instock","16":"taxable","17":"shipping-taxable","18":"purchasable","19":"product-type-variable"},"exclude_global_add_ons":[],"addons":[],"_links":{"self":[{"href":"https:\/\/mnxsportswear.com\/de\/wp-json\/wp\/v2\/product\/393852","targetHints":{"allow":["GET"]}}],"collection":[{"href":"https:\/\/mnxsportswear.com\/de\/wp-json\/wp\/v2\/product"}],"about":[{"href":"https:\/\/mnxsportswear.com\/de\/wp-json\/wp\/v2\/types\/product"}],"replies":[{"embeddable":true,"href":"https:\/\/mnxsportswear.com\/de\/wp-json\/wp\/v2\/comments?post=393852"}],"version-history":[{"count":2,"href":"https:\/\/mnxsportswear.com\/de\/wp-json\/wp\/v2\/product\/393852\/revisions"}],"predecessor-version":[{"id":395537,"href":"https:\/\/mnxsportswear.com\/de\/wp-json\/wp\/v2\/product\/393852\/revisions\/395537"}],"wp:featuredmedia":[{"embeddable":true,"href":"https:\/\/mnxsportswear.com\/de\/wp-json\/wp\/v2\/media\/394341"}],"wp:attachment":[{"href":"https:\/\/mnxsportswear.com\/de\/wp-json\/wp\/v2\/media?parent=393852"}],"wp:term":[{"taxonomy":"product_brand","embeddable":true,"href":"https:\/\/mnxsportswear.com\/de\/wp-json\/wp\/v2\/product_brand?post=393852"},{"taxonomy":"product_cat","embeddable":true,"href":"https:\/\/mnxsportswear.com\/de\/wp-json\/wp\/v2\/product_cat?post=393852"},{"taxonomy":"product_tag","embeddable":true,"href":"https:\/\/mnxsportswear.com\/de\/wp-json\/wp\/v2\/product_tag?post=393852"}],"curies":[{"name":"wp","href":"https:\/\/api.w.org\/{rel}","templated":true}]}}