{"id":394584,"date":"2025-07-30T14:38:57","date_gmt":"2025-07-30T12:38:57","guid":{"rendered":"https:\/\/mnxsportswear.com\/?post_type=product&#038;p=394584"},"modified":"2026-03-02T04:38:23","modified_gmt":"2026-03-02T03:38:23","slug":"mnx-baumwoll-t-shirt-basix-weiss","status":"publish","type":"product","link":"https:\/\/mnxsportswear.com\/de\/product\/mnx-baumwoll-t-shirt-basix-weiss\/","title":{"rendered":"MNX Baumwoll-T-Shirt Basix, Wei\u00df"},"content":{"rendered":"<p><strong>MNX Medium Oversized T-Shirt<\/strong><\/p>\n<ul>\n<li>Hergestellt aus weicher Baumwollmischung f\u00fcr maximalen Tragekomfort,<\/li>\n<li>MNX minimalistisches Design,<\/li>\n<li>mit kurzen \u00c4rmeln,<\/li>\n<li>lockerer Schnitt.<\/li>\n<\/ul>\n<p><strong>Material<\/strong>: 100 % Baumwolle (5 % Schrumpfung)<br \/>\n<strong>Farbe<\/strong>: wie abgebildet<br \/>\n<strong>Stil<\/strong>: klassisch<br \/>\n<strong>Gewicht<\/strong>: ca. 300 Gramm<br \/>\n<strong>Gr\u00f6\u00dfen<\/strong>: S\/M, L\/XL, XXL\/3XL<\/p>\n<p><em>Model auf den Studiobildern tr\u00e4gt Gr\u00f6\u00dfe L\/XL (1<\/em><em>78<\/em><em> cm, 84 kg).<\/em><\/p>\n","protected":false},"excerpt":{"rendered":"<p><strong><span lang=\"de-DE\">R\u00fcste dich aus, trainiere hart und bewege dich mit Selbstvertrauen<\/span><\/strong><span lang=\"de-DE\"> \u2013 mit diesem mittel-oversized Baumwoll-T-Shirt mit leicht abgerundetem Saum und Seitenschlitzen. Das minimalistische Design wird durch ein kleines gummiertes MNX-Logo auf der Vorderseite und ein Basix-Patch auf der R\u00fcckseite erg\u00e4nzt. In mehreren Farben erh\u00e4ltlich.<\/span><\/p>\n","protected":false},"featured_media":394251,"comment_status":"open","ping_status":"closed","template":"","meta":[],"product_brand":[],"product_cat":[2405,3374,2420,3057],"product_tag":[],"class_list":{"0":"post-394584","1":"product","2":"type-product","3":"status-publish","4":"has-post-thumbnail","6":"product_cat-herren","7":"product_cat-neue-ankuenfte","8":"product_cat-trikots","9":"product_cat-ueberdimensioniert","10":"yith_product_brand-mnx-de","12":"first","13":"instock","14":"taxable","15":"shipping-taxable","16":"purchasable","17":"product-type-variable"},"exclude_global_add_ons":[],"addons":[],"_links":{"self":[{"href":"https:\/\/mnxsportswear.com\/de\/wp-json\/wp\/v2\/product\/394584","targetHints":{"allow":["GET"]}}],"collection":[{"href":"https:\/\/mnxsportswear.com\/de\/wp-json\/wp\/v2\/product"}],"about":[{"href":"https:\/\/mnxsportswear.com\/de\/wp-json\/wp\/v2\/types\/product"}],"replies":[{"embeddable":true,"href":"https:\/\/mnxsportswear.com\/de\/wp-json\/wp\/v2\/comments?post=394584"}],"version-history":[{"count":3,"href":"https:\/\/mnxsportswear.com\/de\/wp-json\/wp\/v2\/product\/394584\/revisions"}],"predecessor-version":[{"id":395544,"href":"https:\/\/mnxsportswear.com\/de\/wp-json\/wp\/v2\/product\/394584\/revisions\/395544"}],"wp:featuredmedia":[{"embeddable":true,"href":"https:\/\/mnxsportswear.com\/de\/wp-json\/wp\/v2\/media\/394251"}],"wp:attachment":[{"href":"https:\/\/mnxsportswear.com\/de\/wp-json\/wp\/v2\/media?parent=394584"}],"wp:term":[{"taxonomy":"product_brand","embeddable":true,"href":"https:\/\/mnxsportswear.com\/de\/wp-json\/wp\/v2\/product_brand?post=394584"},{"taxonomy":"product_cat","embeddable":true,"href":"https:\/\/mnxsportswear.com\/de\/wp-json\/wp\/v2\/product_cat?post=394584"},{"taxonomy":"product_tag","embeddable":true,"href":"https:\/\/mnxsportswear.com\/de\/wp-json\/wp\/v2\/product_tag?post=394584"}],"curies":[{"name":"wp","href":"https:\/\/api.w.org\/{rel}","templated":true}]}}