{"id":394954,"date":"2025-07-30T14:38:53","date_gmt":"2025-07-30T12:38:53","guid":{"rendered":"https:\/\/mnxsportswear.com\/?post_type=product&#038;p=394954"},"modified":"2026-03-01T18:12:44","modified_gmt":"2026-03-01T17:12:44","slug":"mnx-ribbed-hose-hammer-grau-melange","status":"publish","type":"product","link":"https:\/\/mnxsportswear.com\/de\/product\/mnx-ribbed-hose-hammer-grau-melange\/","title":{"rendered":"MNX Ribbed hose Hammer, Grau-Melange"},"content":{"rendered":"<p><strong>MNX Hammer hose<\/strong>, weiches, leichtes Tragegef\u00fchl dank Rib-Material<\/p>\n<ul>\n<li>aus geripptem Baumwollstoff,<\/li>\n<li>Seitentaschen,<\/li>\n<li>elastischer Bund mit verstellbarem Innenkordelzug,<\/li>\n<li>massives \u201e3D\u201c-Gummilogo,<\/li>\n<li>besondere und einzigartige Details.<\/li>\n<\/ul>\n<p><strong>Material:<\/strong> 65% <span class=\"tlid-translation translation\" lang=\"de\"><span class=\"\" title=\"\">Baumwolle<\/span><\/span>, 35<span class=\"tlid-translation translation\" lang=\"de\"><span class=\"\" title=\"\">% Polyester<\/span><\/span><br \/>\n<strong>Farbe:<\/strong> wie abgebildet<br \/>\n<strong>Stil \/ Modell:<\/strong> \u00fcbergro\u00df (weit geschnitten)<br \/>\n<strong>Gr\u00f6\u00dfen:<\/strong> S, M, L, XL, 2XL, 3XL<\/p>\n<p><em>Das Model auf dem Foto tr\u00e4gt Gr\u00f6\u00dfe XL (185 cm \/ 115 kg)<\/em><\/p>\n","protected":false},"excerpt":{"rendered":"<p><strong data-start=\"46\" data-end=\"111\">Bequeme Hose aus Rippstoff \u2013 perfekt f\u00fcr Sport oder Freizeit. <\/strong>Mit Seitentaschen, elastischem Bund mit innenliegendem, verstellbarem Kordelzug und speziellen gestickten MNX-Patches. Erh\u00e4ltlich in mehreren Farben.<\/p>\n<p>&nbsp;<\/p>\n<p>&nbsp;<\/p>\n","protected":false},"featured_media":395394,"comment_status":"open","ping_status":"closed","template":"","meta":[],"product_brand":[],"product_cat":[3160,2405,2430,3078,3374],"product_tag":[],"class_list":{"0":"post-394954","1":"product","2":"type-product","3":"status-publish","4":"has-post-thumbnail","6":"product_cat-hammer-de","7":"product_cat-herren","8":"product_cat-hosen","9":"product_cat-lockere-passform","10":"product_cat-neue-ankuenfte","11":"yith_product_brand-hammer-de","12":"yith_product_brand-mnx-de","14":"first","15":"instock","16":"taxable","17":"shipping-taxable","18":"purchasable","19":"product-type-variable"},"exclude_global_add_ons":[],"addons":[],"_links":{"self":[{"href":"https:\/\/mnxsportswear.com\/de\/wp-json\/wp\/v2\/product\/394954","targetHints":{"allow":["GET"]}}],"collection":[{"href":"https:\/\/mnxsportswear.com\/de\/wp-json\/wp\/v2\/product"}],"about":[{"href":"https:\/\/mnxsportswear.com\/de\/wp-json\/wp\/v2\/types\/product"}],"replies":[{"embeddable":true,"href":"https:\/\/mnxsportswear.com\/de\/wp-json\/wp\/v2\/comments?post=394954"}],"version-history":[{"count":2,"href":"https:\/\/mnxsportswear.com\/de\/wp-json\/wp\/v2\/product\/394954\/revisions"}],"predecessor-version":[{"id":394988,"href":"https:\/\/mnxsportswear.com\/de\/wp-json\/wp\/v2\/product\/394954\/revisions\/394988"}],"wp:featuredmedia":[{"embeddable":true,"href":"https:\/\/mnxsportswear.com\/de\/wp-json\/wp\/v2\/media\/395394"}],"wp:attachment":[{"href":"https:\/\/mnxsportswear.com\/de\/wp-json\/wp\/v2\/media?parent=394954"}],"wp:term":[{"taxonomy":"product_brand","embeddable":true,"href":"https:\/\/mnxsportswear.com\/de\/wp-json\/wp\/v2\/product_brand?post=394954"},{"taxonomy":"product_cat","embeddable":true,"href":"https:\/\/mnxsportswear.com\/de\/wp-json\/wp\/v2\/product_cat?post=394954"},{"taxonomy":"product_tag","embeddable":true,"href":"https:\/\/mnxsportswear.com\/de\/wp-json\/wp\/v2\/product_tag?post=394954"}],"curies":[{"name":"wp","href":"https:\/\/api.w.org\/{rel}","templated":true}]}}