{"id":405258,"date":"2026-01-01T13:16:43","date_gmt":"2026-01-01T12:16:43","guid":{"rendered":"https:\/\/mnxsportswear.com\/?post_type=product&#038;p=405258"},"modified":"2026-03-01T18:12:44","modified_gmt":"2026-03-01T17:12:44","slug":"mnx-sweatpants-edge-rot","status":"publish","type":"product","link":"https:\/\/mnxsportswear.com\/de\/product\/mnx-sweatpants-edge-rot\/","title":{"rendered":"MNX Sweatpants Edge, rot"},"content":{"rendered":"<ul>\n<li data-start=\"4139\" data-end=\"4165\">\n<p data-start=\"4141\" data-end=\"4165\">Sportlich-legerer Stil<\/p>\n<\/li>\n<li data-start=\"4166\" data-end=\"4208\">\n<p data-start=\"4168\" data-end=\"4208\">Hergestellt aus robustem Baumwollstoff<\/p>\n<\/li>\n<li data-start=\"4209\" data-end=\"4251\">\n<p data-start=\"4211\" data-end=\"4251\">Gro\u00dfe Seitentasche mit Klettverschluss<\/p>\n<\/li>\n<li data-start=\"4252\" data-end=\"4298\">\n<p data-start=\"4254\" data-end=\"4298\">Ges\u00e4\u00dftasche f\u00fcr zus\u00e4tzliche Funktionalit\u00e4t<\/p>\n<\/li>\n<li data-start=\"4299\" data-end=\"4355\">\n<p data-start=\"4301\" data-end=\"4355\">Elastischer Bund mit Kordelzug f\u00fcr perfekte Passform<\/p>\n<\/li>\n<li data-start=\"4356\" data-end=\"4415\">\n<p data-start=\"4358\" data-end=\"4415\"><strong>Material:<\/strong> 80% Baumwolle, 20% Polyester (5% Schrumpfung)<\/p>\n<\/li>\n<li data-start=\"4416\" data-end=\"4442\">\n<p data-start=\"4418\" data-end=\"4442\"><strong>Gewicht:<\/strong> ca. 750 Gramm<\/p>\n<\/li>\n<li data-start=\"4443\" data-end=\"4506\">\n<p data-start=\"4445\" data-end=\"4506\"><em>Das Model auf den Studiofotos tr\u00e4gt Gr\u00f6\u00dfe M (178 cm, 87 kg)<\/em><\/p>\n<\/li>\n<\/ul>\n","protected":false},"excerpt":{"rendered":"<p>Die <strong data-start=\"3423\" data-end=\"3443\">Edge Sweat Pants<\/strong> sind perfekt f\u00fcr entspannte Freizeit und sportliche Aktivit\u00e4ten. Diese sportlich-legere Baumwollhosen aus der neuen Edge-Kollektion bestehen aus <strong data-start=\"3589\" data-end=\"3626\">robustem und langlebigem Material<\/strong>. Eine gro\u00dfe Seitentasche mit Klettverschluss und eine Ges\u00e4\u00dftasche bieten Platz f\u00fcr alle wichtigen Dinge, w\u00e4hrend der elastische Bund mit Kordelzug f\u00fcr eine perfekte Passform sorgt. Die Hose verf\u00fcgt \u00fcber ein <strong data-start=\"3834\" data-end=\"3866\">gro\u00dfes urbanes Patch am Bein<\/strong>, mit zwei kleineren Patches am Bund und an der Ges\u00e4\u00dftasche f\u00fcr einen modernen, wiedererkennbaren Look. Erh\u00e4ltlich in <strong data-start=\"3984\" data-end=\"4009\">drei trendigen Farben<\/strong>, lassen sie sich perfekt mit dem Edge Hoodie kombinieren, um ein komplettes Streetwear-Set zu erstellen.<\/p>\n","protected":false},"featured_media":405665,"comment_status":"open","ping_status":"closed","template":"","meta":[],"product_brand":[],"product_cat":[2405,2430,3078,3374],"product_tag":[],"class_list":{"0":"post-405258","1":"product","2":"type-product","3":"status-publish","4":"has-post-thumbnail","6":"product_cat-herren","7":"product_cat-hosen","8":"product_cat-lockere-passform","9":"product_cat-neue-ankuenfte","10":"yith_product_brand-edge","11":"yith_product_brand-mnx-de","13":"first","14":"instock","15":"taxable","16":"shipping-taxable","17":"purchasable","18":"product-type-variable"},"exclude_global_add_ons":[],"addons":[],"_links":{"self":[{"href":"https:\/\/mnxsportswear.com\/de\/wp-json\/wp\/v2\/product\/405258","targetHints":{"allow":["GET"]}}],"collection":[{"href":"https:\/\/mnxsportswear.com\/de\/wp-json\/wp\/v2\/product"}],"about":[{"href":"https:\/\/mnxsportswear.com\/de\/wp-json\/wp\/v2\/types\/product"}],"replies":[{"embeddable":true,"href":"https:\/\/mnxsportswear.com\/de\/wp-json\/wp\/v2\/comments?post=405258"}],"version-history":[{"count":2,"href":"https:\/\/mnxsportswear.com\/de\/wp-json\/wp\/v2\/product\/405258\/revisions"}],"predecessor-version":[{"id":405306,"href":"https:\/\/mnxsportswear.com\/de\/wp-json\/wp\/v2\/product\/405258\/revisions\/405306"}],"wp:featuredmedia":[{"embeddable":true,"href":"https:\/\/mnxsportswear.com\/de\/wp-json\/wp\/v2\/media\/405665"}],"wp:attachment":[{"href":"https:\/\/mnxsportswear.com\/de\/wp-json\/wp\/v2\/media?parent=405258"}],"wp:term":[{"taxonomy":"product_brand","embeddable":true,"href":"https:\/\/mnxsportswear.com\/de\/wp-json\/wp\/v2\/product_brand?post=405258"},{"taxonomy":"product_cat","embeddable":true,"href":"https:\/\/mnxsportswear.com\/de\/wp-json\/wp\/v2\/product_cat?post=405258"},{"taxonomy":"product_tag","embeddable":true,"href":"https:\/\/mnxsportswear.com\/de\/wp-json\/wp\/v2\/product_tag?post=405258"}],"curies":[{"name":"wp","href":"https:\/\/api.w.org\/{rel}","templated":true}]}}