{"id":405328,"date":"2026-01-01T13:16:41","date_gmt":"2026-01-01T12:16:41","guid":{"rendered":"https:\/\/mnxsportswear.com\/?post_type=product&#038;p=405328"},"modified":"2026-03-21T08:52:18","modified_gmt":"2026-03-21T07:52:18","slug":"mnx-hoodie-edge-violett","status":"publish","type":"product","link":"https:\/\/mnxsportswear.com\/de\/product\/mnx-hoodie-edge-violett\/","title":{"rendered":"MNX Hoodie Edge, violett"},"content":{"rendered":"<ul data-start=\"2336\" data-end=\"2595\">\n<li data-start=\"2336\" data-end=\"2369\">\n<p data-start=\"2338\" data-end=\"2369\">Sporty-casual Streetwear-Stil<\/p>\n<\/li>\n<li data-start=\"2370\" data-end=\"2410\">\n<p data-start=\"2372\" data-end=\"2410\">Aus starkem und langlebigem Material<\/p>\n<\/li>\n<li data-start=\"2411\" data-end=\"2443\">\n<p data-start=\"2413\" data-end=\"2443\">Durchgehender Rei\u00dfverschluss<\/p>\n<\/li>\n<li data-start=\"2444\" data-end=\"2482\">\n<p data-start=\"2446\" data-end=\"2482\">Kapuze mit verstellbarem Kordelzug<\/p>\n<\/li>\n<li data-start=\"2483\" data-end=\"2515\">\n<p data-start=\"2485\" data-end=\"2515\">Gro\u00dfer Patch im Street-Style<\/p>\n<\/li>\n<li data-start=\"2516\" data-end=\"2565\">\n<p data-start=\"2518\" data-end=\"2565\">Zus\u00e4tzliche kleinere Patches vorne und hinten<\/p>\n<\/li>\n<li data-start=\"2566\" data-end=\"2595\">\n<p data-start=\"2568\" data-end=\"2595\">In drei Farben erh\u00e4ltlich<\/p>\n<\/li>\n<\/ul>\n<p data-start=\"2597\" data-end=\"2678\"><strong>Material:<\/strong> 80 % Baumwolle, 20 % Polyester (5 % Einlauf)<br data-start=\"2651\" data-end=\"2654\" \/><strong>Gewicht:<\/strong> ca. 900 Gramm<\/p>\n<p data-start=\"2680\" data-end=\"2739\"><em>Das Model auf den Studiofotos tr\u00e4gt Gr\u00f6\u00dfe M (178 cm, 87 kg)<\/em><\/p>\n","protected":false},"excerpt":{"rendered":"<p>Der Edge Hoodie ist ein sporty-casual Kapuzenpullover im modernen Streetwear-Look. Gefertigt aus starkem und langlebigem Material bietet er hohen Tragekomfort und eine lange Lebensdauer. Er verf\u00fcgt \u00fcber einen durchgehenden Rei\u00dfverschluss, eine Kapuze mit verstellbarem Kordelzug sowie einen gro\u00dfen Patch im Street-Style. Zus\u00e4tzliche kleinere Patches auf der Vorder- und R\u00fcckseite sorgen f\u00fcr einen markanten und modernen Look. Erh\u00e4ltlich in drei Farben und perfekt kombinierbar mit der <a href=\"\/?product_cat=hosen\"><strong>Edge Hose<\/strong><\/a> f\u00fcr ein komplettes Outfit.<\/p>\n","protected":false},"featured_media":405706,"comment_status":"open","ping_status":"closed","template":"","meta":[],"product_brand":[],"product_cat":[2405,3069,2406,3374],"product_tag":[],"class_list":{"0":"post-405328","1":"product","2":"type-product","3":"status-publish","4":"has-post-thumbnail","6":"product_cat-herren","7":"product_cat-hoodies-de","8":"product_cat-hoodies-jackets-de","9":"product_cat-neue-ankuenfte","10":"pa_double-sizes-4xl-5xl-de","11":"pa_double-sizes-l-xl-de","12":"pa_double-sizes-s-m-de","13":"pa_double-sizes-xxl-3xl-de","14":"yith_product_brand-edge","15":"yith_product_brand-mnx-de","17":"first","18":"instock","19":"taxable","20":"shipping-taxable","21":"purchasable","22":"product-type-variable"},"exclude_global_add_ons":[],"addons":[],"_links":{"self":[{"href":"https:\/\/mnxsportswear.com\/de\/wp-json\/wp\/v2\/product\/405328","targetHints":{"allow":["GET"]}}],"collection":[{"href":"https:\/\/mnxsportswear.com\/de\/wp-json\/wp\/v2\/product"}],"about":[{"href":"https:\/\/mnxsportswear.com\/de\/wp-json\/wp\/v2\/types\/product"}],"replies":[{"embeddable":true,"href":"https:\/\/mnxsportswear.com\/de\/wp-json\/wp\/v2\/comments?post=405328"}],"version-history":[{"count":2,"href":"https:\/\/mnxsportswear.com\/de\/wp-json\/wp\/v2\/product\/405328\/revisions"}],"predecessor-version":[{"id":405559,"href":"https:\/\/mnxsportswear.com\/de\/wp-json\/wp\/v2\/product\/405328\/revisions\/405559"}],"wp:featuredmedia":[{"embeddable":true,"href":"https:\/\/mnxsportswear.com\/de\/wp-json\/wp\/v2\/media\/405706"}],"wp:attachment":[{"href":"https:\/\/mnxsportswear.com\/de\/wp-json\/wp\/v2\/media?parent=405328"}],"wp:term":[{"taxonomy":"product_brand","embeddable":true,"href":"https:\/\/mnxsportswear.com\/de\/wp-json\/wp\/v2\/product_brand?post=405328"},{"taxonomy":"product_cat","embeddable":true,"href":"https:\/\/mnxsportswear.com\/de\/wp-json\/wp\/v2\/product_cat?post=405328"},{"taxonomy":"product_tag","embeddable":true,"href":"https:\/\/mnxsportswear.com\/de\/wp-json\/wp\/v2\/product_tag?post=405328"}],"curies":[{"name":"wp","href":"https:\/\/api.w.org\/{rel}","templated":true}]}}