{"id":405360,"date":"2026-01-01T13:16:39","date_gmt":"2026-01-01T12:16:39","guid":{"rendered":"https:\/\/mnxsportswear.com\/?post_type=product&#038;p=405360"},"modified":"2026-03-01T18:05:46","modified_gmt":"2026-03-01T17:05:46","slug":"mnx-stringer-tank-top-edge-marineblau","status":"publish","type":"product","link":"https:\/\/mnxsportswear.com\/de\/product\/mnx-stringer-tank-top-edge-marineblau\/","title":{"rendered":"MNX Stringer Tank Top Edge, Marineblau"},"content":{"rendered":"<ul data-start=\"1450\" data-end=\"1757\">\n<li data-start=\"1450\" data-end=\"1483\">\n<p data-start=\"1452\" data-end=\"1483\">100 % Baumwolle (5 % Einlauf)<\/p>\n<\/li>\n<li data-start=\"1484\" data-end=\"1543\">\n<p data-start=\"1486\" data-end=\"1543\">Gro\u00dfer, markanter Streetstyle-Patch auf der Vorderseite<\/p>\n<\/li>\n<li data-start=\"1544\" data-end=\"1598\">\n<p data-start=\"1546\" data-end=\"1598\">Zwei zus\u00e4tzliche kleinere Patches vorne und hinten<\/p>\n<\/li>\n<li data-start=\"1599\" data-end=\"1646\">\n<p data-start=\"1601\" data-end=\"1646\">Ripped-Kanten f\u00fcr einen rohen, urbanen Look<\/p>\n<\/li>\n<li data-start=\"1647\" data-end=\"1668\">\n<p data-start=\"1649\" data-end=\"1668\">Abgerundeter Saum<\/p>\n<\/li>\n<li data-start=\"1669\" data-end=\"1730\">\n<p data-start=\"1671\" data-end=\"1730\">Ideal f\u00fcr Training, Freizeit und Streetwear-Kombinationen<\/p>\n<\/li>\n<li data-start=\"1731\" data-end=\"1757\">\n<p data-start=\"1733\" data-end=\"1757\"><strong>Gewicht:<\/strong> ca. 150 Gramm<\/p>\n<\/li>\n<\/ul>\n<p data-start=\"1759\" data-end=\"1820\"><em>Das Model auf den Studiofotos tr\u00e4gt Gr\u00f6\u00dfe S\/M (178 cm, 84 kg)<\/em><\/p>\n","protected":false},"excerpt":{"rendered":"<p>Das <strong data-start=\"865\" data-end=\"891\">Stringer Tank Top Edge<\/strong> aus der stylischen Edge-Kollektion wurde f\u00fcr alle entworfen, die auffallen wollen. Gefertigt aus 100 % Baumwolle bietet es erstklassigen Tragekomfort und hohe Atmungsaktivit\u00e4t. Ein gro\u00dfer, markanter Streetstyle-Patch auf der Vorderseite zieht sofort alle Blicke auf sich, w\u00e4hrend zwei kleinere Patches vorne und hinten den urbanen Look stilvoll abrunden. Ausgefranste (ripped) Kanten und ein abgerundeter Saum verleihen dem Tank Top einen rohen, modernen Charakter, der perfekt zur mutigen \u00c4sthetik der Edge-Kollektion passt. In mehreren Farben erh\u00e4ltlich.<\/p>\n<p><span class=\"HwtZe\" lang=\"de\">\u00a0<\/span><\/p>\n","protected":false},"featured_media":405776,"comment_status":"open","ping_status":"closed","template":"","meta":[],"product_brand":[],"product_cat":[2405,3374,3097,2421],"product_tag":[],"class_list":{"0":"post-405360","1":"product","2":"type-product","3":"status-publish","4":"has-post-thumbnail","6":"product_cat-herren","7":"product_cat-neue-ankuenfte","8":"product_cat-stringer-de","9":"product_cat-tanks-de","10":"yith_product_brand-edge","11":"yith_product_brand-mnx-de","13":"first","14":"instock","15":"taxable","16":"shipping-taxable","17":"purchasable","18":"product-type-variable"},"exclude_global_add_ons":[],"addons":[],"_links":{"self":[{"href":"https:\/\/mnxsportswear.com\/de\/wp-json\/wp\/v2\/product\/405360","targetHints":{"allow":["GET"]}}],"collection":[{"href":"https:\/\/mnxsportswear.com\/de\/wp-json\/wp\/v2\/product"}],"about":[{"href":"https:\/\/mnxsportswear.com\/de\/wp-json\/wp\/v2\/types\/product"}],"replies":[{"embeddable":true,"href":"https:\/\/mnxsportswear.com\/de\/wp-json\/wp\/v2\/comments?post=405360"}],"version-history":[{"count":2,"href":"https:\/\/mnxsportswear.com\/de\/wp-json\/wp\/v2\/product\/405360\/revisions"}],"predecessor-version":[{"id":405398,"href":"https:\/\/mnxsportswear.com\/de\/wp-json\/wp\/v2\/product\/405360\/revisions\/405398"}],"wp:featuredmedia":[{"embeddable":true,"href":"https:\/\/mnxsportswear.com\/de\/wp-json\/wp\/v2\/media\/405776"}],"wp:attachment":[{"href":"https:\/\/mnxsportswear.com\/de\/wp-json\/wp\/v2\/media?parent=405360"}],"wp:term":[{"taxonomy":"product_brand","embeddable":true,"href":"https:\/\/mnxsportswear.com\/de\/wp-json\/wp\/v2\/product_brand?post=405360"},{"taxonomy":"product_cat","embeddable":true,"href":"https:\/\/mnxsportswear.com\/de\/wp-json\/wp\/v2\/product_cat?post=405360"},{"taxonomy":"product_tag","embeddable":true,"href":"https:\/\/mnxsportswear.com\/de\/wp-json\/wp\/v2\/product_tag?post=405360"}],"curies":[{"name":"wp","href":"https:\/\/api.w.org\/{rel}","templated":true}]}}