{"id":261828,"date":"2020-02-13T13:52:31","date_gmt":"2020-02-13T12:52:31","guid":{"rendered":"https:\/\/mnxsportswear.com\/right-to-cancel\/"},"modified":"2024-01-05T11:39:27","modified_gmt":"2024-01-05T10:39:27","slug":"right-to-cancel","status":"publish","type":"page","link":"https:\/\/mnxsportswear.com\/es\/right-to-cancel\/","title":{"rendered":"Derecho a cancelar"},"content":{"rendered":"\t\t<div data-elementor-type=\"wp-page\" data-elementor-id=\"261828\" class=\"elementor elementor-261828 elementor-258751\">\n\t\t\t\t\t\t<section class=\"elementor-section elementor-top-section elementor-element elementor-element-9bc125c elementor-section-boxed elementor-section-height-default elementor-section-height-default\" data-id=\"9bc125c\" data-element_type=\"section\" data-e-type=\"section\">\n\t\t\t\t\t\t<div class=\"elementor-container elementor-column-gap-default\">\n\t\t\t\t\t<div class=\"elementor-column elementor-col-100 elementor-top-column elementor-element elementor-element-7a57c48c\" data-id=\"7a57c48c\" data-element_type=\"column\" data-e-type=\"column\">\n\t\t\t<div class=\"elementor-widget-wrap elementor-element-populated\">\n\t\t\t\t\t\t<div class=\"elementor-element elementor-element-60d8c3f elementor-widget elementor-widget-text-editor\" data-id=\"60d8c3f\" data-element_type=\"widget\" data-e-type=\"widget\" data-widget_type=\"text-editor.default\">\n\t\t\t\t<div class=\"elementor-widget-container\">\n\t\t\t\t\t\t\t\t\t<p><strong>Derecho a cancelar<\/strong><\/p><p>Tiene derecho a cancelar este contrato dentro de los 14 d\u00edas sin dar ninguna raz\u00f3n.<\/p><p>El plazo de cancelaci\u00f3n expirar\u00e1 a los 14 d\u00edas contados a partir del d\u00eda en que usted adquiera, o un tercero distinto del transportista e indicado por usted adquiera, la posesi\u00f3n f\u00edsica del \u00faltimo bien.<\/p><p>Para ejercer el derecho de cancelaci\u00f3n, debe informarnos (ARBOS d.o.o. BATUJE 1F 5262 \u010cRNI\u010cE SLOVENIA, EUROPE, info@mnxsportswear.com) de su decisi\u00f3n de cancelar este contrato mediante una declaraci\u00f3n clara (por ejemplo, una carta enviada por correo postal o electr\u00f3nico ). Puede utilizar el modelo de formulario de cancelaci\u00f3n adjunto, pero no es obligatorio. Para cumplir el plazo de cancelaci\u00f3n, basta con que env\u00ede su comunicaci\u00f3n relativa al ejercicio del derecho de cancelaci\u00f3n antes de que finalice el plazo de cancelaci\u00f3n.<\/p><p><strong>Efectos de la cancelaci\u00f3n<\/strong><\/p><p>Si cancela este contrato, le reembolsaremos el pago recibido de usted. Podemos hacer una deducci\u00f3n del reembolso por la p\u00e9rdida de valor de los bienes suministrados, si la p\u00e9rdida es el resultado de una manipulaci\u00f3n innecesaria por su parte. Haremos el reembolso sin demoras indebidas y a m\u00e1s tardar:<\/p><p>(a) 14 d\u00edas despu\u00e9s del d\u00eda en que recibamos de usted los bienes suministrados, o<\/p><p>(b) (si es anterior) 14 d\u00edas despu\u00e9s del d\u00eda en que proporciona evidencia de que ha devuelto los bienes, o<\/p><p>(c) si no hubiera bienes suministrados, 14 d\u00edas despu\u00e9s del d\u00eda en que se nos informe sobre su decisi\u00f3n de cancelar este contrato.<\/p><p>Haremos el reembolso utilizando el mismo medio de pago que utiliz\u00f3 para la transacci\u00f3n inicial, a menos que haya acordado expresamente lo contrario; en cualquier caso, no incurrir\u00e1 en ning\u00fan gasto como consecuencia del reembolso.<\/p><p>Es posible que retengamos el reembolso hasta que hayamos recibido los bienes devueltos o hasta que usted haya proporcionado pruebas de haber devuelto los bienes, lo que ocurra primero. Deber\u00e1 devolver los bienes o entreg\u00e1rnoslos sin demora indebida y, en cualquier caso, a m\u00e1s tardar 14 d\u00edas a partir del d\u00eda en que nos comunique su cancelaci\u00f3n de este contrato. El plazo se cumple si devuelve la mercanc\u00eda antes de que haya vencido el plazo de 14 d\u00edas.<\/p><p>Tendr\u00e1s que asumir el coste directo de devoluci\u00f3n de la mercanc\u00eda.<\/p><p>Usted solo es responsable de cualquier disminuci\u00f3n del valor de los bienes que resulte de una manipulaci\u00f3n distinta a la necesaria para establecer la naturaleza, las caracter\u00edsticas y el funcionamiento de los bienes.<\/p><p>Batuje, 28.3.2023<\/p>\t\t\t\t\t\t\t\t<\/div>\n\t\t\t\t<\/div>\n\t\t\t\t\t<\/div>\n\t\t<\/div>\n\t\t\t\t\t<\/div>\n\t\t<\/section>\n\t\t\t\t<\/div>\n\t\t","protected":false},"excerpt":{"rendered":"<p>Derecho a cancelar Tiene derecho a cancelar este contrato dentro de los 14 d\u00edas sin dar ninguna raz\u00f3n. El plazo de cancelaci\u00f3n expirar\u00e1 a los 14 d\u00edas contados a partir del d\u00eda en que usted adquiera, o un tercero distinto del transportista e indicado por usted adquiera, la posesi\u00f3n f\u00edsica del \u00faltimo bien. Para ejercer [&hellip;]<\/p>\n","protected":false},"author":1,"featured_media":0,"parent":0,"menu_order":0,"comment_status":"closed","ping_status":"closed","template":"","meta":{"footnotes":""},"class_list":["post-261828","page","type-page","status-publish","hentry"],"_links":{"self":[{"href":"https:\/\/mnxsportswear.com\/es\/wp-json\/wp\/v2\/pages\/261828","targetHints":{"allow":["GET"]}}],"collection":[{"href":"https:\/\/mnxsportswear.com\/es\/wp-json\/wp\/v2\/pages"}],"about":[{"href":"https:\/\/mnxsportswear.com\/es\/wp-json\/wp\/v2\/types\/page"}],"author":[{"embeddable":true,"href":"https:\/\/mnxsportswear.com\/es\/wp-json\/wp\/v2\/users\/1"}],"replies":[{"embeddable":true,"href":"https:\/\/mnxsportswear.com\/es\/wp-json\/wp\/v2\/comments?post=261828"}],"version-history":[{"count":0,"href":"https:\/\/mnxsportswear.com\/es\/wp-json\/wp\/v2\/pages\/261828\/revisions"}],"wp:attachment":[{"href":"https:\/\/mnxsportswear.com\/es\/wp-json\/wp\/v2\/media?parent=261828"}],"curies":[{"name":"wp","href":"https:\/\/api.w.org\/{rel}","templated":true}]}}