{"id":265749,"date":"2014-01-16T07:21:14","date_gmt":"2014-01-16T06:21:14","guid":{"rendered":"https:\/\/mnxsportswear.com\/terms-conditions\/"},"modified":"2026-01-15T10:41:17","modified_gmt":"2026-01-15T09:41:17","slug":"terms-conditions","status":"publish","type":"page","link":"https:\/\/mnxsportswear.com\/es\/terms-conditions\/","title":{"rendered":"T\u00c9RMINOS Y CONDICIONES"},"content":{"rendered":"<ol>\n<li><strong> T\u00c9RMINOS Y CONDICIONES<\/strong><\/li>\n<\/ol>\n<p>El uso de este sitio web est\u00e1 condicionado a la aceptaci\u00f3n del usuario de los t\u00e9rminos y condiciones aqu\u00ed contenidos.\u00a0 Todos los usuarios de este sitio web entienden y aceptan que su uso de dicho sitio web constituye la aceptaci\u00f3n de los t\u00e9rminos y condiciones establecidos en este aviso legal.\u00a0 MNX SPORTSWEAR se reserva el derecho de modificar los t\u00e9rminos y condiciones en cualquier momento sin previo aviso.\u00a0 Si no est\u00e1 de acuerdo con estos t\u00e9rminos, no puede usar este sitio web.\u00a0 El nombre de dominio mnxsportswear.com es propiedad de Arbos D.O.O.<\/p>\n<p>Este sitio web contiene propiedad intelectual de MNX SPORTSWEAR.\u00a0 Esto sigue siendo propiedad de sus respectivos due\u00f1os.\u00a0 El usuario reconoce y acepta la propiedad de estas marcas y entiende que no adquiere, a trav\u00e9s del uso de este sitio web, ning\u00fan derecho, t\u00edtulo o inter\u00e9s en las marcas.\u00a0 El usuario acepta que no cambiar\u00e1, modificar\u00e1 y \/ o explotar\u00e1 las marcas, ni participar\u00e1 en ninguna actividad que modifique y \/ o explote dichas marcas.\u00a0 Todos los derechos sobre estas marcas est\u00e1n reservados.\u00a0 Cualquier uso de las marcas sin autorizaci\u00f3n expresa por escrito est\u00e1 estrictamente prohibido.<\/p>\n<p>Cualquier uso de este sitio web para un prop\u00f3sito ilegal u objetable est\u00e1 estrictamente prohibido.\u00a0 El usuario acepta que no usar\u00e1 este sitio web para participar en ninguna actividad que pueda considerarse ilegal o perjudicial para otros.\u00a0 Dichas actividades incluyen, pero no se limitan a:<\/p>\n<p>&#8211; actividades que impliquen la transmisi\u00f3n de informaci\u00f3n ilegal, amenazante, acosadora, obscena, sexualmente expl\u00edcita, pornogr\u00e1fica, odiosa, profana, calumniosa o difamatoria,<\/p>\n<p>&#8211; actividades que impliquen la transmisi\u00f3n de correo basura o spam,<\/p>\n<p>&#8211; actividades relacionadas con la promoci\u00f3n o el uso de virus,<\/p>\n<p>&#8211; actividades que violen cualquier ley, reglamento o estatuto,<\/p>\n<p>&#8211; actividades que infringen cualquier derecho de propiedad legalmente protegido.<\/p>\n<p>MNX se reserva el derecho de monitorear las transmisiones e investigar cualquier supuesto uso prohibido de este sitio web y de revelar cualquier informaci\u00f3n relacionada con dicho uso prohibido.\u00a0 Cualquier violaci\u00f3n de esta o cualquier otra secci\u00f3n contenida en este documento puede resultar en la terminaci\u00f3n del servicio y \/ o cualquier otra acci\u00f3n que MNX determine apropiada bajo las circunstancias.<\/p>\n<p>&nbsp;<\/p>\n<ol start=\"2\">\n<li><strong> C\u00d3MO REALIZAR UN PEDIDO<\/strong><\/li>\n<\/ol>\n<p>Realizar un pedido a trav\u00e9s del sitio web MNX consta de los siguientes pasos:<\/p>\n<ol>\n<li>Elija los productos que le gusten y agr\u00e9guelos a &#8220;Su cesta&#8221;,<\/li>\n<li>Proceda a la salida,<\/li>\n<li>Ingrese la informaci\u00f3n de entrega y facturaci\u00f3n,<\/li>\n<li>Acepte nuestros t\u00e9rminos de venta haciendo clic en las casillas de verificaci\u00f3n,<\/li>\n<li>Elija un m\u00e9todo de pago y haga clic en &#8220;Enviar pedido&#8221;,<\/li>\n<li>Realice el pago.<\/li>\n<li>Si se autoriza el pago, el Cliente recibir\u00e1 una confirmaci\u00f3n de recepci\u00f3n del pedido. Esta confirmaci\u00f3n constituye la aceptaci\u00f3n por parte de MNX del pedido del Cliente y crea un acuerdo vinculante entre el Cliente y MNX.<\/li>\n<\/ol>\n<p>&nbsp;<\/p>\n<p><strong>2.1 DISPONIBILIDAD DE PRODUCTOS<\/strong><\/p>\n<p>La realizaci\u00f3n de un pedido a trav\u00e9s del sitio web est\u00e1 sujeta a la disponibilidad de los productos.\u00a0 MNX intenta garantizar el stock de todos los productos.\u00a0 Si el producto solicitado no est\u00e1 disponible o no hay stock, se informar\u00e1 al Cliente por correo electr\u00f3nico y se le reembolsar\u00e1 el importe pagado.<\/p>\n<p>&nbsp;<\/p>\n<p><strong>2.2 EL DERECHO DE MNX DE CANCELAR O NO ACEPTAR UN PEDIDO<\/strong><\/p>\n<p>MNX se reserva el derecho de rechazar cualquier pedido, as\u00ed como cancelar o no aceptar un pedido confirmado por, entre otros, los siguientes motivos:<\/p>\n<p>&#8211; Hubo un error t\u00e9cnico o de precios en el sitio web en el momento en que se realiz\u00f3 el pedido,<\/p>\n<p>&#8211; El producto pedido no est\u00e1 disponible,<\/p>\n<p>&#8211; La informaci\u00f3n de facturaci\u00f3n proporcionada era incorrecta o no verificada,<\/p>\n<p>&#8211; Los sistemas de seguridad indican que el pedido es anormal o puede ser fraudulento,<\/p>\n<p>&#8211; MNX no ha podido entregar el pedido en la direcci\u00f3n proporcionada.<\/p>\n<p>Si un pedido se cancela por alguno de los motivos anteriores, MNX reembolsar\u00e1 (si se pag\u00f3) el valor del pedido.\u00a0 Los gastos de env\u00edo nunca se reembolsan, excepto en ciertas circunstancias.<\/p>\n<p>&nbsp;<\/p>\n<ol start=\"3\">\n<li><strong> PRECIO Y PAGO<\/strong><\/li>\n<\/ol>\n<p>Los precios se dan en euros. Cambiar el pa\u00eds de entrega puede tener un impacto en el precio final.<\/p>\n<p>Para pagar el pedido, el Cliente puede utilizar los siguientes m\u00e9todos de pago: tarjeta de cr\u00e9dito, PayPal, transferencia bancaria directa y pago a la entrega (para algunos pa\u00edses).\u00a0 El cargo se realizar\u00e1 a la confirmaci\u00f3n del pedido.<\/p>\n<p>Los precios que se muestran en el sitio web est\u00e1n sujetos a cambios. MNX se reserva el derecho de cambiar los precios sin previo aviso.\u00a0 Sin embargo, una vez que se reciba la confirmaci\u00f3n de recepci\u00f3n de un pedido de MNX, el precio a pagar con respecto a ese pedido no cambiar\u00e1.<\/p>\n<p>&nbsp;<\/p>\n<ol start=\"4\">\n<li><strong> ENTREGA DE PEDIDOS<\/strong><\/li>\n<\/ol>\n<p>Las entregas se realizan de lunes a viernes. No se realizan entregas los fines de semana o d\u00edas festivos locales. Las entregas se realizan durante el horario comercial. Por lo tanto, para facilitar la entrega, los Clientes pueden usar su direcci\u00f3n de trabajo o cualquier otra direcci\u00f3n donde pueda haber alguien para recibir el paquete.<\/p>\n<p>Los pedidos generalmente se entregan dentro de 2 a 14 d\u00edas h\u00e1biles. El cronograma de entrega generalmente se cumple, y aunque MNX no puede garantizar la puntualidad, todos los pedidos se entregan dentro de los 30 d\u00edas posteriores a la fecha de confirmaci\u00f3n de la recepci\u00f3n del pedido, a m\u00e1s tardar.<\/p>\n<p><strong>Env<\/strong><strong>\u00edo a pa<\/strong><strong>\u00edses que no son miembros de la Uni<\/strong><strong>\u00f3n Europea:<\/strong> todos los aranceles, impuestos y aranceles aduaneros aplicables son responsabilidad exclusiva del Cliente. Las autoridades aduaneras requieren que MNX indique el valor de los productos pedidos directamente en el paquete. Es a discreci\u00f3n exclusiva de los agentes personalizados liberar el paquete del Cliente.\u00a0 En algunas ocasiones, los agentes personalizados pueden retrasar la entrega de algunos paquetes.<\/p>\n<p>El Cliente debe verificar el estado del empaque al momento de la entrega. Si el paquete est\u00e1 da\u00f1ado, el Cliente no debe aceptar la entrega. El importe de la compra y los gastos de entrega ser\u00e1n reembolsados al Cliente una vez que el almac\u00e9n haya procesado la devoluci\u00f3n de los productos. MNX informa que la entrega debe verificarse dentro de un tiempo razonable despu\u00e9s de la recepci\u00f3n. En caso de que no se reciba un aviso de rechazo de los productos dentro de los 14 d\u00edas posteriores a la entrega, MNX considerar\u00e1 que el Cliente ha aceptado la entrega.<\/p>\n<p>&nbsp;<\/p>\n<ol start=\"5\">\n<li><strong> DEVOLUCI\u00d3N, INTERCAMBIO Y CANCELACI\u00d3N DE PEDIDOS<\/strong><\/li>\n<\/ol>\n<p>&nbsp;<\/p>\n<p><strong>5.1 DEVOLUCI\u00d3N DE UN PRODUCTO DA\u00d1ADO<\/strong><\/p>\n<p>El cliente tiene derecho a devolver productos defectuosos. El Cliente tiene 14 d\u00edas desde el momento de detectar la no conformidad del producto para informar a MNX sobre el defecto o falta de conformidad y devolver el producto a MNX.<\/p>\n<p>Si el Cliente devuelve un producto porque es defectuoso o no conforme y la devoluci\u00f3n es aprobada, MNX reembolsar\u00e1 el valor del producto y los gastos de env\u00edo, o lo cambiar\u00e1 por uno nuevo, dentro de los treinta (30) d\u00edas posteriores a la recepci\u00f3n de MNX del producto devuelto.<\/p>\n<p>El Cliente acepta que MNX no es responsable de ning\u00fan da\u00f1o en los productos provocado por un manejo inapropiado por parte del Cliente, por ejemplo, lavado (sin seguir las instrucciones de lavado del fabricante), secadora o planchado. En caso de uso inapropiado de los productos MNX, MNX no est\u00e1 obligado a aceptar devoluciones de esos productos.<\/p>\n<p>&nbsp;<\/p>\n<p><strong>5.2 DEVOLUCI\u00d3N DE PRODUCTOS POR CUALQUIER MOTIVO<\/strong><\/p>\n<p>Si el Cliente no est\u00e1 satisfecho por alg\u00fan motivo con los productos comprados, tendr\u00e1 30 d\u00edas calendario a partir de la fecha de entrega para devolver el producto sin necesidad de una explicaci\u00f3n de ning\u00fan tipo.<\/p>\n<p>El Cliente puede devolver el producto comprado, siempre que:<\/p>\n<p>&#8211; El producto no se ha lavado ni utilizado de ninguna manera (excepto por el uso y el desgaste razonables de examinar y \/ o probar el producto).<\/p>\n<p>&#8211; El producto no est\u00e1 cubierto de pelo humano o animal.<\/p>\n<p>&#8211; El producto est\u00e1 completo (dos elementos que forman un par deben devolverse juntos).<\/p>\n<p>&nbsp;<\/p>\n<p><strong>Nota: No se aceptar<\/strong><strong>\u00e1n devoluciones de productos personalizados y ropa interior.<\/strong><\/p>\n<p>&nbsp;<\/p>\n<p>El producto debe ser devuelto y el Cliente debe asumir los gastos de esta devoluci\u00f3n. Los productos deben devolverse con su embalaje y etiquetado originales, junto con la nota del Cliente que contiene toda la informaci\u00f3n b\u00e1sica del pedido. Tras una inspecci\u00f3n satisfactoria de los productos devueltos, MNX reembolsar\u00e1 el precio del producto dentro de los treinta (30) d\u00edas posteriores a la recepci\u00f3n de la cancelaci\u00f3n del pedido y la notificaci\u00f3n de devoluci\u00f3n del producto por parte del Cliente. El cliente deber\u00e1 pagar los gastos de devoluci\u00f3n.<\/p>\n<p>MNX no realizar\u00e1 el reembolso hasta que reciba el producto devuelto y verifique la condici\u00f3n del producto en el almac\u00e9n. Una vez que se haya verificado la condici\u00f3n del producto devuelto, se le reembolsar\u00e1 al Cliente la cantidad correspondiente dentro de los treinta (30) d\u00edas posteriores a la recepci\u00f3n del producto devuelto en MNX.<\/p>\n<p>Para la protecci\u00f3n del Cliente, se recomienda que se realice una devoluci\u00f3n con el servicio de env\u00edo que le proporciona al Cliente un n\u00famero de seguimiento. Todas las devoluciones deben enviarse a la siguiente direcci\u00f3n:<\/p>\n<p>Nombre de la empresa:<strong> Arbos d.o.o.<\/strong><\/p>\n<p>Direcci\u00f3n: <strong>BATUJE 1<\/strong><strong>F<\/strong><\/p>\n<p>C\u00f3digo postal: <strong>5262<\/strong><strong> \u010cRNI\u010cE<\/strong><\/p>\n<p>Pa\u00eds: <strong>ESLOVENIA, EUROPA<\/strong><\/p>\n<p>&nbsp;<\/p>\n<ol start=\"6\">\n<li><strong> PEDIDO DE PRODUCTOS PERSONALIZADOS<\/strong><\/li>\n<\/ol>\n<p>El pedido del cliente de producto personalizado se procesa pronto despu\u00e9s de su colocaci\u00f3n. Es extremadamente importante que el Cliente revise su pedido antes de la confirmaci\u00f3n. El cliente debe verificar la ortograf\u00eda de las palabras con mucho cuidado. Las cancelaciones o cambios de pedidos no pueden aceptarse una vez que el Cliente haya completado y realizado un pedido. La finalizaci\u00f3n del pedido confirma y reconoce que el Cliente ha revisado y verificado la precisi\u00f3n de todo su pedido antes de que se enviara.<\/p>\n<p>MNX no incluir\u00e1 en la producci\u00f3n productos que contengan discursos de odio, contenido expl\u00edcito o contenido protegido por derechos de autor de una tercera parte. Se le preguntar\u00e1 al cliente sobre c\u00f3mo cambiar ese tipo de contenido. Si el cliente no est\u00e1 de acuerdo con cambiar el contenido, MNX no proceder\u00e1 con la producci\u00f3n y cancelar\u00e1 el pedido.<\/p>\n<p>&nbsp;<\/p>\n<p><strong>6.1 DEVOLUCI\u00d3N DE PRODUCTOS PERSONALIZADOS<\/strong><\/p>\n<p><strong>No se aceptan devoluciones de art<\/strong><strong>\u00edculos personalizados, a menos que haya un error de fabricaci<\/strong><strong>\u00f3n o un defecto del producto.<\/strong> Si el Cliente encuentra alg\u00fan problema de calidad con su pedido, debe comunicarse con MNX en info@mnxsportswear.com dentro de los 14 d\u00edas. El cliente puede devolver el producto defectuoso a MNX en una nueva condici\u00f3n no utilizada.\u00a0 MNX puede producir un nuevo art\u00edculo personalizado a cambio o hacer un reembolso en la cuenta del Cliente.<\/p>\n<p>&nbsp;<\/p>\n<ol start=\"7\">\n<li><strong> LAVADO Y CUIDADO DE LA ROPA MNX<\/strong><\/li>\n<\/ol>\n<p>Preste mucha atenci\u00f3n a las instrucciones de cuidado proporcionadas con cada producto.\u00a0 Muchos de nuestros productos no deben colocarse en una secadora. En general, lave a 30\u00b0y planche su ropa MNX al rev\u00e9s para proteger los gr\u00e1ficos impresos y los bordados contra da\u00f1os.\u00a0 <strong>Algunos de nuestros productos personalizados solo requieren lavado a mano (productos con sellos de oro y plata).<\/strong><\/p>\n<p>&nbsp;<\/p>\n<ol start=\"8\">\n<li><strong> C\u00d3DIGOS PROMOCIONALES (DESCUENTOS)<\/strong><\/li>\n<\/ol>\n<p>Cuando los c\u00f3digos promocionales se usan de acuerdo con sus t\u00e9rminos y condiciones, se aplican para un descuento \u00fanico en la compra de un solo producto o un descuento en un pedido por el tiempo indicado por el c\u00f3digo promocional.<\/p>\n<p>Los c\u00f3digos promocionales solo se pueden usar para compras en el sitio web. El Cliente no puede vender, intercambiar ni asignar el c\u00f3digo promocional. El c\u00f3digo promocional no se puede cargar ni divulgar a trav\u00e9s de sitios web u otros medios que hagan ofertas p\u00fablicas, regalos, ventas o intercambios. Los c\u00f3digos promocionales no pueden usarse con fines comerciales.<\/p>\n<p>Solo se puede usar un c\u00f3digo promocional por producto y por pedido. Los c\u00f3digos promocionales no se pueden combinar con ninguna otra oferta o promoci\u00f3n especial.\u00a0 Los c\u00f3digos promocionales no se pueden cambiar por dinero.<\/p>\n<p>MNX se reserva el derecho de anular un c\u00f3digo promocional de inmediato si sospecha que se est\u00e1 utilizando en violaci\u00f3n de cualquiera de las condiciones anteriores o de cualquier otra manera incorrecta o si tiene motivos razonables para anularlo.<\/p>\n<p>&nbsp;<\/p>\n<ol start=\"9\">\n<li><strong> PROTECCI\u00d3N DE DATOS PERSONALES<\/strong><\/li>\n<\/ol>\n<p>La informaci\u00f3n sobre el procesamiento de los datos personales de los Participantes se incluye en la Pol\u00edtica de privacidad disponible en el siguiente enlace.<\/p>\n<p>&nbsp;<\/p>\n<ol start=\"10\">\n<li><strong> LEGISLACI\u00d3N APLICABLE<\/strong><\/li>\n<\/ol>\n<p>Las compras realizadas a trav\u00e9s del sitio web de MNX y bajo estos T\u00e9rminos y condiciones est\u00e1n sujetas a la ley eslovena.<\/p>\n<p>&nbsp;<\/p>\n<ol start=\"11\">\n<li><strong> CONTACTO<\/strong><\/li>\n<\/ol>\n<p>Para cualquier pregunta o incidente con respecto a un pedido, el Cliente puede comunicarse con MNX a trav\u00e9s de:<\/p>\n<p>&#8211; correo electr\u00f3nico, dirigiendo un mensaje a info@mnxsportswear.com,<\/p>\n<p>&#8211; a trav\u00e9s de la secci\u00f3n Contacto del sitio web,<\/p>\n<p>&#8211; llamando al +38651899599 de lunes a viernes (excepto feriados nacionales) de 9:00 a.m. a 2:00 p.m. (CET).<\/p>\n","protected":false},"excerpt":{"rendered":"<p>T\u00c9RMINOS Y CONDICIONES El uso de este sitio web est\u00e1 condicionado a la aceptaci\u00f3n del usuario de los t\u00e9rminos y condiciones aqu\u00ed contenidos.\u00a0 Todos los usuarios de este sitio web entienden y aceptan que su uso de dicho sitio web constituye la aceptaci\u00f3n de los t\u00e9rminos y condiciones establecidos en este aviso legal.\u00a0 MNX SPORTSWEAR [&hellip;]<\/p>\n","protected":false},"author":1,"featured_media":0,"parent":0,"menu_order":0,"comment_status":"closed","ping_status":"closed","template":"","meta":{"footnotes":""},"class_list":["post-265749","page","type-page","status-publish","hentry"],"_links":{"self":[{"href":"https:\/\/mnxsportswear.com\/es\/wp-json\/wp\/v2\/pages\/265749","targetHints":{"allow":["GET"]}}],"collection":[{"href":"https:\/\/mnxsportswear.com\/es\/wp-json\/wp\/v2\/pages"}],"about":[{"href":"https:\/\/mnxsportswear.com\/es\/wp-json\/wp\/v2\/types\/page"}],"author":[{"embeddable":true,"href":"https:\/\/mnxsportswear.com\/es\/wp-json\/wp\/v2\/users\/1"}],"replies":[{"embeddable":true,"href":"https:\/\/mnxsportswear.com\/es\/wp-json\/wp\/v2\/comments?post=265749"}],"version-history":[{"count":1,"href":"https:\/\/mnxsportswear.com\/es\/wp-json\/wp\/v2\/pages\/265749\/revisions"}],"predecessor-version":[{"id":406064,"href":"https:\/\/mnxsportswear.com\/es\/wp-json\/wp\/v2\/pages\/265749\/revisions\/406064"}],"wp:attachment":[{"href":"https:\/\/mnxsportswear.com\/es\/wp-json\/wp\/v2\/media?parent=265749"}],"curies":[{"name":"wp","href":"https:\/\/api.w.org\/{rel}","templated":true}]}}