{"id":262334,"date":"2022-11-30T11:46:51","date_gmt":"2022-11-30T10:46:51","guid":{"rendered":"https:\/\/mnxsportswear.com\/product\/cotton-football-jersey-black\/"},"modified":"2026-03-01T18:13:35","modified_gmt":"2026-03-01T17:13:35","slug":"mnx-camiseta-de-futbol-de-algodon-negro","status":"publish","type":"product","link":"https:\/\/mnxsportswear.com\/es\/product\/mnx-camiseta-de-futbol-de-algodon-negro\/","title":{"rendered":"MNX Camiseta de f\u00fatbol de algod\u00f3n, negro"},"content":{"rendered":"<p><strong>Camiseta de f\u00fatbol MNX<\/strong><\/p>\n<p><strong>Material:<\/strong> 100% algod\u00f3n, mangas y hombros 100% poli\u00e9ster<br \/>\n<strong>Color: <\/strong>Como se muestra<br \/>\n<strong>Estilo:<\/strong> Ajuste de gran tama\u00f1o<br \/>\n<strong>Tallas:<\/strong> XS, S, M, L, XL, XXL, 3XL, 4XL, 5XL<\/p>\n<p><em>La modelo de la foto (185 cm \/ 110 kg) lleva una talla XL.<\/em><\/p>\n","protected":false},"excerpt":{"rendered":"<p>Mira esta nueva edici\u00f3n de camiseta de f\u00fatbol, hecha de algod\u00f3n. Con secciones de malla de punto transpirable en ambos lados y en las mangas.\u00a0 Parches bordados especiales con la marca MNX. Es perfecta para el entrenamiento o como ropa casual.<\/p>\n","protected":false},"featured_media":362234,"comment_status":"open","ping_status":"closed","template":"","meta":[],"product_brand":[],"product_cat":[2493,2494],"product_tag":[],"class_list":{"0":"post-262334","1":"product","2":"type-product","3":"status-publish","4":"has-post-thumbnail","6":"product_cat-camiseta-de-futbol","7":"product_cat-hombres","8":"yith_product_brand-mnx-es","10":"first","11":"instock","12":"taxable","13":"shipping-taxable","14":"purchasable","15":"product-type-variable"},"exclude_global_add_ons":[],"addons":[],"_links":{"self":[{"href":"https:\/\/mnxsportswear.com\/es\/wp-json\/wp\/v2\/product\/262334","targetHints":{"allow":["GET"]}}],"collection":[{"href":"https:\/\/mnxsportswear.com\/es\/wp-json\/wp\/v2\/product"}],"about":[{"href":"https:\/\/mnxsportswear.com\/es\/wp-json\/wp\/v2\/types\/product"}],"replies":[{"embeddable":true,"href":"https:\/\/mnxsportswear.com\/es\/wp-json\/wp\/v2\/comments?post=262334"}],"version-history":[{"count":0,"href":"https:\/\/mnxsportswear.com\/es\/wp-json\/wp\/v2\/product\/262334\/revisions"}],"wp:featuredmedia":[{"embeddable":true,"href":"https:\/\/mnxsportswear.com\/es\/wp-json\/wp\/v2\/media\/362234"}],"wp:attachment":[{"href":"https:\/\/mnxsportswear.com\/es\/wp-json\/wp\/v2\/media?parent=262334"}],"wp:term":[{"taxonomy":"product_brand","embeddable":true,"href":"https:\/\/mnxsportswear.com\/es\/wp-json\/wp\/v2\/product_brand?post=262334"},{"taxonomy":"product_cat","embeddable":true,"href":"https:\/\/mnxsportswear.com\/es\/wp-json\/wp\/v2\/product_cat?post=262334"},{"taxonomy":"product_tag","embeddable":true,"href":"https:\/\/mnxsportswear.com\/es\/wp-json\/wp\/v2\/product_tag?post=262334"}],"curies":[{"name":"wp","href":"https:\/\/api.w.org\/{rel}","templated":true}]}}