{"id":262814,"date":"2019-05-29T11:28:01","date_gmt":"2019-05-29T09:28:01","guid":{"rendered":"https:\/\/mnxsportswear.com\/product\/mnx-mesh-shorts-white-black\/"},"modified":"2026-03-01T18:22:15","modified_gmt":"2026-03-01T17:22:15","slug":"mnx-pantalones-cortos-de-malla-blanco-y-negro","status":"publish","type":"product","link":"https:\/\/mnxsportswear.com\/es\/product\/mnx-pantalones-cortos-de-malla-blanco-y-negro\/","title":{"rendered":"MNX Pantalones cortos de malla Blanco y negro"},"content":{"rendered":"<p>MNX Pantalones cortos.<\/p>\n<ul>\n<li>hecho de tela de malla transpirable,<\/li>\n<li>ajuste holgado para un uso m\u00e1s c\u00f3modo,<\/li>\n<li>cintura el\u00e1stica,<\/li>\n<li>bolsillos con cremallera.<\/li>\n<\/ul>\n<p><strong>Material:<\/strong> 100% poli\u00e9ster<br \/>\n<strong>Color: <\/strong>Como se muestra<br \/>\n<strong>Tallas:<\/strong>\u00a0S, M, L, XL, XXL, 3XL<br \/>\n<strong>Estilo:<\/strong> loose fit<\/p>\n<p>La modelo de la foto (185 cm \/ 110 kg) lleva una talla XXL.<\/p>\n","protected":false},"excerpt":{"rendered":"<p>Pantalones cortos MNX, hechos de tela de malla transpirable para una sensaci\u00f3n super suave. Ajuste holgado para m\u00e1s comodidad. Cintura el\u00e1stica con cord\u00f3n interior ajustable. Con bolsillos con cremallera en ambos lados y logotipos de goma MNX. Disponible en tallas S hasta 3XL.<\/p>\n","protected":false},"featured_media":363312,"comment_status":"open","ping_status":"closed","template":"","meta":[],"product_brand":[],"product_cat":[2494,2505],"product_tag":[],"class_list":{"0":"post-262814","1":"product","2":"type-product","3":"status-publish","4":"has-post-thumbnail","6":"product_cat-hombres","7":"product_cat-pantalones-cortos","8":"yith_product_brand-mnx-es","10":"first","11":"instock","12":"sale","13":"taxable","14":"shipping-taxable","15":"purchasable","16":"product-type-variable"},"exclude_global_add_ons":[],"addons":[],"_links":{"self":[{"href":"https:\/\/mnxsportswear.com\/es\/wp-json\/wp\/v2\/product\/262814","targetHints":{"allow":["GET"]}}],"collection":[{"href":"https:\/\/mnxsportswear.com\/es\/wp-json\/wp\/v2\/product"}],"about":[{"href":"https:\/\/mnxsportswear.com\/es\/wp-json\/wp\/v2\/types\/product"}],"replies":[{"embeddable":true,"href":"https:\/\/mnxsportswear.com\/es\/wp-json\/wp\/v2\/comments?post=262814"}],"version-history":[{"count":0,"href":"https:\/\/mnxsportswear.com\/es\/wp-json\/wp\/v2\/product\/262814\/revisions"}],"wp:featuredmedia":[{"embeddable":true,"href":"https:\/\/mnxsportswear.com\/es\/wp-json\/wp\/v2\/media\/363312"}],"wp:attachment":[{"href":"https:\/\/mnxsportswear.com\/es\/wp-json\/wp\/v2\/media?parent=262814"}],"wp:term":[{"taxonomy":"product_brand","embeddable":true,"href":"https:\/\/mnxsportswear.com\/es\/wp-json\/wp\/v2\/product_brand?post=262814"},{"taxonomy":"product_cat","embeddable":true,"href":"https:\/\/mnxsportswear.com\/es\/wp-json\/wp\/v2\/product_cat?post=262814"},{"taxonomy":"product_tag","embeddable":true,"href":"https:\/\/mnxsportswear.com\/es\/wp-json\/wp\/v2\/product_tag?post=262814"}],"curies":[{"name":"wp","href":"https:\/\/api.w.org\/{rel}","templated":true}]}}