{"id":263449,"date":"2023-12-20T10:31:07","date_gmt":"2023-12-20T09:31:07","guid":{"rendered":"https:\/\/mnxsportswear.com\/product\/mnx-classic-t-shirt-black\/"},"modified":"2026-03-01T18:47:28","modified_gmt":"2026-03-01T17:47:28","slug":"mnx-classic-t-shirt-black","status":"publish","type":"product","link":"https:\/\/mnxsportswear.com\/es\/product\/mnx-classic-t-shirt-black\/","title":{"rendered":"MNX Camiseta Classic, negro"},"content":{"rendered":"<p>Camiseta cl\u00e1sica MNX con cuello en &#8220;U&#8221;.<\/p>\n<ul>\n<li>forma cl\u00e1sica,<\/li>\n<li>tela suave (algod\u00f3n),<\/li>\n<li>logotipo tejido.<\/li>\n<\/ul>\n<p><strong>Material:<\/strong> 100% algod\u00f3n<br \/>\n<strong>Color:<\/strong> como se muestra<br \/>\n<strong>Estilo:<\/strong> camiseta cl\u00e1sica.<br \/>\n<strong>Peso:<\/strong> aproximado. 155 gramos (M)<br \/>\n<strong>Tallas:<\/strong> S, M, L, XL, 2XL, 3XL, 4XL<\/p>\n","protected":false},"excerpt":{"rendered":"<p><span class=\"HwtZe\" lang=\"es\">La camiseta cl\u00e1sica MNX es esencial para tu guardarropa. Es atemporal y puedes usarlo todos los d\u00edas en cualquier ocasi\u00f3n. La tela suave, hecha de <strong>algod\u00f3n<\/strong> es <strong>s\u00faper c\u00f3moda<\/strong>. Disponible en varios colores.<\/span><\/p>\n","protected":false},"featured_media":362152,"comment_status":"open","ping_status":"closed","template":"","meta":[],"product_brand":[],"product_cat":[2507,3083,2494],"product_tag":[],"class_list":{"0":"post-263449","1":"product","2":"type-product","3":"status-publish","4":"has-post-thumbnail","6":"product_cat-camisetas","7":"product_cat-classic-es","8":"product_cat-hombres","9":"yith_product_brand-mnx-es","11":"first","12":"instock","13":"sale","14":"taxable","15":"shipping-taxable","16":"purchasable","17":"product-type-variable"},"exclude_global_add_ons":[],"addons":[],"_links":{"self":[{"href":"https:\/\/mnxsportswear.com\/es\/wp-json\/wp\/v2\/product\/263449","targetHints":{"allow":["GET"]}}],"collection":[{"href":"https:\/\/mnxsportswear.com\/es\/wp-json\/wp\/v2\/product"}],"about":[{"href":"https:\/\/mnxsportswear.com\/es\/wp-json\/wp\/v2\/types\/product"}],"replies":[{"embeddable":true,"href":"https:\/\/mnxsportswear.com\/es\/wp-json\/wp\/v2\/comments?post=263449"}],"version-history":[{"count":0,"href":"https:\/\/mnxsportswear.com\/es\/wp-json\/wp\/v2\/product\/263449\/revisions"}],"wp:featuredmedia":[{"embeddable":true,"href":"https:\/\/mnxsportswear.com\/es\/wp-json\/wp\/v2\/media\/362152"}],"wp:attachment":[{"href":"https:\/\/mnxsportswear.com\/es\/wp-json\/wp\/v2\/media?parent=263449"}],"wp:term":[{"taxonomy":"product_brand","embeddable":true,"href":"https:\/\/mnxsportswear.com\/es\/wp-json\/wp\/v2\/product_brand?post=263449"},{"taxonomy":"product_cat","embeddable":true,"href":"https:\/\/mnxsportswear.com\/es\/wp-json\/wp\/v2\/product_cat?post=263449"},{"taxonomy":"product_tag","embeddable":true,"href":"https:\/\/mnxsportswear.com\/es\/wp-json\/wp\/v2\/product_tag?post=263449"}],"curies":[{"name":"wp","href":"https:\/\/api.w.org\/{rel}","templated":true}]}}