{"id":264331,"date":"2019-11-08T10:39:47","date_gmt":"2019-11-08T09:39:47","guid":{"rendered":"https:\/\/mnxsportswear.com\/product\/mnx-hoodie-revolution-grey\/"},"modified":"2026-03-01T18:13:35","modified_gmt":"2026-03-01T17:13:35","slug":"mnx-sudadera-con-capucha-revolution-gris","status":"publish","type":"product","link":"https:\/\/mnxsportswear.com\/es\/product\/mnx-sudadera-con-capucha-revolution-gris\/","title":{"rendered":"MNX Sudadera con capucha Revolution, gris"},"content":{"rendered":"<p><span class=\"tlid-translation translation\" lang=\"es\"><span class=\"\" title=\"\">Sudadera con capucha de algod\u00f3n MNX con un dise\u00f1o \u00fanico.<\/span><\/span><\/p>\n<ul>\n<li>hecho de mezcla de algod\u00f3n suave para una m\u00e1xima comodidad,<\/li>\n<li>con secciones de malla<\/li>\n<li>bolsillos laterales,<\/li>\n<li>capucha con cord\u00f3n para un ajuste regulable,<\/li>\n<li>dise\u00f1o unico,<\/li>\n<li>logos engomados y bordados.<\/li>\n<\/ul>\n<p><span class=\"\" title=\"\"><strong>Material:<\/strong> 100% algod\u00f3n;<\/span> <span title=\"\">secciones de malla 100% poli\u00e9ster<\/span><br \/>\n<span class=\"\" title=\"\"><strong>Color:<\/strong> como se muestra<\/span><br \/>\n<span class=\"\" title=\"\"><strong>Estilo \/ modelo:<\/strong> cl\u00e1sico<\/span><br \/>\n<span class=\"\" title=\"\"><strong>Tama\u00f1os:<\/strong> S, M, L, XL, 2XL, 3XL<\/span><\/p>\n","protected":false},"excerpt":{"rendered":"<p>MNX\u00a0 sudadera <em>Revolution<\/em>, confeccionada en <strong>algod\u00f3n suave y c\u00e1lido<\/strong>. Con <strong>secciones de malla verde para un efecto visual especial<\/strong>.\u00a0 Bordado &#8220;X&#8221; en ambas mangas y logotipo de goma MNX en la manga delantera e izquierda. Logotipo MNX impreso en ambas mangas y tirador met\u00e1lico con cremallera MNX. El cord\u00f3n ajustable viene con nuevas puntas de pl\u00e1stico dise\u00f1adas MNX .\u00a0 Disponible en varias combinaciones de colores.<\/p>\n","protected":false},"featured_media":329200,"comment_status":"open","ping_status":"closed","template":"","meta":[],"product_brand":[],"product_cat":[2494,2512,3071],"product_tag":[],"class_list":{"0":"post-264331","1":"product","2":"type-product","3":"status-publish","4":"has-post-thumbnail","6":"product_cat-hombres","7":"product_cat-sudaderas","8":"product_cat-sudaderas-con-capucha","9":"yith_product_brand-mnx-es","11":"first","12":"instock","13":"sale","14":"featured","15":"taxable","16":"shipping-taxable","17":"purchasable","18":"product-type-variable"},"exclude_global_add_ons":[],"addons":[],"_links":{"self":[{"href":"https:\/\/mnxsportswear.com\/es\/wp-json\/wp\/v2\/product\/264331","targetHints":{"allow":["GET"]}}],"collection":[{"href":"https:\/\/mnxsportswear.com\/es\/wp-json\/wp\/v2\/product"}],"about":[{"href":"https:\/\/mnxsportswear.com\/es\/wp-json\/wp\/v2\/types\/product"}],"replies":[{"embeddable":true,"href":"https:\/\/mnxsportswear.com\/es\/wp-json\/wp\/v2\/comments?post=264331"}],"version-history":[{"count":1,"href":"https:\/\/mnxsportswear.com\/es\/wp-json\/wp\/v2\/product\/264331\/revisions"}],"predecessor-version":[{"id":407078,"href":"https:\/\/mnxsportswear.com\/es\/wp-json\/wp\/v2\/product\/264331\/revisions\/407078"}],"wp:featuredmedia":[{"embeddable":true,"href":"https:\/\/mnxsportswear.com\/es\/wp-json\/wp\/v2\/media\/329200"}],"wp:attachment":[{"href":"https:\/\/mnxsportswear.com\/es\/wp-json\/wp\/v2\/media?parent=264331"}],"wp:term":[{"taxonomy":"product_brand","embeddable":true,"href":"https:\/\/mnxsportswear.com\/es\/wp-json\/wp\/v2\/product_brand?post=264331"},{"taxonomy":"product_cat","embeddable":true,"href":"https:\/\/mnxsportswear.com\/es\/wp-json\/wp\/v2\/product_cat?post=264331"},{"taxonomy":"product_tag","embeddable":true,"href":"https:\/\/mnxsportswear.com\/es\/wp-json\/wp\/v2\/product_tag?post=264331"}],"curies":[{"name":"wp","href":"https:\/\/api.w.org\/{rel}","templated":true}]}}