{"id":264470,"date":"2015-08-01T16:22:40","date_gmt":"2015-08-01T14:22:40","guid":{"rendered":"https:\/\/mnxsportswear.com\/product\/mnx-hoodie-black\/"},"modified":"2026-03-01T18:17:19","modified_gmt":"2026-03-01T17:17:19","slug":"mnx-sudadera-con-capucha-classic","status":"publish","type":"product","link":"https:\/\/mnxsportswear.com\/es\/product\/mnx-sudadera-con-capucha-classic\/","title":{"rendered":"MNX Sudadera con capucha Classic"},"content":{"rendered":"<p><span class=\"tlid-translation translation\" lang=\"es\"><span class=\"\" title=\"\">Sudadera con capucha de algod\u00f3n MNX con un dise\u00f1o \u00fanico.<br \/>\n<\/span><\/span><\/p>\n<ul>\n<li>Hecho de mezcla de algod\u00f3n suave y ligero para una m\u00e1xima comodidad,<\/li>\n<li>con bolsillos,<\/li>\n<li>capucha con cord\u00f3n para un ajuste regulable,<\/li>\n<li>logo bordado en el pecho y gorra.<\/li>\n<\/ul>\n<p><span class=\"\" title=\"\"><strong>Material:<\/strong> 92% algod\u00f3n;<\/span> 8<span title=\"\">% poli\u00e9ster<br \/>\n<\/span><span class=\"\" title=\"\"><strong>Color:<\/strong> como se muestra<br \/>\n<\/span><span class=\"\" title=\"\"><strong>Estilo \/ modelo:<\/strong> cl\u00e1sico<\/span><br \/>\n<span class=\"\" title=\"\"><strong>Tama\u00f1os:<\/strong> S, M, L, XL, 2XL, 3XL<\/span><\/p>\n<p><em><span class=\"tlid-translation translation\" lang=\"es\">El modelo en la foto (185cm \/ 110kg) lleva XXL.<\/span><\/em><\/p>\n<p><strong>TABLA DE TALLAS (medidas en cm):<\/strong><\/p>\n<table border=\"0\" cellspacing=\"0\">\n<colgroup width=\"174\"><\/colgroup>\n<colgroup span=\"6\" width=\"85\"><\/colgroup>\n<tbody>\n<tr>\n<td align=\"left\" height=\"20\"><\/td>\n<td align=\"right\"><b>S<\/b><\/td>\n<td align=\"right\"><b>M<\/b><\/td>\n<td align=\"right\"><b>L<\/b><\/td>\n<td align=\"right\"><strong>XL<\/strong><\/td>\n<td align=\"right\"><strong>XXL<\/strong><\/td>\n<td align=\"right\"><strong>3XL<\/strong><\/td>\n<\/tr>\n<tr>\n<td align=\"left\" height=\"23\">LONGITUD<\/td>\n<td align=\"right\">96<\/td>\n<td align=\"right\">98<\/td>\n<td align=\"right\">102<\/td>\n<td align=\"right\">106<\/td>\n<td align=\"right\">111<\/td>\n<td align=\"right\">117<\/td>\n<\/tr>\n<tr>\n<td align=\"left\" height=\"24\">ANCHO DEL PECHO<\/td>\n<td align=\"right\">57<\/td>\n<td align=\"right\">59<\/td>\n<td align=\"right\">61<\/td>\n<td align=\"right\">63<\/td>\n<td align=\"right\">65<\/td>\n<td align=\"right\">67<\/td>\n<\/tr>\n<tr>\n<td align=\"left\" height=\"21\">LONGITUD DEL BRAZO<\/td>\n<td align=\"right\">61<\/td>\n<td align=\"right\">63<\/td>\n<td align=\"right\">65<\/td>\n<td align=\"right\">67<\/td>\n<td align=\"right\">69<\/td>\n<td align=\"right\">71<\/td>\n<\/tr>\n<\/tbody>\n<\/table>\n<p>&nbsp;<\/p>\n<p><strong>Instrucciones de cuidado:<\/strong><br \/>\nLavar a 30 \u00b0C, lavado normal, no usar lej\u00eda, no secar en secadora, no planchar en caliente (110 \u00b0C), tener cuidado al planchar con vapor, no lavar en seco.<\/p>\n","protected":false},"excerpt":{"rendered":"<p>Sudadera con capucha MNX Classic con logotipos bordados y material suave de calidad. Es ideal para climas m\u00e1s fr\u00edos gracias al tejido c\u00e1lido.<\/p>\n","protected":false},"featured_media":361369,"comment_status":"open","ping_status":"closed","template":"","meta":[],"product_brand":[],"product_cat":[2494,2512,3071],"product_tag":[],"class_list":{"0":"post-264470","1":"product","2":"type-product","3":"status-publish","4":"has-post-thumbnail","6":"product_cat-hombres","7":"product_cat-sudaderas","8":"product_cat-sudaderas-con-capucha","9":"yith_product_brand-mnx-es","11":"first","12":"outofstock","13":"sale","14":"taxable","15":"shipping-taxable","16":"purchasable","17":"product-type-variable"},"exclude_global_add_ons":[],"addons":[],"_links":{"self":[{"href":"https:\/\/mnxsportswear.com\/es\/wp-json\/wp\/v2\/product\/264470","targetHints":{"allow":["GET"]}}],"collection":[{"href":"https:\/\/mnxsportswear.com\/es\/wp-json\/wp\/v2\/product"}],"about":[{"href":"https:\/\/mnxsportswear.com\/es\/wp-json\/wp\/v2\/types\/product"}],"replies":[{"embeddable":true,"href":"https:\/\/mnxsportswear.com\/es\/wp-json\/wp\/v2\/comments?post=264470"}],"version-history":[{"count":0,"href":"https:\/\/mnxsportswear.com\/es\/wp-json\/wp\/v2\/product\/264470\/revisions"}],"wp:featuredmedia":[{"embeddable":true,"href":"https:\/\/mnxsportswear.com\/es\/wp-json\/wp\/v2\/media\/361369"}],"wp:attachment":[{"href":"https:\/\/mnxsportswear.com\/es\/wp-json\/wp\/v2\/media?parent=264470"}],"wp:term":[{"taxonomy":"product_brand","embeddable":true,"href":"https:\/\/mnxsportswear.com\/es\/wp-json\/wp\/v2\/product_brand?post=264470"},{"taxonomy":"product_cat","embeddable":true,"href":"https:\/\/mnxsportswear.com\/es\/wp-json\/wp\/v2\/product_cat?post=264470"},{"taxonomy":"product_tag","embeddable":true,"href":"https:\/\/mnxsportswear.com\/es\/wp-json\/wp\/v2\/product_tag?post=264470"}],"curies":[{"name":"wp","href":"https:\/\/api.w.org\/{rel}","templated":true}]}}