{"id":264790,"date":"2016-06-03T16:37:17","date_gmt":"2016-06-03T14:37:17","guid":{"rendered":"https:\/\/mnxsportswear.com\/product\/mnx-wrist-wraps-grey-camo-look\/"},"modified":"2026-03-01T18:22:16","modified_gmt":"2026-03-01T17:22:16","slug":"mnx-wrist-wraps-grey-camo-look","status":"publish","type":"product","link":"https:\/\/mnxsportswear.com\/es\/product\/mnx-wrist-wraps-grey-camo-look\/","title":{"rendered":"MNX Mu\u00f1equeras camo gris, pesadas y suaves de 18&#8221;"},"content":{"rendered":"<p>MNX Wrist wraps.<\/p>\n<p><strong>Material:<\/strong> 100% elast\u00e1n<\/p>\n<p><strong>Color: <\/strong>Como se muestra<\/p>\n<p><strong>IMPORTANTE<\/strong>: <span class=\"tlid-translation translation\" lang=\"es\"><span class=\"\" title=\"\">No lave las correas en la lavadora y seque al aire solamente.<\/span><\/span><\/p>\n<p>&nbsp;<\/p>\n","protected":false},"excerpt":{"rendered":"<p>Las mu\u00f1equeras MNX para levantadores de potencia y prensas pesadas est\u00e1n fabricadas con la mezcla m\u00e1s pesada de algod\u00f3n y elastano para un soporte superior y duradero. Las mu\u00f1equeras brindan el apoyo y la estabilidad que tanto necesitan en sus elevadores m\u00e1s pesados. Tambi\u00e9n proteger\u00e1n su mu\u00f1eca contra lesiones.<\/p>\n<p>&nbsp;<\/p>\n","protected":false},"featured_media":396774,"comment_status":"open","ping_status":"closed","template":"","meta":[],"product_brand":[],"product_cat":[2520,2523],"product_tag":[],"class_list":{"0":"post-264790","1":"product","2":"type-product","3":"status-publish","4":"has-post-thumbnail","6":"product_cat-accesorios-es","7":"product_cat-wrist-wraps-y-straps-es","8":"yith_product_brand-mnx-es","10":"first","11":"outofstock","12":"sale","13":"taxable","14":"shipping-taxable","15":"purchasable","16":"product-type-simple"},"exclude_global_add_ons":[],"addons":[],"_links":{"self":[{"href":"https:\/\/mnxsportswear.com\/es\/wp-json\/wp\/v2\/product\/264790","targetHints":{"allow":["GET"]}}],"collection":[{"href":"https:\/\/mnxsportswear.com\/es\/wp-json\/wp\/v2\/product"}],"about":[{"href":"https:\/\/mnxsportswear.com\/es\/wp-json\/wp\/v2\/types\/product"}],"replies":[{"embeddable":true,"href":"https:\/\/mnxsportswear.com\/es\/wp-json\/wp\/v2\/comments?post=264790"}],"version-history":[{"count":1,"href":"https:\/\/mnxsportswear.com\/es\/wp-json\/wp\/v2\/product\/264790\/revisions"}],"predecessor-version":[{"id":396776,"href":"https:\/\/mnxsportswear.com\/es\/wp-json\/wp\/v2\/product\/264790\/revisions\/396776"}],"wp:featuredmedia":[{"embeddable":true,"href":"https:\/\/mnxsportswear.com\/es\/wp-json\/wp\/v2\/media\/396774"}],"wp:attachment":[{"href":"https:\/\/mnxsportswear.com\/es\/wp-json\/wp\/v2\/media?parent=264790"}],"wp:term":[{"taxonomy":"product_brand","embeddable":true,"href":"https:\/\/mnxsportswear.com\/es\/wp-json\/wp\/v2\/product_brand?post=264790"},{"taxonomy":"product_cat","embeddable":true,"href":"https:\/\/mnxsportswear.com\/es\/wp-json\/wp\/v2\/product_cat?post=264790"},{"taxonomy":"product_tag","embeddable":true,"href":"https:\/\/mnxsportswear.com\/es\/wp-json\/wp\/v2\/product_tag?post=264790"}],"curies":[{"name":"wp","href":"https:\/\/api.w.org\/{rel}","templated":true}]}}