{"id":264833,"date":"2015-08-02T09:44:06","date_gmt":"2015-08-02T08:44:06","guid":{"rendered":"https:\/\/mnxsportswear.com\/product\/mnx-lifting-straps-pink\/"},"modified":"2026-03-02T04:14:32","modified_gmt":"2026-03-02T03:14:32","slug":"mnx-lifting-straps-pink","status":"publish","type":"product","link":"https:\/\/mnxsportswear.com\/es\/product\/mnx-lifting-straps-pink\/","title":{"rendered":"MNX Cintas para levantamiento Rosa"},"content":{"rendered":"<p>MNX Lifting straps in pink color.<\/p>\n<p><strong>Material:<\/strong> 100% algod\u00f3n<\/p>\n<p><strong>Color: <\/strong>Como se muestra<\/p>\n<p><strong>IMPORTANTE<\/strong>: <span class=\"tlid-translation translation\" lang=\"es\"><span class=\"\" title=\"\">No lave las correas en la lavadora y seque al aire solamente.<\/span><\/span><\/p>\n<p>&nbsp;<\/p>\n<p>&nbsp;<\/p>\n","protected":false},"excerpt":{"rendered":"<p>Cintas para levantamiento de pesas ajustables, hechas de algod\u00f3n (lona), con cojines de almohadilla para la mu\u00f1eca para mayor comodidad y protecci\u00f3n de la mu\u00f1eca.<\/p>\n<p>&nbsp;<\/p>\n","protected":false},"featured_media":396849,"comment_status":"open","ping_status":"closed","template":"","meta":[],"product_brand":[],"product_cat":[2520,2523],"product_tag":[],"class_list":{"0":"post-264833","1":"product","2":"type-product","3":"status-publish","4":"has-post-thumbnail","6":"product_cat-accesorios-es","7":"product_cat-wrist-wraps-y-straps-es","8":"yith_product_brand-mnx-es","10":"first","11":"instock","12":"sale","13":"taxable","14":"shipping-taxable","15":"purchasable","16":"product-type-simple"},"exclude_global_add_ons":[],"addons":[],"_links":{"self":[{"href":"https:\/\/mnxsportswear.com\/es\/wp-json\/wp\/v2\/product\/264833","targetHints":{"allow":["GET"]}}],"collection":[{"href":"https:\/\/mnxsportswear.com\/es\/wp-json\/wp\/v2\/product"}],"about":[{"href":"https:\/\/mnxsportswear.com\/es\/wp-json\/wp\/v2\/types\/product"}],"replies":[{"embeddable":true,"href":"https:\/\/mnxsportswear.com\/es\/wp-json\/wp\/v2\/comments?post=264833"}],"version-history":[{"count":1,"href":"https:\/\/mnxsportswear.com\/es\/wp-json\/wp\/v2\/product\/264833\/revisions"}],"predecessor-version":[{"id":396851,"href":"https:\/\/mnxsportswear.com\/es\/wp-json\/wp\/v2\/product\/264833\/revisions\/396851"}],"wp:featuredmedia":[{"embeddable":true,"href":"https:\/\/mnxsportswear.com\/es\/wp-json\/wp\/v2\/media\/396849"}],"wp:attachment":[{"href":"https:\/\/mnxsportswear.com\/es\/wp-json\/wp\/v2\/media?parent=264833"}],"wp:term":[{"taxonomy":"product_brand","embeddable":true,"href":"https:\/\/mnxsportswear.com\/es\/wp-json\/wp\/v2\/product_brand?post=264833"},{"taxonomy":"product_cat","embeddable":true,"href":"https:\/\/mnxsportswear.com\/es\/wp-json\/wp\/v2\/product_cat?post=264833"},{"taxonomy":"product_tag","embeddable":true,"href":"https:\/\/mnxsportswear.com\/es\/wp-json\/wp\/v2\/product_tag?post=264833"}],"curies":[{"name":"wp","href":"https:\/\/api.w.org\/{rel}","templated":true}]}}